{"id":5967,"date":"2009-05-09T16:49:54","date_gmt":"2009-05-09T15:49:54","guid":{"rendered":"https:\/\/kts-duebel.de\/dowel-technology\/pipe-bracket-re-number-one\/"},"modified":"2022-10-05T12:57:57","modified_gmt":"2022-10-05T11:57:57","slug":"pipe-bracket-re-number-one","status":"publish","type":"page","link":"https:\/\/kts-duebel.de\/en\/pipe-bracket-re-number-one\/","title":{"rendered":"Pipe bracket &#8211; RE &#8211; NUMBER ONE"},"content":{"rendered":"<p>[et_pb_section fb_built=&#8221;1&#8243; custom_padding_last_edited=&#8221;on|desktop&#8221; admin_label=&#8221;section&#8221; _builder_version=&#8221;4.16&#8243; background_color=&#8221;#ffffff&#8221; custom_padding_tablet=&#8221;50px|0|50px|0&#8243; custom_padding_phone=&#8221;&#8221; transparent_background=&#8221;off&#8221; padding_mobile=&#8221;off&#8221; make_fullwidth=&#8221;off&#8221; use_custom_width=&#8221;off&#8221; width_unit=&#8221;on&#8221; global_colors_info=&#8221;{}&#8221;][et_pb_row column_structure=&#8221;1_2,1_2&#8243; padding_mobile=&#8221;off&#8221; admin_label=&#8221;row&#8221; _builder_version=&#8221;4.16&#8243; background_size=&#8221;initial&#8221; background_position=&#8221;top_left&#8221; background_repeat=&#8221;repeat&#8221; make_fullwidth=&#8221;off&#8221; use_custom_width=&#8221;off&#8221; width_unit=&#8221;on&#8221; global_colors_info=&#8221;{}&#8221;][et_pb_column type=&#8221;1_2&#8243; _builder_version=&#8221;4.16&#8243; custom_padding=&#8221;|||&#8221; global_colors_info=&#8221;{}&#8221; custom_padding__hover=&#8221;|||&#8221;][et_pb_image src=&#8221;https:\/\/kts-duebel.de\/wp-content\/uploads\/2009\/05\/RB-doppel.jpg&#8221; align_tablet=&#8221;center&#8221; align_phone=&#8221;&#8221; align_last_edited=&#8221;on|desktop&#8221; admin_label=&#8221;Bild&#8221; _builder_version=&#8221;4.16&#8243; max_width=&#8221;300px&#8221; custom_margin=&#8221;|50px||100px&#8221; animation=&#8221;off&#8221; sticky=&#8221;off&#8221; use_border_color=&#8221;off&#8221; border_color=&#8221;#ffffff&#8221; border_style=&#8221;solid&#8221; always_center_on_mobile=&#8221;on&#8221; global_colors_info=&#8221;{}&#8221;] [\/et_pb_image][et_pb_image src=&#8221;https:\/\/kts-duebel.de\/wp-content\/uploads\/2009\/05\/RB-einfach.jpg&#8221; align_tablet=&#8221;center&#8221; align_phone=&#8221;&#8221; align_last_edited=&#8221;on|desktop&#8221; admin_label=&#8221;Bild&#8221; _builder_version=&#8221;4.16&#8243; max_width=&#8221;300px&#8221; custom_margin=&#8221;|50px||100px&#8221; animation=&#8221;off&#8221; sticky=&#8221;off&#8221; use_border_color=&#8221;off&#8221; border_color=&#8221;#ffffff&#8221; border_style=&#8221;solid&#8221; always_center_on_mobile=&#8221;on&#8221; global_colors_info=&#8221;{}&#8221;] [\/et_pb_image][\/et_pb_column][et_pb_column type=&#8221;1_2&#8243; _builder_version=&#8221;4.16&#8243; custom_padding=&#8221;|||&#8221; global_colors_info=&#8221;{}&#8221; custom_padding__hover=&#8221;|||&#8221;][et_pb_text admin_label=&#8221;Text&#8221; _builder_version=&#8221;4.16&#8243; background_size=&#8221;initial&#8221; background_position=&#8221;top_left&#8221; background_repeat=&#8221;repeat&#8221; custom_margin=&#8221;|50||&#8221; use_border_color=&#8221;off&#8221; border_color=&#8221;#ffffff&#8221; border_style=&#8221;solid&#8221; global_colors_info=&#8221;{}&#8221;]<\/p>\n<h2>Pipe bracket &#8211; RE &#8211; NUMBER ONE<\/h2>\n<p>USE: Concrete, aerated concrete, solid stone and natural stone<\/p>\n<p>After drilling a 6 mm hole, you can hammer this KTS pipe clip straight into the masonry. The special flaps give it maximum grip. Rigid or flexible pipes can then be attached.<\/p>\n<p>[\/et_pb_text][\/et_pb_column][\/et_pb_row][et_pb_row padding_mobile=&#8221;off&#8221; column_padding_mobile=&#8221;on&#8221; admin_label=&#8221;row&#8221; _builder_version=&#8221;4.16&#8243; background_size=&#8221;initial&#8221; background_position=&#8221;top_left&#8221; background_repeat=&#8221;repeat&#8221; make_fullwidth=&#8221;off&#8221; use_custom_width=&#8221;off&#8221; width_unit=&#8221;on&#8221; custom_width_px=&#8221;700&#8243; global_colors_info=&#8221;{}&#8221;][et_pb_column type=&#8221;4_4&#8243; _builder_version=&#8221;4.16&#8243; custom_padding=&#8221;|||&#8221; global_colors_info=&#8221;{}&#8221; custom_padding__hover=&#8221;|||&#8221;][et_pb_text admin_label=&#8221;Text&#8221; _builder_version=&#8221;4.16&#8243; background_color=&#8221;#ffffff&#8221; background_size=&#8221;initial&#8221; background_position=&#8221;top_left&#8221; background_repeat=&#8221;repeat&#8221; use_border_color=&#8221;off&#8221; border_color=&#8221;#ffffff&#8221; border_style=&#8221;solid&#8221; global_colors_info=&#8221;{}&#8221;]<\/p>\n<table class=\"producttable\" border=\"0\">\n<thead>\n<tr>\n<th colspan=\"5\">Technical data RB &#8211; Simple pipe clip<\/th>\n<\/tr>\n<\/thead>\n<tbody>\n<tr>\n<td><\/td>\n<td>Tube \u00d8<\/td>\n<td><strong>14 &#8211; 18 mm<\/strong><\/td>\n<td><strong>20 &#8211; 25 mm<\/strong><\/td>\n<td><strong>25 &#8211; 28 mm<\/strong><\/td>\n<\/tr>\n<tr>\n<td>Article-No.<\/td>\n<td><\/td>\n<td>2061141811<\/td>\n<td>2061202511<\/td>\n<td>2061252811<\/td>\n<\/tr>\n<tr>\n<td>Packaging unit<\/td>\n<td>Piece<\/td>\n<td>100 \/ 1000<\/td>\n<td>100 \/ 500<\/td>\n<td>100 \/ 500<\/td>\n<\/tr>\n<tr>\n<td>Weight per packing unit<\/td>\n<td><\/td>\n<td>1,25 kg.<\/td>\n<td>1.8 kg.<\/td>\n<td>1.9 kg.<\/td>\n<\/tr>\n<\/tbody>\n<\/table>\n<p>&nbsp;<\/p>\n<table class=\"producttable\" border=\"0\">\n<thead>\n<tr>\n<th colspan=\"4\">Technical data RB &#8211; Double-sided pipe clip<\/th>\n<\/tr>\n<\/thead>\n<tbody>\n<tr>\n<td><\/td>\n<td>Tube \u00d8<\/td>\n<td><strong>20 &#8211; 25 mm<\/strong><\/td>\n<td><strong>25 &#8211; 28 mm<\/strong><\/td>\n<\/tr>\n<tr>\n<td>Article-No.<\/td>\n<td><\/td>\n<td>2062202511<\/td>\n<td>2062252811<\/td>\n<\/tr>\n<tr>\n<td>Packaging unit<\/td>\n<td>Piece<\/td>\n<td>100 \/ 500<\/td>\n<td>100 \/ 500<\/td>\n<\/tr>\n<tr>\n<td>Weight per packing unit<\/td>\n<td><\/td>\n<td>3.4 kg.<\/td>\n<td>3.1 kg.<\/td>\n<\/tr>\n<\/tbody>\n<\/table>\n<p>[\/et_pb_text][\/et_pb_column][\/et_pb_row][\/et_pb_section]<\/p>\n","protected":false},"excerpt":{"rendered":"<p>Pipe bracket &#8211; RE &#8211; NUMBER ONE USE: Concrete, aerated concrete, solid stone and natural stone After drilling a 6 mm hole, you can hammer this KTS pipe clip straight into the masonry. The special flaps give it maximum grip. Rigid or flexible pipes can then be attached. Technical data RB &#8211; Simple pipe clip [&hellip;]<\/p>\n","protected":false},"author":2,"featured_media":0,"parent":0,"menu_order":88,"comment_status":"closed","ping_status":"closed","template":"","meta":{"_et_pb_use_builder":"on","_et_pb_old_content":"<table border=\"0\"><tbody><tr><td valign=\"top\"><p><img class=\"alignnone size-full wp-image-179\" title=\"RB - Rohrb\u00fcgel\" src=\"https:\/\/kts-duebel.de\/wp-content\/uploads\/2009\/05\/18_1.jpg\" alt=\"RB - Rohrb\u00fcgel\" width=\"309\" height=\"181\" \/>\u00a0<\/p><p>\u00a0<\/p><p><img class=\"alignnone size-full wp-image-180\" title=\"RB - Rohrb\u00fcgel\" src=\"https:\/\/kts-duebel.de\/wp-content\/uploads\/2009\/05\/18_2.jpg\" alt=\"RB - Rohrb\u00fcgel\" width=\"309\" height=\"181\" \/><\/p><\/td><td style=\"width: 25px;\">\u00a0<\/td><td valign=\"top\"><p>EINSATZBEREICH: Beton, Porenbeton, Vollstein, Naturstein.<\/p><p>Der KTS Rohrb\u00fcgel wird direkt in das jeweilige Mauerwerk nach einer Vorbohrung von 6 mm eingeschlagen. Die speziellen Lamellen sorgen f\u00fcr optimalen Halt. Anschlie\u00dfend k\u00f6nnen starre und flexible Rohre befestigt werden.<\/p><\/td><\/tr><\/tbody><\/table><p>\u00a0<\/p><table class=\"producttable\" border=\"0\"><thead><tr style=\"background-color: #dcdcdc;\"><th colspan=\"5\">Leistungsdaten RB - Einzelrohrb\u00fcgel<\/th><\/tr><\/thead><tbody><tr><td>\u00a0<\/td><td style=\"text-align: center;\">Rohr \u00d8<\/td><td style=\"text-align: center;\"><strong>14 - 18 mm<\/strong><\/td><td style=\"text-align: center;\"><strong>20 - 25 mm<\/strong><\/td><td style=\"text-align: center;\"><strong>25 - 28 mm<\/strong><\/td><\/tr><tr style=\"background-color: #dcdcdc;\"><td>Artikelnummer<\/td><td style=\"text-align: center;\">\u00a0<\/td><td style=\"text-align: center;\">2061141811<\/td><td style=\"text-align: center;\">2061202511<\/td><td style=\"text-align: center;\">2061252811<\/td><\/tr><tr><td>Verpackungseinheit<\/td><td style=\"text-align: center;\">St\u00fcck<\/td><td style=\"text-align: center;\">100 \/ 1000<\/td><td style=\"text-align: center;\">100 \/ 500<\/td><td style=\"text-align: center;\">100 \/ 500<\/td><\/tr><tr style=\"background-color: #dcdcdc;\"><td>Gewicht pro VE<\/td><td style=\"text-align: center;\">\u00a0<\/td><td style=\"text-align: center;\">1,25 kg.<\/td><td style=\"text-align: center;\">1,8 kg.<\/td><td style=\"text-align: center;\">1,9 kg.<\/td><\/tr><\/tbody><\/table><p>\u00a0<\/p><table class=\"producttable\" border=\"0\"><thead><tr style=\"background-color: #dcdcdc;\"><th colspan=\"4\">Leistungsdaten RB - Doppelrohrb\u00fcgel<\/th><\/tr><\/thead><tbody><tr><td>\u00a0<\/td><td style=\"text-align: center;\">Rohr \u00d8<\/td><td style=\"text-align: center;\"><strong>20 - 25 mm<\/strong><\/td><td style=\"text-align: center;\"><strong>25 - 28 mm<\/strong><\/td><\/tr><tr style=\"background-color: #dcdcdc;\"><td>Artikelnummer<\/td><td style=\"text-align: center;\">\u00a0<\/td><td style=\"text-align: center;\">2062202511<\/td><td style=\"text-align: center;\">2062252811<\/td><\/tr><tr><td>Verpackungseinheit<\/td><td style=\"text-align: center;\">St\u00fcck<\/td><td style=\"text-align: center;\">100 \/ 500<\/td><td style=\"text-align: center;\">100 \/ 500<\/td><\/tr><tr style=\"background-color: #dcdcdc;\"><td>Gewicht pro VE<\/td><td style=\"text-align: center;\">\u00a0<\/td><td style=\"text-align: center;\">3,4 kg.<\/td><td style=\"text-align: center;\">3,1 kg.<\/td><\/tr><\/tbody><\/table>","_et_gb_content_width":"","footnotes":""},"class_list":["post-5967","page","type-page","status-publish","hentry"],"yoast_head":"<!-- This site is optimized with the Yoast SEO plugin v26.9 - https:\/\/yoast.com\/product\/yoast-seo-wordpress\/ -->\n<title>Pipe bracket - RE - NUMBER ONE &#183; KTS Kunststofftechnik - D\u00fcbel \/ Befestigungstechnik<\/title>\n<meta name=\"description\" content=\"NUMBER ONE - RB - Pipe stirrup - APPLICATION: concrete, aerated concrete, solid stone, natural stone.\" \/>\n<meta name=\"robots\" content=\"index, follow, max-snippet:-1, max-image-preview:large, max-video-preview:-1\" \/>\n<link rel=\"canonical\" href=\"https:\/\/kts-duebel.de\/en\/pipe-bracket-re-number-one\/\" \/>\n<meta property=\"og:locale\" content=\"en_US\" \/>\n<meta property=\"og:type\" content=\"article\" \/>\n<meta property=\"og:title\" content=\"Pipe bracket - RE - NUMBER ONE &#183; KTS Kunststofftechnik - D\u00fcbel \/ Befestigungstechnik\" \/>\n<meta property=\"og:description\" content=\"NUMBER ONE - RB - Pipe stirrup - APPLICATION: concrete, aerated concrete, solid stone, natural stone.\" \/>\n<meta property=\"og:url\" content=\"https:\/\/kts-duebel.de\/en\/pipe-bracket-re-number-one\/\" \/>\n<meta property=\"og:site_name\" content=\"KTS Kunststofftechnik - D\u00fcbel \/ Befestigungstechnik\" \/>\n<meta property=\"article:publisher\" content=\"https:\/\/www.facebook.com\/KtS-Kunststofftechnik-GmbH-111544753881915\/\" \/>\n<meta property=\"article:modified_time\" content=\"2022-10-05T11:57:57+00:00\" \/>\n<meta name=\"twitter:card\" content=\"summary_large_image\" \/>\n<meta name=\"twitter:label1\" content=\"Est. reading time\" \/>\n\t<meta name=\"twitter:data1\" content=\"2 minutes\" \/>\n<script type=\"application\/ld+json\" class=\"yoast-schema-graph\">{\"@context\":\"https:\/\/schema.org\",\"@graph\":[{\"@type\":\"WebPage\",\"@id\":\"https:\/\/kts-duebel.de\/en\/pipe-bracket-re-number-one\/\",\"url\":\"https:\/\/kts-duebel.de\/en\/pipe-bracket-re-number-one\/\",\"name\":\"Pipe bracket - RE - NUMBER ONE &#183; KTS Kunststofftechnik - D\u00fcbel \/ Befestigungstechnik\",\"isPartOf\":{\"@id\":\"https:\/\/kts-duebel.de\/en\/#website\"},\"datePublished\":\"2009-05-09T15:49:54+00:00\",\"dateModified\":\"2022-10-05T11:57:57+00:00\",\"description\":\"NUMBER ONE - RB - Pipe stirrup - APPLICATION: concrete, aerated concrete, solid stone, natural stone.\",\"breadcrumb\":{\"@id\":\"https:\/\/kts-duebel.de\/en\/pipe-bracket-re-number-one\/#breadcrumb\"},\"inLanguage\":\"en-US\",\"potentialAction\":[{\"@type\":\"ReadAction\",\"target\":[\"https:\/\/kts-duebel.de\/en\/pipe-bracket-re-number-one\/\"]}]},{\"@type\":\"BreadcrumbList\",\"@id\":\"https:\/\/kts-duebel.de\/en\/pipe-bracket-re-number-one\/#breadcrumb\",\"itemListElement\":[{\"@type\":\"ListItem\",\"position\":1,\"name\":\"Home\",\"item\":\"https:\/\/kts-duebel.de\/en\/\"},{\"@type\":\"ListItem\",\"position\":2,\"name\":\"Pipe bracket &#8211; RE &#8211; NUMBER ONE\"}]},{\"@type\":\"WebSite\",\"@id\":\"https:\/\/kts-duebel.de\/en\/#website\",\"url\":\"https:\/\/kts-duebel.de\/en\/\",\"name\":\"KTS Kunststofftechnik - D\u00fcbel \/ Befestigungstechnik\",\"description\":\"\",\"publisher\":{\"@id\":\"https:\/\/kts-duebel.de\/en\/#organization\"},\"potentialAction\":[{\"@type\":\"SearchAction\",\"target\":{\"@type\":\"EntryPoint\",\"urlTemplate\":\"https:\/\/kts-duebel.de\/en\/?s={search_term_string}\"},\"query-input\":{\"@type\":\"PropertyValueSpecification\",\"valueRequired\":true,\"valueName\":\"search_term_string\"}}],\"inLanguage\":\"en-US\"},{\"@type\":\"Organization\",\"@id\":\"https:\/\/kts-duebel.de\/en\/#organization\",\"name\":\"KTS Kunststofftechnik GmbH\",\"url\":\"https:\/\/kts-duebel.de\/en\/\",\"logo\":{\"@type\":\"ImageObject\",\"inLanguage\":\"en-US\",\"@id\":\"https:\/\/kts-duebel.de\/en\/#\/schema\/logo\/image\/\",\"url\":\"https:\/\/kts-duebel.de\/wp-content\/uploads\/2016\/03\/logo.png\",\"contentUrl\":\"https:\/\/kts-duebel.de\/wp-content\/uploads\/2016\/03\/logo.png\",\"width\":512,\"height\":512,\"caption\":\"KTS Kunststofftechnik GmbH\"},\"image\":{\"@id\":\"https:\/\/kts-duebel.de\/en\/#\/schema\/logo\/image\/\"},\"sameAs\":[\"https:\/\/www.facebook.com\/KtS-Kunststofftechnik-GmbH-111544753881915\/\"]}]}<\/script>\n<!-- \/ Yoast SEO plugin. -->","yoast_head_json":{"title":"Pipe bracket - RE - NUMBER ONE &#183; KTS Kunststofftechnik - D\u00fcbel \/ Befestigungstechnik","description":"NUMBER ONE - RB - Pipe stirrup - APPLICATION: concrete, aerated concrete, solid stone, natural stone.","robots":{"index":"index","follow":"follow","max-snippet":"max-snippet:-1","max-image-preview":"max-image-preview:large","max-video-preview":"max-video-preview:-1"},"canonical":"https:\/\/kts-duebel.de\/en\/pipe-bracket-re-number-one\/","og_locale":"en_US","og_type":"article","og_title":"Pipe bracket - RE - NUMBER ONE &#183; KTS Kunststofftechnik - D\u00fcbel \/ Befestigungstechnik","og_description":"NUMBER ONE - RB - Pipe stirrup - APPLICATION: concrete, aerated concrete, solid stone, natural stone.","og_url":"https:\/\/kts-duebel.de\/en\/pipe-bracket-re-number-one\/","og_site_name":"KTS Kunststofftechnik - D\u00fcbel \/ Befestigungstechnik","article_publisher":"https:\/\/www.facebook.com\/KtS-Kunststofftechnik-GmbH-111544753881915\/","article_modified_time":"2022-10-05T11:57:57+00:00","twitter_card":"summary_large_image","twitter_misc":{"Est. reading time":"2 minutes"},"schema":{"@context":"https:\/\/schema.org","@graph":[{"@type":"WebPage","@id":"https:\/\/kts-duebel.de\/en\/pipe-bracket-re-number-one\/","url":"https:\/\/kts-duebel.de\/en\/pipe-bracket-re-number-one\/","name":"Pipe bracket - RE - NUMBER ONE &#183; KTS Kunststofftechnik - D\u00fcbel \/ Befestigungstechnik","isPartOf":{"@id":"https:\/\/kts-duebel.de\/en\/#website"},"datePublished":"2009-05-09T15:49:54+00:00","dateModified":"2022-10-05T11:57:57+00:00","description":"NUMBER ONE - RB - Pipe stirrup - APPLICATION: concrete, aerated concrete, solid stone, natural stone.","breadcrumb":{"@id":"https:\/\/kts-duebel.de\/en\/pipe-bracket-re-number-one\/#breadcrumb"},"inLanguage":"en-US","potentialAction":[{"@type":"ReadAction","target":["https:\/\/kts-duebel.de\/en\/pipe-bracket-re-number-one\/"]}]},{"@type":"BreadcrumbList","@id":"https:\/\/kts-duebel.de\/en\/pipe-bracket-re-number-one\/#breadcrumb","itemListElement":[{"@type":"ListItem","position":1,"name":"Home","item":"https:\/\/kts-duebel.de\/en\/"},{"@type":"ListItem","position":2,"name":"Pipe bracket &#8211; RE &#8211; NUMBER ONE"}]},{"@type":"WebSite","@id":"https:\/\/kts-duebel.de\/en\/#website","url":"https:\/\/kts-duebel.de\/en\/","name":"KTS Kunststofftechnik - D\u00fcbel \/ Befestigungstechnik","description":"","publisher":{"@id":"https:\/\/kts-duebel.de\/en\/#organization"},"potentialAction":[{"@type":"SearchAction","target":{"@type":"EntryPoint","urlTemplate":"https:\/\/kts-duebel.de\/en\/?s={search_term_string}"},"query-input":{"@type":"PropertyValueSpecification","valueRequired":true,"valueName":"search_term_string"}}],"inLanguage":"en-US"},{"@type":"Organization","@id":"https:\/\/kts-duebel.de\/en\/#organization","name":"KTS Kunststofftechnik GmbH","url":"https:\/\/kts-duebel.de\/en\/","logo":{"@type":"ImageObject","inLanguage":"en-US","@id":"https:\/\/kts-duebel.de\/en\/#\/schema\/logo\/image\/","url":"https:\/\/kts-duebel.de\/wp-content\/uploads\/2016\/03\/logo.png","contentUrl":"https:\/\/kts-duebel.de\/wp-content\/uploads\/2016\/03\/logo.png","width":512,"height":512,"caption":"KTS Kunststofftechnik GmbH"},"image":{"@id":"https:\/\/kts-duebel.de\/en\/#\/schema\/logo\/image\/"},"sameAs":["https:\/\/www.facebook.com\/KtS-Kunststofftechnik-GmbH-111544753881915\/"]}]}},"_links":{"self":[{"href":"https:\/\/kts-duebel.de\/en\/wp-json\/wp\/v2\/pages\/5967","targetHints":{"allow":["GET"]}}],"collection":[{"href":"https:\/\/kts-duebel.de\/en\/wp-json\/wp\/v2\/pages"}],"about":[{"href":"https:\/\/kts-duebel.de\/en\/wp-json\/wp\/v2\/types\/page"}],"author":[{"embeddable":true,"href":"https:\/\/kts-duebel.de\/en\/wp-json\/wp\/v2\/users\/2"}],"replies":[{"embeddable":true,"href":"https:\/\/kts-duebel.de\/en\/wp-json\/wp\/v2\/comments?post=5967"}],"version-history":[{"count":10,"href":"https:\/\/kts-duebel.de\/en\/wp-json\/wp\/v2\/pages\/5967\/revisions"}],"predecessor-version":[{"id":6602,"href":"https:\/\/kts-duebel.de\/en\/wp-json\/wp\/v2\/pages\/5967\/revisions\/6602"}],"wp:attachment":[{"href":"https:\/\/kts-duebel.de\/en\/wp-json\/wp\/v2\/media?parent=5967"}],"curies":[{"name":"wp","href":"https:\/\/api.w.org\/{rel}","templated":true}]}}