{"id":5953,"date":"2009-05-09T13:58:28","date_gmt":"2009-05-09T12:58:28","guid":{"rendered":"https:\/\/kts-duebel.de\/dowel-technology\/universal-cavity-anchor-ub-butterfly\/"},"modified":"2022-10-05T13:00:12","modified_gmt":"2022-10-05T12:00:12","slug":"universal-cavity-anchor-ub-butterfly","status":"publish","type":"page","link":"https:\/\/kts-duebel.de\/en\/universal-cavity-anchor-ub-butterfly\/","title":{"rendered":"Universal cavity plug &#8211; UB &#8211; BUTTERFLY"},"content":{"rendered":"<p>[et_pb_section fb_built=&#8221;1&#8243; custom_padding_last_edited=&#8221;on|desktop&#8221; admin_label=&#8221;section&#8221; _builder_version=&#8221;4.16&#8243; background_color=&#8221;#ffffff&#8221; custom_padding_tablet=&#8221;50px|0|50px|0&#8243; custom_padding_phone=&#8221;&#8221; transparent_background=&#8221;off&#8221; padding_mobile=&#8221;off&#8221; make_fullwidth=&#8221;off&#8221; use_custom_width=&#8221;off&#8221; width_unit=&#8221;on&#8221; global_colors_info=&#8221;{}&#8221;][et_pb_row column_structure=&#8221;1_2,1_2&#8243; padding_mobile=&#8221;off&#8221; admin_label=&#8221;row&#8221; _builder_version=&#8221;4.16&#8243; background_size=&#8221;initial&#8221; background_position=&#8221;top_left&#8221; background_repeat=&#8221;repeat&#8221; make_fullwidth=&#8221;off&#8221; use_custom_width=&#8221;off&#8221; width_unit=&#8221;on&#8221; global_colors_info=&#8221;{}&#8221;][et_pb_column type=&#8221;1_2&#8243; _builder_version=&#8221;4.16&#8243; custom_padding=&#8221;|||&#8221; global_colors_info=&#8221;{}&#8221; custom_padding__hover=&#8221;|||&#8221;][et_pb_image src=&#8221;https:\/\/kts-duebel.de\/wp-content\/uploads\/2009\/05\/UB-1.jpg&#8221; align_tablet=&#8221;center&#8221; align_phone=&#8221;&#8221; align_last_edited=&#8221;on|desktop&#8221; admin_label=&#8221;Bild&#8221; _builder_version=&#8221;4.16&#8243; custom_margin=&#8221;|50||100&#8243; animation=&#8221;off&#8221; sticky=&#8221;off&#8221; use_border_color=&#8221;off&#8221; border_color=&#8221;#ffffff&#8221; border_style=&#8221;solid&#8221; always_center_on_mobile=&#8221;on&#8221; global_colors_info=&#8221;{}&#8221;] [\/et_pb_image][\/et_pb_column][et_pb_column type=&#8221;1_2&#8243; _builder_version=&#8221;4.16&#8243; custom_padding=&#8221;|||&#8221; global_colors_info=&#8221;{}&#8221; custom_padding__hover=&#8221;|||&#8221;][et_pb_text admin_label=&#8221;Text&#8221; _builder_version=&#8221;4.16&#8243; background_size=&#8221;initial&#8221; background_position=&#8221;top_left&#8221; background_repeat=&#8221;repeat&#8221; custom_margin=&#8221;|50||&#8221; use_border_color=&#8221;off&#8221; border_color=&#8221;#ffffff&#8221; border_style=&#8221;solid&#8221; global_colors_info=&#8221;{}&#8221;]<\/p>\n<h2>Universal cavity plug &#8211; UB &#8211; BUTTERFLY<\/h2>\n<p>USE: concrete, solid brick, perforated brick, sand-lime perforated brick, plasterboard<\/p>\n<p>Available in different sizes, enabling the relevant clamping area (max. 19 mm) to be taken into account. The KTS universal cavity plug then splays itself out in the cavity behind the surface.<\/p>\n<p>Can also be used in solid structures.<\/p>\n<p>This plug is made of high quality polyamide (nylon).<\/p>\n<p>[\/et_pb_text][\/et_pb_column][\/et_pb_row][et_pb_row padding_mobile=&#8221;off&#8221; column_padding_mobile=&#8221;on&#8221; admin_label=&#8221;row&#8221; _builder_version=&#8221;4.16&#8243; background_size=&#8221;initial&#8221; background_position=&#8221;top_left&#8221; background_repeat=&#8221;repeat&#8221; make_fullwidth=&#8221;off&#8221; use_custom_width=&#8221;off&#8221; width_unit=&#8221;on&#8221; custom_width_px=&#8221;700&#8243; global_colors_info=&#8221;{}&#8221;][et_pb_column type=&#8221;4_4&#8243; _builder_version=&#8221;4.16&#8243; custom_padding=&#8221;|||&#8221; global_colors_info=&#8221;{}&#8221; custom_padding__hover=&#8221;|||&#8221;][et_pb_text admin_label=&#8221;Text&#8221; _builder_version=&#8221;4.16&#8243; background_color=&#8221;#ffffff&#8221; background_size=&#8221;initial&#8221; background_position=&#8221;top_left&#8221; background_repeat=&#8221;repeat&#8221; use_border_color=&#8221;off&#8221; border_color=&#8221;#ffffff&#8221; border_style=&#8221;solid&#8221; global_colors_info=&#8221;{}&#8221;]<\/p>\n<div id=\"content\" class=\"narrowcolumn\">\n<div id=\"post-126\" class=\"post\">\n<div class=\"entry\">\n<table class=\"producttable\" border=\"0\">\n<thead>\n<tr>\n<th colspan=\"7\">Technical data UB &#8211; Universal cavity anchor<\/th>\n<\/tr>\n<\/thead>\n<tbody>\n<tr>\n<td><\/td>\n<td><\/td>\n<td><strong> <\/strong><\/td>\n<td><strong>8 x 8 mm<\/strong><\/td>\n<td><strong>8 x 13 mm<\/strong><\/td>\n<td><strong>8 x 16 mm<\/strong><\/td>\n<td><strong>8 x 19 mm<\/strong><\/td>\n<\/tr>\n<tr>\n<td>Article-No.<\/td>\n<td><\/td>\n<td><\/td>\n<td>1790808011<\/td>\n<td>1790813011<\/td>\n<td>1790816011<\/td>\n<td>1790819011<\/td>\n<\/tr>\n<tr>\n<td>Packaging unit<\/td>\n<td>Piece<\/td>\n<td><\/td>\n<td>200 \/ 2.000<\/td>\n<td>200 \/ 1.000<\/td>\n<td>200 \/ 1.000<\/td>\n<td>200 \/ 1.000<\/td>\n<\/tr>\n<tr>\n<td>Weight per packing unit<\/td>\n<td><\/td>\n<td><\/td>\n<td>3.2 kg.<\/td>\n<td>3.4 kg.<\/td>\n<td>3.6 kg.<\/td>\n<td>4.0 kg.<\/td>\n<\/tr>\n<\/tbody>\n<\/table>\n<p>&nbsp;<\/p>\n<table class=\"producttable\" border=\"0\">\n<thead>\n<tr>\n<th colspan=\"6\">Testing UB &#8211; Universal cavity plug<\/th>\n<\/tr>\n<\/thead>\n<tbody>\n<tr>\n<td colspan=\"6\">Material: NYLON (polyamide 6)<\/td>\n<\/tr>\n<tr>\n<td>Diameter mm<\/td>\n<td><\/td>\n<td>10<\/td>\n<td>10<\/td>\n<td>10<\/td>\n<td>10<\/td>\n<\/tr>\n<tr>\n<td>Length mm<\/td>\n<td><\/td>\n<td>50<\/td>\n<td>55<\/td>\n<td>55<\/td>\n<td>60<\/td>\n<\/tr>\n<tr>\n<td>Drill hole \u00d8 mm<\/td>\n<td><\/td>\n<td>8 &#8211; 10<\/td>\n<td>8 &#8211; 10<\/td>\n<td>8 &#8211; 10<\/td>\n<td>8 &#8211; 10<\/td>\n<\/tr>\n<tr>\n<td>Drill hole depth mm<\/td>\n<td colspan=\"5\"> = plug length + 5 mm<\/td>\n<\/tr>\n<tr>\n<td>Screw length mm<\/td>\n<td colspan=\"5\">  40 + Component to be fastened<\/td>\n<\/tr>\n<tr>\n<td>Screws \u00d8 mm<\/td>\n<td><\/td>\n<td>3,5 &#8211; 5,0<\/td>\n<td>3,5 &#8211; 5,0<\/td>\n<td>3,5 &#8211; 5,0<\/td>\n<td>3,5 &#8211; 5,0<\/td>\n<\/tr>\n<tr>\n<td>Clamping range mm<\/td>\n<td><\/td>\n<td>5 &#8211; 10<\/td>\n<td>9 &#8211; 13<\/td>\n<td>13 &#8211; 16<\/td>\n<td>16 &#8211; 19<\/td>\n<\/tr>\n<tr>\n<td>Recommended tensile load (kN)<\/td>\n<td><\/td>\n<td>Solid brick<br \/>\n0,25<\/td>\n<td>Vertical perforated brick<br \/>\n0,2<\/td>\n<td>Perforated limestone<br \/>\n0,2<\/td>\n<td>Plasterboard d = 12 mm<br \/>\n0,15<\/td>\n<\/tr>\n<tr>\n<td>Recommended transverse \/ inclined load (kN)<\/td>\n<td><\/td>\n<td>Solid brick<br \/>\n0,4<\/td>\n<td>Vertical perforated brick<br \/>\n0,3<\/td>\n<td>Perforated limestone<br \/>\n0,4<\/td>\n<td>Plasterboard d = 12 mm<br \/>\n0,2<\/td>\n<\/tr>\n<\/tbody>\n<\/table>\n<\/div>\n<\/div>\n<\/div>\n<p>[\/et_pb_text][et_pb_text admin_label=&#8221;Text&#8221; _builder_version=&#8221;4.16&#8243; background_size=&#8221;initial&#8221; background_position=&#8221;top_left&#8221; background_repeat=&#8221;repeat&#8221; text_orientation=&#8221;center&#8221; module_alignment=&#8221;center&#8221; use_border_color=&#8221;off&#8221; border_color=&#8221;#ffffff&#8221; border_style=&#8221;solid&#8221; global_colors_info=&#8221;{}&#8221;]This information should be considered as a general recommendation. This information should be regarded as general recommendations. More specifically, please note that these plugs and anchors may not be used for work subject to building inspections (e.g. for securing fa\u00e7ade substructures, roofs etc.).<br \/>\n[\/et_pb_text][\/et_pb_column][\/et_pb_row][et_pb_row admin_label=&#8221;Line&#8221; _builder_version=&#8221;4.16&#8243; background_size=&#8221;initial&#8221; background_position=&#8221;top_left&#8221; background_repeat=&#8221;repeat&#8221; global_colors_info=&#8221;{}&#8221;][et_pb_column type=&#8221;4_4&#8243; _builder_version=&#8221;4.16&#8243; custom_padding=&#8221;|||&#8221; global_colors_info=&#8221;{}&#8221; custom_padding__hover=&#8221;|||&#8221;][et_pb_image src=&#8221;https:\/\/kts-duebel.de\/wp-content\/uploads\/2009\/05\/UB-Anwendung.gif&#8221; align=&#8221;center&#8221; align_tablet=&#8221;center&#8221; align_phone=&#8221;&#8221; align_last_edited=&#8221;on|desktop&#8221; admin_label=&#8221;Bild&#8221; _builder_version=&#8221;4.16&#8243; custom_css_main_element=&#8221;display: block;||margin-left: auto !important;||margin-right: auto !important;&#8221; animation=&#8221;off&#8221; sticky=&#8221;off&#8221; use_border_color=&#8221;off&#8221; border_color=&#8221;#ffffff&#8221; border_style=&#8221;solid&#8221; always_center_on_mobile=&#8221;on&#8221; global_colors_info=&#8221;{}&#8221;] [\/et_pb_image][\/et_pb_column][\/et_pb_row][\/et_pb_section]<\/p>\n","protected":false},"excerpt":{"rendered":"<p>Universal cavity plug &#8211; UB &#8211; BUTTERFLY USE: concrete, solid brick, perforated brick, sand-lime perforated brick, plasterboard Available in different sizes, enabling the relevant clamping area (max. 19 mm) to be taken into account. The KTS universal cavity plug then splays itself out in the cavity behind the surface. Can also be used in solid [&hellip;]<\/p>\n","protected":false},"author":2,"featured_media":0,"parent":0,"menu_order":89,"comment_status":"closed","ping_status":"closed","template":"","meta":{"_et_pb_use_builder":"on","_et_pb_old_content":"<table border=\"0\"><tbody><tr><td valign=\"top\"><img class=\"alignnone size-full wp-image-127\" title=\"UB - Universalhohlraumd\u00fcbel\" src=\"https:\/\/kts-duebel.de\/wp-content\/uploads\/2009\/05\/9.jpg\" alt=\"UB - Universalhohlraumd\u00fcbel\" width=\"309\" height=\"181\" \/><\/td><td style=\"width: 25px;\">\u00a0<\/td><td valign=\"top\"><p>EINSATZBEREICH: Beton, Vollziegel, Lochziegel, Kalksandlochstein, Gipskarton<\/p><p>Durch die verschiedenen Gr\u00f6\u00dfen kann der jeweilige Klemmbereich (max. 19 mm) ber\u00fccksichtigt werden. Der KTS Universal-Hohlraumd\u00fcbel spreizt sich in dem dahinter liegenden Hohlraum auf.<\/p><p>Er kann auch in Vollbaustoffen verwendet werden.<\/p><p>Dieser D\u00fcbel wird aus hochwertigem Polyamid (Nylon) hergestellt.<\/p><\/td><\/tr><tr><td colspan=\"3\"><img class=\"alignnone size-full wp-image-130\" style=\"margin-top: 10px;\" title=\"UB - Universalhohlraumd\u00fcbel Illustration\" src=\"https:\/\/kts-duebel.de\/wp-content\/uploads\/2009\/05\/ub_illu.gif\" alt=\"UB - Universalhohlraumd\u00fcbel Illustration\" width=\"760\" height=\"280\" \/><\/td><\/tr><\/tbody><\/table><p>\u00a0<\/p><table class=\"producttable\" border=\"0\"><thead><tr style=\"background-color: #dcdcdc;\"><th colspan=\"7\">Leistungsdaten UB - Universal-Hohlraumd\u00fcbel<\/th><\/tr><\/thead><tbody><tr><td>\u00a0<\/td><td style=\"text-align: center;\">\u00a0<\/td><td style=\"text-align: center;\"><strong><br \/> <\/strong><\/td><td style=\"text-align: center;\"><strong>8 x 8 mm<\/strong><\/td><td style=\"text-align: center;\"><strong>8 x 13 mm<\/strong><\/td><td style=\"text-align: center;\"><strong>8 x 16 mm<\/strong><\/td><td style=\"text-align: center;\"><strong>8 x 19 mm<\/strong><\/td><\/tr><tr style=\"background-color: #dcdcdc;\"><td>Artikelnummer<\/td><td style=\"text-align: center;\">\u00a0<\/td><td style=\"text-align: center;\">\u00a0<\/td><td style=\"text-align: center;\">1790808011<\/td><td style=\"text-align: center;\">1790813011<\/td><td style=\"text-align: center;\">1790816011<\/td><td style=\"text-align: center;\">1790819011<\/td><\/tr><tr><td>Verpackungseinheit<\/td><td style=\"text-align: center;\">St\u00fcck<\/td><td style=\"text-align: center;\">\u00a0<\/td><td style=\"text-align: center;\">200 \/ 2.000<\/td><td style=\"text-align: center;\">200 \/ 1.000<\/td><td style=\"text-align: center;\">200 \/ 1.000<\/td><td style=\"text-align: center;\">200 \/ 1.000<\/td><\/tr><tr style=\"background-color: #dcdcdc;\"><td>Gewicht pro VE<\/td><td style=\"text-align: center;\">\u00a0<\/td><td style=\"text-align: center;\">\u00a0<\/td><td style=\"text-align: center;\">3,2 kg.<\/td><td style=\"text-align: center;\">3,4 kg.<\/td><td style=\"text-align: center;\">3,6 kg.<\/td><td style=\"text-align: center;\">4,0 kg.<\/td><\/tr><\/tbody><\/table><p>\u00a0<\/p><table class=\"producttable\" border=\"0\"><thead><tr style=\"background-color: #dcdcdc;\"><th colspan=\"6\">Werkspr\u00fcfung UB - Universal-Hohlraumd\u00fcbel<\/th><\/tr><\/thead><tbody><tr><td colspan=\"6\">Material: NYLON (Polyamid 6)<\/td><\/tr><tr style=\"background-color: #dcdcdc;\"><td>Durchmesser mm<\/td><td style=\"text-align: center;\">\u00a0<\/td><td style=\"text-align: center;\">10<\/td><td style=\"text-align: center;\">10<\/td><td style=\"text-align: center;\">10<\/td><td style=\"text-align: center;\">10<\/td><\/tr><tr><td>L\u00e4nge mm<\/td><td style=\"text-align: center;\">\u00a0<\/td><td style=\"text-align: center;\">50<\/td><td style=\"text-align: center;\">55<\/td><td style=\"text-align: center;\">55<\/td><td style=\"text-align: center;\">60<\/td><\/tr><tr style=\"background-color: #dcdcdc;\"><td>Bohrloch \u00d8 mm<\/td><td style=\"text-align: center;\">\u00a0<\/td><td style=\"text-align: center;\">8 - 10<\/td><td style=\"text-align: center;\">8 - 10<\/td><td style=\"text-align: center;\">8 - 10<\/td><td style=\"text-align: center;\">8 - 10<\/td><\/tr><tr><td>Bohrlochtiefe mm<\/td><td style=\"text-align: center;\" colspan=\"5\">= D\u00fcbell\u00e4nge + 5 mm<\/td><\/tr><tr style=\"background-color: #dcdcdc;\"><td>Schraubenl\u00e4nge mm<\/td><td style=\"text-align: center;\" colspan=\"5\">40 + zu befestigendes Bauteil<\/td><\/tr><tr><td>Schrauben \u00d8 mm<\/td><td style=\"text-align: center;\">\u00a0<\/td><td style=\"text-align: center;\">3,5 - 5,0<\/td><td style=\"text-align: center;\">3,5 - 5,0<\/td><td style=\"text-align: center;\">3,5 - 5,0<\/td><td style=\"text-align: center;\">3,5 - 5,0<\/td><\/tr><tr style=\"background-color: #dcdcdc;\"><td>Klemmbereich mm<\/td><td style=\"text-align: center;\">\u00a0<\/td><td style=\"text-align: center;\">5 - 10<\/td><td style=\"text-align: center;\">9 - 13<\/td><td style=\"text-align: center;\">13 - 16<\/td><td style=\"text-align: center;\">16 - 19<\/td><\/tr><tr><td>Empfohlene Zuglast (kN)<\/td><td style=\"text-align: center;\">\u00a0<\/td><td style=\"text-align: center;\">Vollziegel<br \/> 0,25<\/td><td style=\"text-align: center;\">Hochlochziegel<br \/> 0,2<\/td><td style=\"text-align: center;\">Kalksandlochstein<br \/> 0,2<\/td><td style=\"text-align: center;\">Gipskarton d = 12 mm<br \/> 0,15<\/td><\/tr><tr style=\"background-color: #dcdcdc;\"><td>Empfohlene Quer- \/ Schr\u00e4glast (kN)<\/td><td style=\"text-align: center;\">\u00a0<\/td><td style=\"text-align: center;\">Vollziegel<br \/> 0,4<\/td><td style=\"text-align: center;\">Hochlochziegel<br \/> 0,3<\/td><td style=\"text-align: center;\">Kalksandlochstein<br \/> 0,4<\/td><td style=\"text-align: center;\">Gipskarton d = 12 mm<br \/> 0,2<\/td><\/tr><\/tbody><\/table><p>\u00a0<\/p><p><span style=\"font-size: x-small;\">Diese Angaben sind als allgemeine Empfehlung zu betrachten. Es wird ausdr\u00fccklich darauf hingewiesen, dass diese D\u00fcbel nicht im bauaufsichtlichen Bereich (z.B. zur Befestigung von Fassadenunterkonstruktionen, D\u00e4chern usw.) verwendet werden d\u00fcrfen.<\/span><\/p>","_et_gb_content_width":"","footnotes":""},"class_list":["post-5953","page","type-page","status-publish","hentry"],"yoast_head":"<!-- This site is optimized with the Yoast SEO plugin v26.9 - https:\/\/yoast.com\/product\/yoast-seo-wordpress\/ -->\n<title>Universal cavity plug - UB - BUTTERFLY &#183; KTS Kunststofftechnik - D\u00fcbel \/ Befestigungstechnik<\/title>\n<meta name=\"description\" content=\"BUTTERFLY - UB Universal cavity plug - RANGE OF APPLICATION: concrete, solid brick, perforated brick, sand-lime perforated brick, plasterboard.\" \/>\n<meta name=\"robots\" content=\"index, follow, max-snippet:-1, max-image-preview:large, max-video-preview:-1\" \/>\n<link rel=\"canonical\" href=\"https:\/\/kts-duebel.de\/en\/universal-cavity-anchor-ub-butterfly\/\" \/>\n<meta property=\"og:locale\" content=\"en_US\" \/>\n<meta property=\"og:type\" content=\"article\" \/>\n<meta property=\"og:title\" content=\"Universal cavity plug - UB - BUTTERFLY &#183; KTS Kunststofftechnik - D\u00fcbel \/ Befestigungstechnik\" \/>\n<meta property=\"og:description\" content=\"BUTTERFLY - UB Universal cavity plug - RANGE OF APPLICATION: concrete, solid brick, perforated brick, sand-lime perforated brick, plasterboard.\" \/>\n<meta property=\"og:url\" content=\"https:\/\/kts-duebel.de\/en\/universal-cavity-anchor-ub-butterfly\/\" \/>\n<meta property=\"og:site_name\" content=\"KTS Kunststofftechnik - D\u00fcbel \/ Befestigungstechnik\" \/>\n<meta property=\"article:publisher\" content=\"https:\/\/www.facebook.com\/KtS-Kunststofftechnik-GmbH-111544753881915\/\" \/>\n<meta property=\"article:modified_time\" content=\"2022-10-05T12:00:12+00:00\" \/>\n<meta name=\"twitter:card\" content=\"summary_large_image\" \/>\n<meta name=\"twitter:label1\" content=\"Est. reading time\" \/>\n\t<meta name=\"twitter:data1\" content=\"3 minutes\" \/>\n<script type=\"application\/ld+json\" class=\"yoast-schema-graph\">{\"@context\":\"https:\/\/schema.org\",\"@graph\":[{\"@type\":\"WebPage\",\"@id\":\"https:\/\/kts-duebel.de\/en\/universal-cavity-anchor-ub-butterfly\/\",\"url\":\"https:\/\/kts-duebel.de\/en\/universal-cavity-anchor-ub-butterfly\/\",\"name\":\"Universal cavity plug - UB - BUTTERFLY &#183; KTS Kunststofftechnik - D\u00fcbel \/ Befestigungstechnik\",\"isPartOf\":{\"@id\":\"https:\/\/kts-duebel.de\/en\/#website\"},\"datePublished\":\"2009-05-09T12:58:28+00:00\",\"dateModified\":\"2022-10-05T12:00:12+00:00\",\"description\":\"BUTTERFLY - UB Universal cavity plug - RANGE OF APPLICATION: concrete, solid brick, perforated brick, sand-lime perforated brick, plasterboard.\",\"breadcrumb\":{\"@id\":\"https:\/\/kts-duebel.de\/en\/universal-cavity-anchor-ub-butterfly\/#breadcrumb\"},\"inLanguage\":\"en-US\",\"potentialAction\":[{\"@type\":\"ReadAction\",\"target\":[\"https:\/\/kts-duebel.de\/en\/universal-cavity-anchor-ub-butterfly\/\"]}]},{\"@type\":\"BreadcrumbList\",\"@id\":\"https:\/\/kts-duebel.de\/en\/universal-cavity-anchor-ub-butterfly\/#breadcrumb\",\"itemListElement\":[{\"@type\":\"ListItem\",\"position\":1,\"name\":\"Home\",\"item\":\"https:\/\/kts-duebel.de\/en\/home\/\"},{\"@type\":\"ListItem\",\"position\":2,\"name\":\"Universal cavity plug &#8211; UB &#8211; BUTTERFLY\"}]},{\"@type\":\"WebSite\",\"@id\":\"https:\/\/kts-duebel.de\/en\/#website\",\"url\":\"https:\/\/kts-duebel.de\/en\/\",\"name\":\"KTS Kunststofftechnik - D\u00fcbel \/ Befestigungstechnik\",\"description\":\"\",\"publisher\":{\"@id\":\"https:\/\/kts-duebel.de\/en\/#organization\"},\"potentialAction\":[{\"@type\":\"SearchAction\",\"target\":{\"@type\":\"EntryPoint\",\"urlTemplate\":\"https:\/\/kts-duebel.de\/en\/?s={search_term_string}\"},\"query-input\":{\"@type\":\"PropertyValueSpecification\",\"valueRequired\":true,\"valueName\":\"search_term_string\"}}],\"inLanguage\":\"en-US\"},{\"@type\":\"Organization\",\"@id\":\"https:\/\/kts-duebel.de\/en\/#organization\",\"name\":\"KTS Kunststofftechnik GmbH\",\"url\":\"https:\/\/kts-duebel.de\/en\/\",\"logo\":{\"@type\":\"ImageObject\",\"inLanguage\":\"en-US\",\"@id\":\"https:\/\/kts-duebel.de\/en\/#\/schema\/logo\/image\/\",\"url\":\"https:\/\/kts-duebel.de\/wp-content\/uploads\/2016\/03\/logo.png\",\"contentUrl\":\"https:\/\/kts-duebel.de\/wp-content\/uploads\/2016\/03\/logo.png\",\"width\":512,\"height\":512,\"caption\":\"KTS Kunststofftechnik GmbH\"},\"image\":{\"@id\":\"https:\/\/kts-duebel.de\/en\/#\/schema\/logo\/image\/\"},\"sameAs\":[\"https:\/\/www.facebook.com\/KtS-Kunststofftechnik-GmbH-111544753881915\/\"]}]}<\/script>\n<!-- \/ Yoast SEO plugin. -->","yoast_head_json":{"title":"Universal cavity plug - UB - BUTTERFLY &#183; KTS Kunststofftechnik - D\u00fcbel \/ Befestigungstechnik","description":"BUTTERFLY - UB Universal cavity plug - RANGE OF APPLICATION: concrete, solid brick, perforated brick, sand-lime perforated brick, plasterboard.","robots":{"index":"index","follow":"follow","max-snippet":"max-snippet:-1","max-image-preview":"max-image-preview:large","max-video-preview":"max-video-preview:-1"},"canonical":"https:\/\/kts-duebel.de\/en\/universal-cavity-anchor-ub-butterfly\/","og_locale":"en_US","og_type":"article","og_title":"Universal cavity plug - UB - BUTTERFLY &#183; KTS Kunststofftechnik - D\u00fcbel \/ Befestigungstechnik","og_description":"BUTTERFLY - UB Universal cavity plug - RANGE OF APPLICATION: concrete, solid brick, perforated brick, sand-lime perforated brick, plasterboard.","og_url":"https:\/\/kts-duebel.de\/en\/universal-cavity-anchor-ub-butterfly\/","og_site_name":"KTS Kunststofftechnik - D\u00fcbel \/ Befestigungstechnik","article_publisher":"https:\/\/www.facebook.com\/KtS-Kunststofftechnik-GmbH-111544753881915\/","article_modified_time":"2022-10-05T12:00:12+00:00","twitter_card":"summary_large_image","twitter_misc":{"Est. reading time":"3 minutes"},"schema":{"@context":"https:\/\/schema.org","@graph":[{"@type":"WebPage","@id":"https:\/\/kts-duebel.de\/en\/universal-cavity-anchor-ub-butterfly\/","url":"https:\/\/kts-duebel.de\/en\/universal-cavity-anchor-ub-butterfly\/","name":"Universal cavity plug - UB - BUTTERFLY &#183; KTS Kunststofftechnik - D\u00fcbel \/ Befestigungstechnik","isPartOf":{"@id":"https:\/\/kts-duebel.de\/en\/#website"},"datePublished":"2009-05-09T12:58:28+00:00","dateModified":"2022-10-05T12:00:12+00:00","description":"BUTTERFLY - UB Universal cavity plug - RANGE OF APPLICATION: concrete, solid brick, perforated brick, sand-lime perforated brick, plasterboard.","breadcrumb":{"@id":"https:\/\/kts-duebel.de\/en\/universal-cavity-anchor-ub-butterfly\/#breadcrumb"},"inLanguage":"en-US","potentialAction":[{"@type":"ReadAction","target":["https:\/\/kts-duebel.de\/en\/universal-cavity-anchor-ub-butterfly\/"]}]},{"@type":"BreadcrumbList","@id":"https:\/\/kts-duebel.de\/en\/universal-cavity-anchor-ub-butterfly\/#breadcrumb","itemListElement":[{"@type":"ListItem","position":1,"name":"Home","item":"https:\/\/kts-duebel.de\/en\/home\/"},{"@type":"ListItem","position":2,"name":"Universal cavity plug &#8211; UB &#8211; BUTTERFLY"}]},{"@type":"WebSite","@id":"https:\/\/kts-duebel.de\/en\/#website","url":"https:\/\/kts-duebel.de\/en\/","name":"KTS Kunststofftechnik - D\u00fcbel \/ Befestigungstechnik","description":"","publisher":{"@id":"https:\/\/kts-duebel.de\/en\/#organization"},"potentialAction":[{"@type":"SearchAction","target":{"@type":"EntryPoint","urlTemplate":"https:\/\/kts-duebel.de\/en\/?s={search_term_string}"},"query-input":{"@type":"PropertyValueSpecification","valueRequired":true,"valueName":"search_term_string"}}],"inLanguage":"en-US"},{"@type":"Organization","@id":"https:\/\/kts-duebel.de\/en\/#organization","name":"KTS Kunststofftechnik GmbH","url":"https:\/\/kts-duebel.de\/en\/","logo":{"@type":"ImageObject","inLanguage":"en-US","@id":"https:\/\/kts-duebel.de\/en\/#\/schema\/logo\/image\/","url":"https:\/\/kts-duebel.de\/wp-content\/uploads\/2016\/03\/logo.png","contentUrl":"https:\/\/kts-duebel.de\/wp-content\/uploads\/2016\/03\/logo.png","width":512,"height":512,"caption":"KTS Kunststofftechnik GmbH"},"image":{"@id":"https:\/\/kts-duebel.de\/en\/#\/schema\/logo\/image\/"},"sameAs":["https:\/\/www.facebook.com\/KtS-Kunststofftechnik-GmbH-111544753881915\/"]}]}},"_links":{"self":[{"href":"https:\/\/kts-duebel.de\/en\/wp-json\/wp\/v2\/pages\/5953","targetHints":{"allow":["GET"]}}],"collection":[{"href":"https:\/\/kts-duebel.de\/en\/wp-json\/wp\/v2\/pages"}],"about":[{"href":"https:\/\/kts-duebel.de\/en\/wp-json\/wp\/v2\/types\/page"}],"author":[{"embeddable":true,"href":"https:\/\/kts-duebel.de\/en\/wp-json\/wp\/v2\/users\/2"}],"replies":[{"embeddable":true,"href":"https:\/\/kts-duebel.de\/en\/wp-json\/wp\/v2\/comments?post=5953"}],"version-history":[{"count":10,"href":"https:\/\/kts-duebel.de\/en\/wp-json\/wp\/v2\/pages\/5953\/revisions"}],"predecessor-version":[{"id":6610,"href":"https:\/\/kts-duebel.de\/en\/wp-json\/wp\/v2\/pages\/5953\/revisions\/6610"}],"wp:attachment":[{"href":"https:\/\/kts-duebel.de\/en\/wp-json\/wp\/v2\/media?parent=5953"}],"curies":[{"name":"wp","href":"https:\/\/api.w.org\/{rel}","templated":true}]}}