{"id":5927,"date":"2009-05-09T17:39:18","date_gmt":"2009-05-09T16:39:18","guid":{"rendered":"https:\/\/kts-duebel.de\/dowel-technology\/universal-cable-collector-holder-unk\/"},"modified":"2022-10-05T13:06:52","modified_gmt":"2022-10-05T12:06:52","slug":"universal-cable-collector-holder-unk","status":"publish","type":"page","link":"https:\/\/kts-duebel.de\/en\/universal-cable-collector-holder-unk\/","title":{"rendered":"Universal Cable Collector Holder &#8211; UNK"},"content":{"rendered":"<p>[et_pb_section fb_built=&#8221;1&#8243; custom_padding_last_edited=&#8221;on|desktop&#8221; admin_label=&#8221;section&#8221; _builder_version=&#8221;4.16&#8243; background_color=&#8221;#ffffff&#8221; custom_padding_tablet=&#8221;50px|0|50px|0&#8243; custom_padding_phone=&#8221;&#8221; transparent_background=&#8221;off&#8221; padding_mobile=&#8221;off&#8221; global_colors_info=&#8221;{}&#8221;][et_pb_row column_structure=&#8221;1_2,1_2&#8243; padding_mobile=&#8221;off&#8221; admin_label=&#8221;row&#8221; _builder_version=&#8221;4.16&#8243; background_size=&#8221;initial&#8221; background_position=&#8221;top_left&#8221; background_repeat=&#8221;repeat&#8221; global_colors_info=&#8221;{}&#8221;][et_pb_column type=&#8221;1_2&#8243; _builder_version=&#8221;4.16&#8243; custom_padding=&#8221;|||&#8221; global_colors_info=&#8221;{}&#8221; custom_padding__hover=&#8221;|||&#8221;][et_pb_image src=&#8221;https:\/\/kts-duebel.de\/wp-content\/uploads\/2009\/05\/UNK1.jpg&#8221; align_tablet=&#8221;center&#8221; align_phone=&#8221;&#8221; align_last_edited=&#8221;on|desktop&#8221; admin_label=&#8221;Bild&#8221; _builder_version=&#8221;4.16&#8243; custom_margin=&#8221;|50||100&#8243; animation=&#8221;off&#8221; sticky=&#8221;off&#8221; use_border_color=&#8221;off&#8221; border_color=&#8221;#ffffff&#8221; border_style=&#8221;solid&#8221; global_colors_info=&#8221;{}&#8221;][\/et_pb_image][\/et_pb_column][et_pb_column type=&#8221;1_2&#8243; _builder_version=&#8221;4.16&#8243; custom_padding=&#8221;|||&#8221; global_colors_info=&#8221;{}&#8221; custom_padding__hover=&#8221;|||&#8221;][et_pb_text admin_label=&#8221;Text&#8221; _builder_version=&#8221;4.16&#8243; background_size=&#8221;initial&#8221; background_position=&#8221;top_left&#8221; background_repeat=&#8221;repeat&#8221; custom_margin=&#8221;|50||&#8221; use_border_color=&#8221;off&#8221; border_color=&#8221;#ffffff&#8221; border_style=&#8221;solid&#8221; global_colors_info=&#8221;{}&#8221;]<\/p>\n<h2>Universal Cable Collector Holder &#8211; UNK<\/h2>\n<p>FIELD OF APPLICATION: For all building materials.<\/p>\n<p>The KTS Universal Cable Collector Holder is preferably fastened with the KTS Nail Dowel 6 x 50. For the mounting of the already closed multiple cable clip by using a bolt you can take the fitting KTS adapter according to the kind of bolt.<\/p>\n<p>* Registered design protection<\/p>\n<p>[\/et_pb_text][\/et_pb_column][\/et_pb_row][et_pb_row padding_mobile=&#8221;off&#8221; column_padding_mobile=&#8221;on&#8221; admin_label=&#8221;row&#8221; _builder_version=&#8221;4.16&#8243; background_size=&#8221;initial&#8221; background_position=&#8221;top_left&#8221; background_repeat=&#8221;repeat&#8221; custom_width_px=&#8221;700&#8243; global_colors_info=&#8221;{}&#8221;][et_pb_column type=&#8221;4_4&#8243; _builder_version=&#8221;4.16&#8243; custom_padding=&#8221;|||&#8221; global_colors_info=&#8221;{}&#8221; custom_padding__hover=&#8221;|||&#8221;][et_pb_text admin_label=&#8221;Text&#8221; _builder_version=&#8221;4.16&#8243; background_color=&#8221;#ffffff&#8221; background_size=&#8221;initial&#8221; background_position=&#8221;top_left&#8221; background_repeat=&#8221;repeat&#8221; use_border_color=&#8221;off&#8221; border_color=&#8221;#ffffff&#8221; border_style=&#8221;solid&#8221; global_colors_info=&#8221;{}&#8221;]<\/p>\n<table class=\"producttable\" border=\"0\">\n<thead>\n<tr>\n<th colspan=\"4\">Technical data UNK \u2013 Universal Multiple Cable Clip<\/th>\n<\/tr>\n<\/thead>\n<tbody>\n<tr>\n<td><strong>Material: free of halogen \/ heat-stabilized<\/strong><\/td>\n<td colspan=\"3\"><strong>for 1-30 cables (NYM 3 x 1,5 mm\u00b2)<\/strong><\/td>\n<\/tr>\n<tr>\n<td>Article-No.<\/td>\n<td>Dimension<\/td>\n<td>Packaging unit<\/td>\n<td>Weight per packing unit<\/td>\n<\/tr>\n<tr>\n<td>2031503010<\/td>\n<td>30<\/td>\n<td>50<\/td>\n<td>1.8 kg.<\/td>\n<\/tr>\n<\/tbody>\n<\/table>\n<p>&nbsp;<\/p>\n<p>[\/et_pb_text][et_pb_text admin_label=&#8221;Text&#8221; _builder_version=&#8221;4.16&#8243; text_font=&#8221;||||||||&#8221; background_color=&#8221;#ffffff&#8221; background_size=&#8221;initial&#8221; background_position=&#8221;top_left&#8221; background_repeat=&#8221;repeat&#8221; use_border_color=&#8221;off&#8221; border_color=&#8221;#ffffff&#8221; border_style=&#8221;solid&#8221; global_colors_info=&#8221;{}&#8221;]<\/p>\n<p>* Utility model protection<\/p>\n<table class=\"producttable\" border=\"0\">\n<thead>\n<tr>\n<th colspan=\"4\">Technical data UNK \u2013 Universal Multiple Cable Clip<\/th>\n<\/tr>\n<\/thead>\n<tbody>\n<tr>\n<td><strong>Material: PP<\/strong><\/td>\n<td colspan=\"3\"><strong>for 1-30 cables (NYM 3 x 1,5 mm\u00b2)<\/strong><\/td>\n<\/tr>\n<tr>\n<td>Article-No.<\/td>\n<td>Dimension<\/td>\n<td>Packaging unit<\/td>\n<td>Weight per packing unit<\/td>\n<\/tr>\n<tr>\n<td>2031503020<\/td>\n<td>30<\/td>\n<td>50<\/td>\n<td>1.8 kg.<\/td>\n<\/tr>\n<\/tbody>\n<\/table>\n<p>[\/et_pb_text][et_pb_image src=&#8221;https:\/\/kts-duebel.de\/wp-content\/uploads\/2009\/05\/UNK-offen.jpg&#8221; align=&#8221;center&#8221; align_tablet=&#8221;center&#8221; align_phone=&#8221;&#8221; align_last_edited=&#8221;on|desktop&#8221; admin_label=&#8221;Bild&#8221; _builder_version=&#8221;4.16&#8243; custom_margin=&#8221;|50||100&#8243; custom_css_main_element=&#8221;display: block !important;|| margin-left: auto !important;|| margin-right: auto !important;&#8221; animation=&#8221;off&#8221; sticky=&#8221;off&#8221; use_border_color=&#8221;off&#8221; border_color=&#8221;#ffffff&#8221; border_style=&#8221;solid&#8221; global_colors_info=&#8221;{}&#8221;][\/et_pb_image][\/et_pb_column][\/et_pb_row][\/et_pb_section]<\/p>\n","protected":false},"excerpt":{"rendered":"<p>Universal Cable Collector Holder &#8211; UNK FIELD OF APPLICATION: For all building materials. The KTS Universal Cable Collector Holder is preferably fastened with the KTS Nail Dowel 6 x 50. For the mounting of the already closed multiple cable clip by using a bolt you can take the fitting KTS adapter according to the kind [&hellip;]<\/p>\n","protected":false},"author":2,"featured_media":0,"parent":0,"menu_order":106,"comment_status":"closed","ping_status":"closed","template":"","meta":{"_et_pb_use_builder":"on","_et_pb_old_content":"<table border=\"0\"><tbody><tr><td valign=\"top\"><p><img class=\"alignnone size-full wp-image-192\" title=\"UNK - Universeller-Kabelsammelhalter\" src=\"https:\/\/kts-duebel.de\/wp-content\/uploads\/2009\/05\/46_1.jpg\" alt=\"UNK - Universeller-Kabelsammelhalter\" width=\"309\" height=\"181\" \/><\/p><\/td><td style=\"width: 25px;\">\u00a0<\/td><td valign=\"top\"><p>EINSATZBEREICH: F\u00fcr alle Baustoffe.<\/p><p>Der KTS Universal-Kabelsammelhalter wird vorzugsweise mit dem KTS Nageld\u00fcbel 6 x 50 befestigt. F\u00fcr die Montage des Sammelhalters im geschlossenen Zustand bei Verwendung eines Bolzensetzger\u00e4tes kann, je nach Fabrikat des Setzger\u00e4tes, der dazu passende KTS Adapter verwendet werden.<\/p><p>Durch seine zweistufige Verriegelungslasche kann der Querschnitt des Sammelhalters je nach Anforderung f\u00fcr 15 \u2013 30 Kabel angepasst werden.<\/p><p>* Gebrauchsmusterschutz<\/p><\/td><\/tr><\/tbody><\/table><p>\u00a0<\/p><table class=\"producttable\" border=\"0\"><thead><tr style=\"background-color: #dcdcdc;\"><th colspan=\"4\">Leistungsdaten UNK - Universeller-Kabelsammelhalter<\/th><\/tr><\/thead><tbody><tr><td><strong>Material: Halogenfrei \/ flammwidrig<\/strong><\/td><td colspan=\"3\"><strong>mit einem Fassungsverm\u00f6gen von 1-30 Kabeln (NYM 3 x 1,5 mm\u00b2)<\/strong><\/td><\/tr><tr style=\"background-color: #dcdcdc;\"><td style=\"text-align: center;\">Artikelnummer<\/td><td style=\"text-align: center;\">Abmessung<\/td><td style=\"text-align: center;\">Verpackungseinheit<\/td><td style=\"text-align: center;\">Gewicht pro VE<\/td><\/tr><tr><td style=\"text-align: center;\">2031503010<\/td><td style=\"text-align: center;\">15 \/ 30<\/td><td style=\"text-align: center;\">50<\/td><td style=\"text-align: center;\">1,8 kg.<\/td><\/tr><\/tbody><\/table><p>\u00a0<\/p><table class=\"producttable\" border=\"0\"><thead><tr style=\"background-color: #dcdcdc;\"><th colspan=\"5\">Brennwertverhalten UNK - Universeller-Kabelsammelhalter<\/th><\/tr><\/thead><tbody><tr><td style=\"text-align: center;\">\u00a0<\/td><td style=\"text-align: center;\">Norm<\/td><td style=\"text-align: center;\">Parameter<\/td><td style=\"text-align: center;\">Messwert<\/td><td style=\"text-align: center;\">Einheit<\/td><\/tr><tr style=\"background-color: #dcdcdc;\"><td style=\"text-align: left;\"><strong>UL 94<\/strong><\/td><td style=\"text-align: center;\">UL 94 \/ ISO 1210<\/td><td style=\"text-align: center;\">0,75 \/ 1,5 mm<\/td><td style=\"text-align: center;\">V - 0 \/ V - 0<\/td><td style=\"text-align: center;\">\u00a0<\/td><\/tr><tr><td style=\"text-align: left;\"><strong>Brenngeschwindigkeit<\/strong><\/td><td style=\"text-align: center;\">FMVSS 302 \/ ISO 3795<\/td><td style=\"text-align: center;\">\u00a0<\/td><td style=\"text-align: center;\">< 100<\/td><td style=\"text-align: center;\">mm \/min<\/td><\/tr><tr style=\"background-color: #dcdcdc;\"><td style=\"text-align: left;\"><strong>Gl\u00fchdrahtpr\u00fcfung GWF<\/strong><\/td><td style=\"text-align: center;\">IEC 695-2\/12<\/td><td style=\"text-align: center;\">2 mm<\/td><td style=\"text-align: center;\">960<\/td><td style=\"text-align: center;\">\u00b0C<\/td><\/tr><\/tbody><\/table><p>\u00a0<\/p><p><img class=\"alignnone size-full wp-image-193\" title=\"UNK - Universeller-Kabelsammelhalter\" src=\"https:\/\/kts-duebel.de\/wp-content\/uploads\/2009\/05\/46_2.jpg\" alt=\"UNK - Universeller-Kabelsammelhalter\" width=\"309\" height=\"181\" \/><\/p><p>* Gebrauchsmusterschutz<\/p><table class=\"producttable\" border=\"0\"><thead><tr style=\"background-color: #dcdcdc;\"><th colspan=\"4\">Leistungsdaten UNK - Universeller-Kabelsammelhalter<\/th><\/tr><\/thead><tbody><tr><td><strong>Material: PP<\/strong><\/td><td colspan=\"3\"><strong>mit einem Fassungsverm\u00f6gen von 1-30 Kabeln (NYM 3 x 1,5 mm\u00b2)<\/strong><\/td><\/tr><tr style=\"background-color: #dcdcdc;\"><td style=\"text-align: center;\">Artikelnummer<\/td><td style=\"text-align: center;\">Abmessung<\/td><td style=\"text-align: center;\">Verpackungseinheit<\/td><td style=\"text-align: center;\">Gewicht pro VE<\/td><\/tr><tr><td style=\"text-align: center;\">2031503020<\/td><td style=\"text-align: center;\">15 \/ 30<\/td><td style=\"text-align: center;\">50<\/td><td style=\"text-align: center;\">1,8 kg.<\/td><\/tr><\/tbody><\/table>","_et_gb_content_width":"","footnotes":""},"class_list":["post-5927","page","type-page","status-publish","hentry"],"yoast_head":"<!-- This site is optimized with the Yoast SEO plugin v26.9 - https:\/\/yoast.com\/product\/yoast-seo-wordpress\/ -->\n<title>Universal Cable Collector Holder - UNK &#183; KTS Kunststofftechnik - D\u00fcbel \/ Befestigungstechnik<\/title>\n<meta name=\"description\" content=\"UNK \u2013 Universal Multiple Cable Clip USE: For all construction materials. The KTS universal multiple cable clip is mainly fixed with the KTS nail plug 6 x 50.\" \/>\n<meta name=\"robots\" content=\"index, follow, max-snippet:-1, max-image-preview:large, max-video-preview:-1\" \/>\n<link rel=\"canonical\" href=\"https:\/\/kts-duebel.de\/en\/universal-cable-collector-holder-unk\/\" \/>\n<meta property=\"og:locale\" content=\"en_US\" \/>\n<meta property=\"og:type\" content=\"article\" \/>\n<meta property=\"og:title\" content=\"Universal Cable Collector Holder - UNK &#183; KTS Kunststofftechnik - D\u00fcbel \/ Befestigungstechnik\" \/>\n<meta property=\"og:description\" content=\"UNK \u2013 Universal Multiple Cable Clip USE: For all construction materials. The KTS universal multiple cable clip is mainly fixed with the KTS nail plug 6 x 50.\" \/>\n<meta property=\"og:url\" content=\"https:\/\/kts-duebel.de\/en\/universal-cable-collector-holder-unk\/\" \/>\n<meta property=\"og:site_name\" content=\"KTS Kunststofftechnik - D\u00fcbel \/ Befestigungstechnik\" \/>\n<meta property=\"article:publisher\" content=\"https:\/\/www.facebook.com\/KtS-Kunststofftechnik-GmbH-111544753881915\/\" \/>\n<meta property=\"article:modified_time\" content=\"2022-10-05T12:06:52+00:00\" \/>\n<meta name=\"twitter:card\" content=\"summary_large_image\" \/>\n<meta name=\"twitter:label1\" content=\"Est. reading time\" \/>\n\t<meta name=\"twitter:data1\" content=\"2 minutes\" \/>\n<script type=\"application\/ld+json\" class=\"yoast-schema-graph\">{\"@context\":\"https:\/\/schema.org\",\"@graph\":[{\"@type\":\"WebPage\",\"@id\":\"https:\/\/kts-duebel.de\/en\/universal-cable-collector-holder-unk\/\",\"url\":\"https:\/\/kts-duebel.de\/en\/universal-cable-collector-holder-unk\/\",\"name\":\"Universal Cable Collector Holder - UNK &#183; KTS Kunststofftechnik - D\u00fcbel \/ Befestigungstechnik\",\"isPartOf\":{\"@id\":\"https:\/\/kts-duebel.de\/en\/#website\"},\"datePublished\":\"2009-05-09T16:39:18+00:00\",\"dateModified\":\"2022-10-05T12:06:52+00:00\",\"description\":\"UNK \u2013 Universal Multiple Cable Clip USE: For all construction materials. The KTS universal multiple cable clip is mainly fixed with the KTS nail plug 6 x 50.\",\"breadcrumb\":{\"@id\":\"https:\/\/kts-duebel.de\/en\/universal-cable-collector-holder-unk\/#breadcrumb\"},\"inLanguage\":\"en-US\",\"potentialAction\":[{\"@type\":\"ReadAction\",\"target\":[\"https:\/\/kts-duebel.de\/en\/universal-cable-collector-holder-unk\/\"]}]},{\"@type\":\"BreadcrumbList\",\"@id\":\"https:\/\/kts-duebel.de\/en\/universal-cable-collector-holder-unk\/#breadcrumb\",\"itemListElement\":[{\"@type\":\"ListItem\",\"position\":1,\"name\":\"Home\",\"item\":\"https:\/\/kts-duebel.de\/en\/home\/\"},{\"@type\":\"ListItem\",\"position\":2,\"name\":\"Dowel technology\",\"item\":\"https:\/\/kts-duebel.de\/en\/?page_id=5724\"},{\"@type\":\"ListItem\",\"position\":3,\"name\":\"Universal Cable Collector Holder &#8211; UNK\"}]},{\"@type\":\"WebSite\",\"@id\":\"https:\/\/kts-duebel.de\/en\/#website\",\"url\":\"https:\/\/kts-duebel.de\/en\/\",\"name\":\"KTS Kunststofftechnik - D\u00fcbel \/ Befestigungstechnik\",\"description\":\"\",\"publisher\":{\"@id\":\"https:\/\/kts-duebel.de\/en\/#organization\"},\"potentialAction\":[{\"@type\":\"SearchAction\",\"target\":{\"@type\":\"EntryPoint\",\"urlTemplate\":\"https:\/\/kts-duebel.de\/en\/?s={search_term_string}\"},\"query-input\":{\"@type\":\"PropertyValueSpecification\",\"valueRequired\":true,\"valueName\":\"search_term_string\"}}],\"inLanguage\":\"en-US\"},{\"@type\":\"Organization\",\"@id\":\"https:\/\/kts-duebel.de\/en\/#organization\",\"name\":\"KTS Kunststofftechnik GmbH\",\"url\":\"https:\/\/kts-duebel.de\/en\/\",\"logo\":{\"@type\":\"ImageObject\",\"inLanguage\":\"en-US\",\"@id\":\"https:\/\/kts-duebel.de\/en\/#\/schema\/logo\/image\/\",\"url\":\"https:\/\/kts-duebel.de\/wp-content\/uploads\/2016\/03\/logo.png\",\"contentUrl\":\"https:\/\/kts-duebel.de\/wp-content\/uploads\/2016\/03\/logo.png\",\"width\":512,\"height\":512,\"caption\":\"KTS Kunststofftechnik GmbH\"},\"image\":{\"@id\":\"https:\/\/kts-duebel.de\/en\/#\/schema\/logo\/image\/\"},\"sameAs\":[\"https:\/\/www.facebook.com\/KtS-Kunststofftechnik-GmbH-111544753881915\/\"]}]}<\/script>\n<!-- \/ Yoast SEO plugin. -->","yoast_head_json":{"title":"Universal Cable Collector Holder - UNK &#183; KTS Kunststofftechnik - D\u00fcbel \/ Befestigungstechnik","description":"UNK \u2013 Universal Multiple Cable Clip USE: For all construction materials. The KTS universal multiple cable clip is mainly fixed with the KTS nail plug 6 x 50.","robots":{"index":"index","follow":"follow","max-snippet":"max-snippet:-1","max-image-preview":"max-image-preview:large","max-video-preview":"max-video-preview:-1"},"canonical":"https:\/\/kts-duebel.de\/en\/universal-cable-collector-holder-unk\/","og_locale":"en_US","og_type":"article","og_title":"Universal Cable Collector Holder - UNK &#183; KTS Kunststofftechnik - D\u00fcbel \/ Befestigungstechnik","og_description":"UNK \u2013 Universal Multiple Cable Clip USE: For all construction materials. The KTS universal multiple cable clip is mainly fixed with the KTS nail plug 6 x 50.","og_url":"https:\/\/kts-duebel.de\/en\/universal-cable-collector-holder-unk\/","og_site_name":"KTS Kunststofftechnik - D\u00fcbel \/ Befestigungstechnik","article_publisher":"https:\/\/www.facebook.com\/KtS-Kunststofftechnik-GmbH-111544753881915\/","article_modified_time":"2022-10-05T12:06:52+00:00","twitter_card":"summary_large_image","twitter_misc":{"Est. reading time":"2 minutes"},"schema":{"@context":"https:\/\/schema.org","@graph":[{"@type":"WebPage","@id":"https:\/\/kts-duebel.de\/en\/universal-cable-collector-holder-unk\/","url":"https:\/\/kts-duebel.de\/en\/universal-cable-collector-holder-unk\/","name":"Universal Cable Collector Holder - UNK &#183; KTS Kunststofftechnik - D\u00fcbel \/ Befestigungstechnik","isPartOf":{"@id":"https:\/\/kts-duebel.de\/en\/#website"},"datePublished":"2009-05-09T16:39:18+00:00","dateModified":"2022-10-05T12:06:52+00:00","description":"UNK \u2013 Universal Multiple Cable Clip USE: For all construction materials. The KTS universal multiple cable clip is mainly fixed with the KTS nail plug 6 x 50.","breadcrumb":{"@id":"https:\/\/kts-duebel.de\/en\/universal-cable-collector-holder-unk\/#breadcrumb"},"inLanguage":"en-US","potentialAction":[{"@type":"ReadAction","target":["https:\/\/kts-duebel.de\/en\/universal-cable-collector-holder-unk\/"]}]},{"@type":"BreadcrumbList","@id":"https:\/\/kts-duebel.de\/en\/universal-cable-collector-holder-unk\/#breadcrumb","itemListElement":[{"@type":"ListItem","position":1,"name":"Home","item":"https:\/\/kts-duebel.de\/en\/home\/"},{"@type":"ListItem","position":2,"name":"Dowel technology","item":"https:\/\/kts-duebel.de\/en\/?page_id=5724"},{"@type":"ListItem","position":3,"name":"Universal Cable Collector Holder &#8211; UNK"}]},{"@type":"WebSite","@id":"https:\/\/kts-duebel.de\/en\/#website","url":"https:\/\/kts-duebel.de\/en\/","name":"KTS Kunststofftechnik - D\u00fcbel \/ Befestigungstechnik","description":"","publisher":{"@id":"https:\/\/kts-duebel.de\/en\/#organization"},"potentialAction":[{"@type":"SearchAction","target":{"@type":"EntryPoint","urlTemplate":"https:\/\/kts-duebel.de\/en\/?s={search_term_string}"},"query-input":{"@type":"PropertyValueSpecification","valueRequired":true,"valueName":"search_term_string"}}],"inLanguage":"en-US"},{"@type":"Organization","@id":"https:\/\/kts-duebel.de\/en\/#organization","name":"KTS Kunststofftechnik GmbH","url":"https:\/\/kts-duebel.de\/en\/","logo":{"@type":"ImageObject","inLanguage":"en-US","@id":"https:\/\/kts-duebel.de\/en\/#\/schema\/logo\/image\/","url":"https:\/\/kts-duebel.de\/wp-content\/uploads\/2016\/03\/logo.png","contentUrl":"https:\/\/kts-duebel.de\/wp-content\/uploads\/2016\/03\/logo.png","width":512,"height":512,"caption":"KTS Kunststofftechnik GmbH"},"image":{"@id":"https:\/\/kts-duebel.de\/en\/#\/schema\/logo\/image\/"},"sameAs":["https:\/\/www.facebook.com\/KtS-Kunststofftechnik-GmbH-111544753881915\/"]}]}},"_links":{"self":[{"href":"https:\/\/kts-duebel.de\/en\/wp-json\/wp\/v2\/pages\/5927","targetHints":{"allow":["GET"]}}],"collection":[{"href":"https:\/\/kts-duebel.de\/en\/wp-json\/wp\/v2\/pages"}],"about":[{"href":"https:\/\/kts-duebel.de\/en\/wp-json\/wp\/v2\/types\/page"}],"author":[{"embeddable":true,"href":"https:\/\/kts-duebel.de\/en\/wp-json\/wp\/v2\/users\/2"}],"replies":[{"embeddable":true,"href":"https:\/\/kts-duebel.de\/en\/wp-json\/wp\/v2\/comments?post=5927"}],"version-history":[{"count":10,"href":"https:\/\/kts-duebel.de\/en\/wp-json\/wp\/v2\/pages\/5927\/revisions"}],"predecessor-version":[{"id":6619,"href":"https:\/\/kts-duebel.de\/en\/wp-json\/wp\/v2\/pages\/5927\/revisions\/6619"}],"wp:attachment":[{"href":"https:\/\/kts-duebel.de\/en\/wp-json\/wp\/v2\/media?parent=5927"}],"curies":[{"name":"wp","href":"https:\/\/api.w.org\/{rel}","templated":true}]}}