{"id":5915,"date":"2009-05-09T18:37:33","date_gmt":"2009-05-09T17:37:33","guid":{"rendered":"https:\/\/kts-duebel.de\/dowel-technology\/metal-cavity-dowel-mh-space\/"},"modified":"2022-10-05T13:16:22","modified_gmt":"2022-10-05T12:16:22","slug":"metal-cavity-dowel-mh-space","status":"publish","type":"page","link":"https:\/\/kts-duebel.de\/en\/metal-cavity-dowel-mh-space\/","title":{"rendered":"Metal hollow wall anchor &#8211; MH &#8211; SPACE"},"content":{"rendered":"<p>[et_pb_section fb_built=&#8221;1&#8243; custom_padding_last_edited=&#8221;on|desktop&#8221; admin_label=&#8221;section&#8221; _builder_version=&#8221;4.16&#8243; background_color=&#8221;#ffffff&#8221; custom_padding_tablet=&#8221;50px|0|50px|0&#8243; custom_padding_phone=&#8221;&#8221; transparent_background=&#8221;off&#8221; padding_mobile=&#8221;off&#8221; make_fullwidth=&#8221;off&#8221; use_custom_width=&#8221;off&#8221; width_unit=&#8221;on&#8221; global_colors_info=&#8221;{}&#8221;][et_pb_row column_structure=&#8221;1_2,1_2&#8243; padding_mobile=&#8221;off&#8221; admin_label=&#8221;row&#8221; _builder_version=&#8221;4.16&#8243; background_size=&#8221;initial&#8221; background_position=&#8221;top_left&#8221; background_repeat=&#8221;repeat&#8221; make_fullwidth=&#8221;off&#8221; use_custom_width=&#8221;off&#8221; width_unit=&#8221;on&#8221; global_colors_info=&#8221;{}&#8221;][et_pb_column type=&#8221;1_2&#8243; _builder_version=&#8221;4.16&#8243; custom_padding=&#8221;|||&#8221; global_colors_info=&#8221;{}&#8221; custom_padding__hover=&#8221;|||&#8221;][et_pb_image src=&#8221;https:\/\/kts-duebel.de\/wp-content\/uploads\/2009\/05\/MH-D\u00fcbel.jpg&#8221; align_tablet=&#8221;center&#8221; align_phone=&#8221;&#8221; align_last_edited=&#8221;on|desktop&#8221; admin_label=&#8221;Bild&#8221; _builder_version=&#8221;4.16&#8243; custom_margin=&#8221;|50||100&#8243; animation=&#8221;off&#8221; sticky=&#8221;off&#8221; use_border_color=&#8221;off&#8221; border_color=&#8221;#ffffff&#8221; border_style=&#8221;solid&#8221; always_center_on_mobile=&#8221;on&#8221; global_colors_info=&#8221;{}&#8221;][\/et_pb_image][et_pb_image src=&#8221;https:\/\/kts-duebel.de\/wp-content\/uploads\/2009\/05\/Zange-mit-D\u00fcbel.jpg&#8221; align_tablet=&#8221;center&#8221; align_phone=&#8221;&#8221; align_last_edited=&#8221;on|desktop&#8221; admin_label=&#8221;Bild&#8221; _builder_version=&#8221;4.16&#8243; custom_margin=&#8221;|50||100&#8243; animation=&#8221;off&#8221; sticky=&#8221;off&#8221; use_border_color=&#8221;off&#8221; border_color=&#8221;#ffffff&#8221; border_style=&#8221;solid&#8221; always_center_on_mobile=&#8221;on&#8221; global_colors_info=&#8221;{}&#8221;][\/et_pb_image][\/et_pb_column][et_pb_column type=&#8221;1_2&#8243; _builder_version=&#8221;4.16&#8243; custom_padding=&#8221;|||&#8221; global_colors_info=&#8221;{}&#8221; custom_padding__hover=&#8221;|||&#8221;][et_pb_text admin_label=&#8221;Text&#8221; _builder_version=&#8221;4.16&#8243; background_size=&#8221;initial&#8221; background_position=&#8221;top_left&#8221; background_repeat=&#8221;repeat&#8221; custom_margin=&#8221;|50||&#8221; use_border_color=&#8221;off&#8221; border_color=&#8221;#ffffff&#8221; border_style=&#8221;solid&#8221; global_colors_info=&#8221;{}&#8221;]<\/p>\n<h2>Metal hollow wall anchor &#8211; MH &#8211; SPACE<\/h2>\n<p>USE: Light fixings to plasterboard, plasterboard sheets, chipboard, fibre cement boards, hollow brick ceilings and suspended ceilings. The KTS metal hollow wall anchor has supporting elements that splay out, giving it a very strong hold.<\/p>\n<p>[\/et_pb_text][et_pb_text admin_label=&#8221;Text&#8221; _builder_version=&#8221;4.16&#8243; background_size=&#8221;initial&#8221; background_position=&#8221;top_left&#8221; background_repeat=&#8221;repeat&#8221; use_border_color=&#8221;off&#8221; border_color=&#8221;#ffffff&#8221; border_style=&#8221;solid&#8221; global_colors_info=&#8221;{}&#8221;]<strong>Mounting instruction<\/strong><\/p>\n<p>Put the metal hollow wall anchor with the mounting tonge into the drill hole and splay it.<br \/>\nAlternatively you can hammer the metal hollow wall anchor with a hammer. Then put off the mounted screw.<br \/>\nHold the product to be mounted and fix it with a screw.<br \/>\nPosition the mounting object and then fasten the screw.<br \/>\n[\/et_pb_text][\/et_pb_column][\/et_pb_row][et_pb_row padding_mobile=&#8221;off&#8221; column_padding_mobile=&#8221;on&#8221; admin_label=&#8221;row&#8221; _builder_version=&#8221;4.16&#8243; background_size=&#8221;initial&#8221; background_position=&#8221;top_left&#8221; background_repeat=&#8221;repeat&#8221; make_fullwidth=&#8221;off&#8221; use_custom_width=&#8221;off&#8221; width_unit=&#8221;on&#8221; custom_width_px=&#8221;700&#8243; global_colors_info=&#8221;{}&#8221;][et_pb_column type=&#8221;4_4&#8243; _builder_version=&#8221;4.16&#8243; custom_padding=&#8221;|||&#8221; global_colors_info=&#8221;{}&#8221; custom_padding__hover=&#8221;|||&#8221;][et_pb_text admin_label=&#8221;Text&#8221; _builder_version=&#8221;4.16&#8243; background_color=&#8221;#ffffff&#8221; background_size=&#8221;initial&#8221; background_position=&#8221;top_left&#8221; background_repeat=&#8221;repeat&#8221; use_border_color=&#8221;off&#8221; border_color=&#8221;#ffffff&#8221; border_style=&#8221;solid&#8221; global_colors_info=&#8221;{}&#8221;]<\/p>\n<table class=\"producttable\" border=\"0\">\n<thead>\n<tr>\n<th colspan=\"8\">Technical data MH &#8211; metal cavity plug with screw<\/th>\n<\/tr>\n<\/thead>\n<tbody>\n<tr>\n<td><\/td>\n<td><\/td>\n<td><strong>4 x 21 mm<\/strong><\/td>\n<td><strong>4 x 33 mm<\/strong><\/td>\n<td><strong>5 x 37 mm<\/strong><\/td>\n<td><strong>5 x 53 mm<\/strong><\/td>\n<td><strong>6 x 37 mm<\/strong><\/td>\n<td><strong>6 x 53 mm<\/strong><\/td>\n<\/tr>\n<tr>\n<td>Article-No.<\/td>\n<td><\/td>\n<td>1781402111<\/td>\n<td>1781403311<\/td>\n<td>1781503711<\/td>\n<td>1781505311<\/td>\n<td>1781603711<\/td>\n<td>1781605311<\/td>\n<\/tr>\n<tr>\n<td>Clamping range mm<\/td>\n<td><\/td>\n<td>0 &#8211; 6<\/td>\n<td>3 &#8211; 14<\/td>\n<td>6 &#8211; 12<\/td>\n<td>3 &#8211; 16<\/td>\n<td>6 &#8211; 12<\/td>\n<td>3 &#8211; 16<\/td>\n<\/tr>\n<tr>\n<td>Packaging unit<\/td>\n<td>Piece<\/td>\n<td>100 \/ 1.000<\/td>\n<td>100 \/ 1.000<\/td>\n<td>100 \/ 1.000<\/td>\n<td>100 \/ 1.000<\/td>\n<td>100 \/ 1.000<\/td>\n<td>100 \/ 1.000<\/td>\n<\/tr>\n<tr>\n<td>Weight per packing unit<\/td>\n<td><\/td>\n<td>6.15 kg.<\/td>\n<td>8.5 kg.<\/td>\n<td>14.11 kg.<\/td>\n<td>18.62 kg.<\/td>\n<td>19.13 kg.<\/td>\n<td>25.4 kg.<\/td>\n<\/tr>\n<\/tbody>\n<\/table>\n<p>&nbsp;<\/p>\n<table border=\"0\">\n<tbody>\n<tr>\n<td>Assembly pliers<\/td>\n<td>applicable for all sizes<\/td>\n<td>Article-No.<\/td>\n<td>1780000001<\/td>\n<\/tr>\n<\/tbody>\n<\/table>\n<p>&nbsp;<br \/>\n[\/et_pb_text][\/et_pb_column][\/et_pb_row][et_pb_row admin_label=&#8221;Line&#8221; _builder_version=&#8221;4.16&#8243; background_size=&#8221;initial&#8221; background_position=&#8221;top_left&#8221; background_repeat=&#8221;repeat&#8221; global_colors_info=&#8221;{}&#8221;][et_pb_column type=&#8221;4_4&#8243; _builder_version=&#8221;4.16&#8243; custom_padding=&#8221;|||&#8221; global_colors_info=&#8221;{}&#8221; custom_padding__hover=&#8221;|||&#8221;][et_pb_image src=&#8221;https:\/\/kts-duebel.de\/wp-content\/uploads\/2009\/05\/MH-Anwendung.jpg&#8221; align=&#8221;center&#8221; align_tablet=&#8221;center&#8221; align_phone=&#8221;&#8221; align_last_edited=&#8221;on|desktop&#8221; admin_label=&#8221;Bild&#8221; _builder_version=&#8221;4.16&#8243; max_width=&#8221;300px&#8221; animation=&#8221;off&#8221; sticky=&#8221;off&#8221; use_border_color=&#8221;off&#8221; border_color=&#8221;#ffffff&#8221; border_style=&#8221;solid&#8221; always_center_on_mobile=&#8221;on&#8221; global_colors_info=&#8221;{}&#8221;][\/et_pb_image][\/et_pb_column][\/et_pb_row][\/et_pb_section]<\/p>\n","protected":false},"excerpt":{"rendered":"<p>Metal hollow wall anchor &#8211; MH &#8211; SPACE USE: Light fixings to plasterboard, plasterboard sheets, chipboard, fibre cement boards, hollow brick ceilings and suspended ceilings. The KTS metal hollow wall anchor has supporting elements that splay out, giving it a very strong hold.Mounting instruction Put the metal hollow wall anchor with the mounting tonge into [&hellip;]<\/p>\n","protected":false},"author":2,"featured_media":0,"parent":0,"menu_order":109,"comment_status":"closed","ping_status":"closed","template":"","meta":{"_et_pb_use_builder":"on","_et_pb_old_content":"<table border=\"0\"><tbody><tr><td valign=\"top\"><img class=\"alignnone size-full wp-image-224\" title=\"MH - Metall-Hohlraumd\u00fcbel\" src=\"https:\/\/kts-duebel.de\/wp-content\/uploads\/2009\/05\/22.jpg\" alt=\"MH - Metall-Hohlraumd\u00fcbel\" width=\"309\" height=\"181\" \/><\/td><td style=\"width: 25px;\">\u00a0<\/td><td valign=\"top\">EINSATZBEREICH: Gipskarton, Gipsfaserplatten, Spanplatten, Faserzementplatten, Hohlziegeldecken, abgeh\u00e4ngte DeckenDurch die aufspreizenden St\u00fctzelemente des KTS Metall-Hohlraumd\u00fcbels werden hohe Haltewerte erreicht.<\/td><\/tr><\/tbody><\/table><p>\u00a0<\/p><table class=\"producttable\" border=\"0\"><thead><tr style=\"background-color: #dcdcdc;\"><th colspan=\"8\">Leistungsdaten MH - Metall-Hohlraumd\u00fcbel mit Schraube<\/th><\/tr><\/thead><tbody><tr><td>\u00a0<\/td><td style=\"text-align: center;\">\u00a0<\/td><td style=\"text-align: center;\"><strong>4 x 21 mm<\/strong><\/td><td style=\"text-align: center;\"><strong>4 x 33 mm<\/strong><\/td><td style=\"text-align: center;\"><strong>5 x 37 mm<\/strong><\/td><td style=\"text-align: center;\"><strong>5 x 53 mm<\/strong><\/td><td style=\"text-align: center;\"><strong>6 x 37 mm<\/strong><\/td><td style=\"text-align: center;\"><strong>6 x 53 mm<\/strong><\/td><\/tr><tr style=\"background-color: #dcdcdc;\"><td style=\"text-align: left;\">Artikelnummer<\/td><td style=\"text-align: center;\">\u00a0<\/td><td style=\"text-align: center;\">1781402111<\/td><td style=\"text-align: center;\">1781403311<\/td><td style=\"text-align: center;\">1781503711<\/td><td style=\"text-align: center;\">1781505311<\/td><td style=\"text-align: center;\">1781603711<\/td><td style=\"text-align: center;\">1781605311<\/td><\/tr><tr><td style=\"text-align: left;\">Klemmbereich mm<\/td><td style=\"text-align: center;\">\u00a0<\/td><td style=\"text-align: center;\">0 - 6<\/td><td style=\"text-align: center;\">3 - 14<\/td><td style=\"text-align: center;\">6 - 12<\/td><td style=\"text-align: center;\">3 - 16<\/td><td style=\"text-align: center;\">6 - 12<\/td><td style=\"text-align: center;\">3 - 16<\/td><\/tr><tr style=\"background-color: #dcdcdc;\"><td style=\"text-align: left;\">Verpackungseinheit<\/td><td style=\"text-align: center;\">St\u00fcck<\/td><td style=\"text-align: center;\">100 \/ 1.000<\/td><td style=\"text-align: center;\">100 \/ 1.000<\/td><td style=\"text-align: center;\">100 \/ 1.000<\/td><td style=\"text-align: center;\">100 \/ 1.000<\/td><td style=\"text-align: center;\">100 \/ 1.000<\/td><td style=\"text-align: center;\">100 \/ 1.000<\/td><\/tr><tr><td style=\"text-align: left;\">Gewicht pro VE<\/td><td style=\"text-align: center;\">\u00a0<\/td><td style=\"text-align: center;\">6,15 kg.<\/td><td style=\"text-align: center;\">8,5 kg.<\/td><td style=\"text-align: center;\">14,11 kg.<\/td><td style=\"text-align: center;\">18,62 kg.<\/td><td style=\"text-align: center;\">19,13 kg.<\/td><td style=\"text-align: center;\">25,4 kg.<\/td><\/tr><\/tbody><\/table><p>\u00a0<\/p><table border=\"0\"><tbody><tr style=\"background-color: #dcdcdc;\"><td>Montagezange<\/td><td>f\u00fcr alle Gr\u00f6\u00dfen einsetzbar<\/td><td>Artikelnummer<\/td><td>1780000001<\/td><\/tr><\/tbody><\/table><p>\u00a0<\/p><p><strong> Montagehinweis<\/strong><\/p><p>Metall-Hohlraumd\u00fcbel mittels Montagezange in das Bohrloch einsetzen und verspreizen.<br \/> Alternativ den Metall-Hohlraumd\u00fcbel mittels Hammer einschlagen.<br \/> Die montierte Schraube herausdrehen.<br \/> Montagegegenstand ansetzen und mittels Schraube befestigen.<\/p>","_et_gb_content_width":"","footnotes":""},"class_list":["post-5915","page","type-page","status-publish","hentry"],"yoast_head":"<!-- This site is optimized with the Yoast SEO plugin v26.9 - https:\/\/yoast.com\/product\/yoast-seo-wordpress\/ -->\n<title>Metal hollow wall anchor - MH - SPACE &#183; KTS Kunststofftechnik - D\u00fcbel \/ Befestigungstechnik<\/title>\n<meta name=\"description\" content=\"SPACE - MH Metal hollow wall anchor - USE: plasterboard, gypsum fiberboard, particleboard, fiber cement board.\" \/>\n<meta name=\"robots\" content=\"index, follow, max-snippet:-1, max-image-preview:large, max-video-preview:-1\" \/>\n<link rel=\"canonical\" href=\"https:\/\/kts-duebel.de\/en\/metal-cavity-dowel-mh-space\/\" \/>\n<meta property=\"og:locale\" content=\"en_US\" \/>\n<meta property=\"og:type\" content=\"article\" \/>\n<meta property=\"og:title\" content=\"Metal hollow wall anchor - MH - SPACE &#183; KTS Kunststofftechnik - D\u00fcbel \/ Befestigungstechnik\" \/>\n<meta property=\"og:description\" content=\"SPACE - MH Metal hollow wall anchor - USE: plasterboard, gypsum fiberboard, particleboard, fiber cement board.\" \/>\n<meta property=\"og:url\" content=\"https:\/\/kts-duebel.de\/en\/metal-cavity-dowel-mh-space\/\" \/>\n<meta property=\"og:site_name\" content=\"KTS Kunststofftechnik - D\u00fcbel \/ Befestigungstechnik\" \/>\n<meta property=\"article:publisher\" content=\"https:\/\/www.facebook.com\/KtS-Kunststofftechnik-GmbH-111544753881915\/\" \/>\n<meta property=\"article:modified_time\" content=\"2022-10-05T12:16:22+00:00\" \/>\n<meta name=\"twitter:card\" content=\"summary_large_image\" \/>\n<meta name=\"twitter:label1\" content=\"Est. reading time\" \/>\n\t<meta name=\"twitter:data1\" content=\"3 minutes\" \/>\n<script type=\"application\/ld+json\" class=\"yoast-schema-graph\">{\"@context\":\"https:\/\/schema.org\",\"@graph\":[{\"@type\":\"WebPage\",\"@id\":\"https:\/\/kts-duebel.de\/en\/metal-cavity-dowel-mh-space\/\",\"url\":\"https:\/\/kts-duebel.de\/en\/metal-cavity-dowel-mh-space\/\",\"name\":\"Metal hollow wall anchor - MH - SPACE &#183; KTS Kunststofftechnik - D\u00fcbel \/ Befestigungstechnik\",\"isPartOf\":{\"@id\":\"https:\/\/kts-duebel.de\/en\/#website\"},\"datePublished\":\"2009-05-09T17:37:33+00:00\",\"dateModified\":\"2022-10-05T12:16:22+00:00\",\"description\":\"SPACE - MH Metal hollow wall anchor - USE: plasterboard, gypsum fiberboard, particleboard, fiber cement board.\",\"breadcrumb\":{\"@id\":\"https:\/\/kts-duebel.de\/en\/metal-cavity-dowel-mh-space\/#breadcrumb\"},\"inLanguage\":\"en-US\",\"potentialAction\":[{\"@type\":\"ReadAction\",\"target\":[\"https:\/\/kts-duebel.de\/en\/metal-cavity-dowel-mh-space\/\"]}]},{\"@type\":\"BreadcrumbList\",\"@id\":\"https:\/\/kts-duebel.de\/en\/metal-cavity-dowel-mh-space\/#breadcrumb\",\"itemListElement\":[{\"@type\":\"ListItem\",\"position\":1,\"name\":\"Home\",\"item\":\"https:\/\/kts-duebel.de\/en\/home\/\"},{\"@type\":\"ListItem\",\"position\":2,\"name\":\"Metal hollow wall anchor &#8211; MH &#8211; SPACE\"}]},{\"@type\":\"WebSite\",\"@id\":\"https:\/\/kts-duebel.de\/en\/#website\",\"url\":\"https:\/\/kts-duebel.de\/en\/\",\"name\":\"KTS Kunststofftechnik - D\u00fcbel \/ Befestigungstechnik\",\"description\":\"\",\"publisher\":{\"@id\":\"https:\/\/kts-duebel.de\/en\/#organization\"},\"potentialAction\":[{\"@type\":\"SearchAction\",\"target\":{\"@type\":\"EntryPoint\",\"urlTemplate\":\"https:\/\/kts-duebel.de\/en\/?s={search_term_string}\"},\"query-input\":{\"@type\":\"PropertyValueSpecification\",\"valueRequired\":true,\"valueName\":\"search_term_string\"}}],\"inLanguage\":\"en-US\"},{\"@type\":\"Organization\",\"@id\":\"https:\/\/kts-duebel.de\/en\/#organization\",\"name\":\"KTS Kunststofftechnik GmbH\",\"url\":\"https:\/\/kts-duebel.de\/en\/\",\"logo\":{\"@type\":\"ImageObject\",\"inLanguage\":\"en-US\",\"@id\":\"https:\/\/kts-duebel.de\/en\/#\/schema\/logo\/image\/\",\"url\":\"https:\/\/kts-duebel.de\/wp-content\/uploads\/2016\/03\/logo.png\",\"contentUrl\":\"https:\/\/kts-duebel.de\/wp-content\/uploads\/2016\/03\/logo.png\",\"width\":512,\"height\":512,\"caption\":\"KTS Kunststofftechnik GmbH\"},\"image\":{\"@id\":\"https:\/\/kts-duebel.de\/en\/#\/schema\/logo\/image\/\"},\"sameAs\":[\"https:\/\/www.facebook.com\/KtS-Kunststofftechnik-GmbH-111544753881915\/\"]}]}<\/script>\n<!-- \/ Yoast SEO plugin. -->","yoast_head_json":{"title":"Metal hollow wall anchor - MH - SPACE &#183; KTS Kunststofftechnik - D\u00fcbel \/ Befestigungstechnik","description":"SPACE - MH Metal hollow wall anchor - USE: plasterboard, gypsum fiberboard, particleboard, fiber cement board.","robots":{"index":"index","follow":"follow","max-snippet":"max-snippet:-1","max-image-preview":"max-image-preview:large","max-video-preview":"max-video-preview:-1"},"canonical":"https:\/\/kts-duebel.de\/en\/metal-cavity-dowel-mh-space\/","og_locale":"en_US","og_type":"article","og_title":"Metal hollow wall anchor - MH - SPACE &#183; KTS Kunststofftechnik - D\u00fcbel \/ Befestigungstechnik","og_description":"SPACE - MH Metal hollow wall anchor - USE: plasterboard, gypsum fiberboard, particleboard, fiber cement board.","og_url":"https:\/\/kts-duebel.de\/en\/metal-cavity-dowel-mh-space\/","og_site_name":"KTS Kunststofftechnik - D\u00fcbel \/ Befestigungstechnik","article_publisher":"https:\/\/www.facebook.com\/KtS-Kunststofftechnik-GmbH-111544753881915\/","article_modified_time":"2022-10-05T12:16:22+00:00","twitter_card":"summary_large_image","twitter_misc":{"Est. reading time":"3 minutes"},"schema":{"@context":"https:\/\/schema.org","@graph":[{"@type":"WebPage","@id":"https:\/\/kts-duebel.de\/en\/metal-cavity-dowel-mh-space\/","url":"https:\/\/kts-duebel.de\/en\/metal-cavity-dowel-mh-space\/","name":"Metal hollow wall anchor - MH - SPACE &#183; KTS Kunststofftechnik - D\u00fcbel \/ Befestigungstechnik","isPartOf":{"@id":"https:\/\/kts-duebel.de\/en\/#website"},"datePublished":"2009-05-09T17:37:33+00:00","dateModified":"2022-10-05T12:16:22+00:00","description":"SPACE - MH Metal hollow wall anchor - USE: plasterboard, gypsum fiberboard, particleboard, fiber cement board.","breadcrumb":{"@id":"https:\/\/kts-duebel.de\/en\/metal-cavity-dowel-mh-space\/#breadcrumb"},"inLanguage":"en-US","potentialAction":[{"@type":"ReadAction","target":["https:\/\/kts-duebel.de\/en\/metal-cavity-dowel-mh-space\/"]}]},{"@type":"BreadcrumbList","@id":"https:\/\/kts-duebel.de\/en\/metal-cavity-dowel-mh-space\/#breadcrumb","itemListElement":[{"@type":"ListItem","position":1,"name":"Home","item":"https:\/\/kts-duebel.de\/en\/home\/"},{"@type":"ListItem","position":2,"name":"Metal hollow wall anchor &#8211; MH &#8211; SPACE"}]},{"@type":"WebSite","@id":"https:\/\/kts-duebel.de\/en\/#website","url":"https:\/\/kts-duebel.de\/en\/","name":"KTS Kunststofftechnik - D\u00fcbel \/ Befestigungstechnik","description":"","publisher":{"@id":"https:\/\/kts-duebel.de\/en\/#organization"},"potentialAction":[{"@type":"SearchAction","target":{"@type":"EntryPoint","urlTemplate":"https:\/\/kts-duebel.de\/en\/?s={search_term_string}"},"query-input":{"@type":"PropertyValueSpecification","valueRequired":true,"valueName":"search_term_string"}}],"inLanguage":"en-US"},{"@type":"Organization","@id":"https:\/\/kts-duebel.de\/en\/#organization","name":"KTS Kunststofftechnik GmbH","url":"https:\/\/kts-duebel.de\/en\/","logo":{"@type":"ImageObject","inLanguage":"en-US","@id":"https:\/\/kts-duebel.de\/en\/#\/schema\/logo\/image\/","url":"https:\/\/kts-duebel.de\/wp-content\/uploads\/2016\/03\/logo.png","contentUrl":"https:\/\/kts-duebel.de\/wp-content\/uploads\/2016\/03\/logo.png","width":512,"height":512,"caption":"KTS Kunststofftechnik GmbH"},"image":{"@id":"https:\/\/kts-duebel.de\/en\/#\/schema\/logo\/image\/"},"sameAs":["https:\/\/www.facebook.com\/KtS-Kunststofftechnik-GmbH-111544753881915\/"]}]}},"_links":{"self":[{"href":"https:\/\/kts-duebel.de\/en\/wp-json\/wp\/v2\/pages\/5915","targetHints":{"allow":["GET"]}}],"collection":[{"href":"https:\/\/kts-duebel.de\/en\/wp-json\/wp\/v2\/pages"}],"about":[{"href":"https:\/\/kts-duebel.de\/en\/wp-json\/wp\/v2\/types\/page"}],"author":[{"embeddable":true,"href":"https:\/\/kts-duebel.de\/en\/wp-json\/wp\/v2\/users\/2"}],"replies":[{"embeddable":true,"href":"https:\/\/kts-duebel.de\/en\/wp-json\/wp\/v2\/comments?post=5915"}],"version-history":[{"count":10,"href":"https:\/\/kts-duebel.de\/en\/wp-json\/wp\/v2\/pages\/5915\/revisions"}],"predecessor-version":[{"id":6636,"href":"https:\/\/kts-duebel.de\/en\/wp-json\/wp\/v2\/pages\/5915\/revisions\/6636"}],"wp:attachment":[{"href":"https:\/\/kts-duebel.de\/en\/wp-json\/wp\/v2\/media?parent=5915"}],"curies":[{"name":"wp","href":"https:\/\/api.w.org\/{rel}","templated":true}]}}