{"id":5914,"date":"2009-05-09T16:39:50","date_gmt":"2009-05-09T15:39:50","guid":{"rendered":"https:\/\/kts-duebel.de\/dowel-technology\/cable-bracket-kbb\/"},"modified":"2024-05-30T16:52:30","modified_gmt":"2024-05-30T15:52:30","slug":"cable-bracket-kbb","status":"publish","type":"page","link":"https:\/\/kts-duebel.de\/en\/cable-bracket-kbb\/","title":{"rendered":"Cable bracket &#8211; KBB"},"content":{"rendered":"<p>[et_pb_section fb_built=&#8221;1&#8243; custom_padding_last_edited=&#8221;on|desktop&#8221; admin_label=&#8221;section&#8221; _builder_version=&#8221;4.16&#8243; background_color=&#8221;#ffffff&#8221; custom_padding_tablet=&#8221;50px|0|50px|0&#8243; custom_padding_phone=&#8221;&#8221; transparent_background=&#8221;off&#8221; padding_mobile=&#8221;off&#8221; global_colors_info=&#8221;{}&#8221;][et_pb_row column_structure=&#8221;1_2,1_2&#8243; padding_mobile=&#8221;off&#8221; admin_label=&#8221;row&#8221; _builder_version=&#8221;4.16&#8243; background_size=&#8221;initial&#8221; background_position=&#8221;top_left&#8221; background_repeat=&#8221;repeat&#8221; global_colors_info=&#8221;{}&#8221;][et_pb_column type=&#8221;1_2&#8243; _builder_version=&#8221;4.16&#8243; custom_padding=&#8221;|||&#8221; global_colors_info=&#8221;{}&#8221; custom_padding__hover=&#8221;|||&#8221;][et_pb_image src=&#8221;https:\/\/kts-duebel.de\/wp-content\/uploads\/2009\/05\/KBB-doppel.jpg&#8221; align_tablet=&#8221;center&#8221; align_phone=&#8221;&#8221; align_last_edited=&#8221;on|desktop&#8221; admin_label=&#8221;Bild&#8221; _builder_version=&#8221;4.16&#8243; custom_margin=&#8221;|50||100&#8243; animation=&#8221;off&#8221; sticky=&#8221;off&#8221; use_border_color=&#8221;off&#8221; border_color=&#8221;#ffffff&#8221; border_style=&#8221;solid&#8221; global_colors_info=&#8221;{}&#8221;] [\/et_pb_image][et_pb_image src=&#8221;https:\/\/kts-duebel.de\/wp-content\/uploads\/2009\/05\/KBB-einfach.jpg&#8221; align_tablet=&#8221;center&#8221; align_phone=&#8221;&#8221; align_last_edited=&#8221;on|desktop&#8221; admin_label=&#8221;Bild&#8221; _builder_version=&#8221;4.16&#8243; custom_margin=&#8221;|50||100&#8243; animation=&#8221;off&#8221; sticky=&#8221;off&#8221; use_border_color=&#8221;off&#8221; border_color=&#8221;#ffffff&#8221; border_style=&#8221;solid&#8221; global_colors_info=&#8221;{}&#8221;] [\/et_pb_image][\/et_pb_column][et_pb_column type=&#8221;1_2&#8243; _builder_version=&#8221;4.16&#8243; custom_padding=&#8221;|||&#8221; global_colors_info=&#8221;{}&#8221; custom_padding__hover=&#8221;|||&#8221;][et_pb_text admin_label=&#8221;Text&#8221; _builder_version=&#8221;4.18.0&#8243; background_size=&#8221;initial&#8221; background_position=&#8221;top_left&#8221; background_repeat=&#8221;repeat&#8221; custom_margin=&#8221;|50||&#8221; use_border_color=&#8221;off&#8221; border_color=&#8221;#ffffff&#8221; border_style=&#8221;solid&#8221; global_colors_info=&#8221;{}&#8221;]<\/p>\n<h1>Cable bracket &#8211; KBB<\/h1>\n<p>RANGE OF APPLICATION:<\/p>\n<p>For all construction materials in combination with the KTS 6 x 50 nail plug. Due to its low height, this KTS cable clip can even be used in the space between ceilings. Using a KTS 6 x 50 nail plug, you can knock the clip straight in, creating a flush cover at the same time. The flexibility of the clip enables individual cables to be manually put in place. The three sizes of the cable bracket can be used for max. Use 8, 10 or 16 cables.<\/p>\n<p>The cable clip is made of high quality polyamide (nylon).<\/p>\n<p>[\/et_pb_text][et_pb_image src=&#8221;https:\/\/kts-duebel.de\/wp-content\/uploads\/2022\/10\/KTS-Kabelbu\u0308gel.jpg&#8221; title_text=&#8221;KTS cable hanger&#8221; align_tablet=&#8221;center&#8221; align_phone=&#8221;&#8221; align_last_edited=&#8221;on|desktop&#8221; admin_label=&#8221;Bild&#8221; _builder_version=&#8221;4.18.0&#8243; animation=&#8221;off&#8221; sticky=&#8221;off&#8221; use_border_color=&#8221;off&#8221; border_color=&#8221;#ffffff&#8221; border_style=&#8221;solid&#8221; global_colors_info=&#8221;{}&#8221;] [\/et_pb_image][\/et_pb_column][\/et_pb_row][et_pb_row padding_mobile=&#8221;off&#8221; column_padding_mobile=&#8221;on&#8221; admin_label=&#8221;row&#8221; _builder_version=&#8221;4.16&#8243; background_size=&#8221;initial&#8221; background_position=&#8221;top_left&#8221; background_repeat=&#8221;repeat&#8221; custom_width_px=&#8221;700&#8243; global_colors_info=&#8221;{}&#8221;][et_pb_column type=&#8221;4_4&#8243; _builder_version=&#8221;4.16&#8243; custom_padding=&#8221;|||&#8221; global_colors_info=&#8221;{}&#8221; custom_padding__hover=&#8221;|||&#8221;][et_pb_text admin_label=&#8221;Text&#8221; _builder_version=&#8221;4.16&#8243; background_color=&#8221;#ffffff&#8221; background_size=&#8221;initial&#8221; background_position=&#8221;top_left&#8221; background_repeat=&#8221;repeat&#8221; use_border_color=&#8221;off&#8221; border_color=&#8221;#ffffff&#8221; border_style=&#8221;solid&#8221; global_colors_info=&#8221;{}&#8221;]<\/p>\n<table class=\"producttable\" border=\"0\">\n<thead>\n<tr>\n<th colspan=\"5\">Technical data KBB &#8211; cable bracket<\/th>\n<\/tr>\n<\/thead>\n<tbody>\n<tr>\n<td><\/td>\n<td><\/td>\n<td><strong>KBB 8<\/strong> &#8211; one-sided<\/td>\n<td><strong>KBB 10<\/strong> &#8211; double-sided<\/td>\n<td><strong>KBB 16<\/strong> &#8211; double-sided<\/td>\n<\/tr>\n<tr>\n<td>Article-No.<\/td>\n<td><\/td>\n<td>2021000008<\/td>\n<td>2021000010<\/td>\n<td>2021000016<\/td>\n<\/tr>\n<tr>\n<td>Packaging unit<\/td>\n<td>Piece<\/td>\n<td>400<\/td>\n<td>400<\/td>\n<td>200<\/td>\n<\/tr>\n<tr>\n<td>Weight per packing unit<\/td>\n<td><\/td>\n<td>3.1 kg.<\/td>\n<td>4.0 kg.<\/td>\n<td>3.4 kg.<\/td>\n<\/tr>\n<\/tbody>\n<\/table>\n<p>[\/et_pb_text][\/et_pb_column][\/et_pb_row][\/et_pb_section]<\/p>\n","protected":false},"excerpt":{"rendered":"<p>Cable bracket &#8211; KBB RANGE OF APPLICATION: For all construction materials in combination with the KTS 6 x 50 nail plug. Due to its low height, this KTS cable clip can even be used in the space between ceilings. Using a KTS 6 x 50 nail plug, you can knock the clip straight in, creating [&hellip;]<\/p>\n","protected":false},"author":2,"featured_media":0,"parent":0,"menu_order":107,"comment_status":"closed","ping_status":"open","template":"","meta":{"_et_pb_use_builder":"on","_et_pb_old_content":"<table border=\"0\"><tbody><tr><td valign=\"top\"><img class=\"alignnone size-full wp-image-174\" title=\"KBB - Kabelb\u00fcgel\" src=\"https:\/\/kts-duebel.de\/wp-content\/uploads\/2009\/05\/17_1.jpg\" alt=\"KBB - Kabelb\u00fcgel\" width=\"309\" height=\"181\" \/><img class=\"alignnone size-full wp-image-175\" title=\"KBB - Kabelb\u00fcgel\" src=\"https:\/\/kts-duebel.de\/wp-content\/uploads\/2009\/05\/17_2.jpg\" alt=\"KBB - Kabelb\u00fcgel\" width=\"309\" height=\"181\" \/><\/td><td style=\"width: 25px;\">\u00a0<\/td><td valign=\"top\"><p>EINSATZBEREICH: F\u00fcr alle Baustoffe in Verbindung mit dem KTS Nageld\u00fcbel 6 x 40, 6 x 50 oder 6 x 60Der KTS Kabelb\u00fcgel kann durch seine geringe Bauh\u00f6he auch im Zwischendeckenbereich eingesetzt werden. Mit Hilfe des KTS Nageld\u00fcbels 6 x 40, 6 x 50 oder 6 x 60 ist ein direktes Einschlagen mit gleichzeitiger b\u00fcndiger Abdeckung m\u00f6glich. Die Vorspannung des Kabelb\u00fcgels erm\u00f6glicht eine manuelle Best\u00fcckung einzelner Kabel. Die drei Gr\u00f6\u00dfen des Kabelb\u00fcgels kann man f\u00fcr max. 8, 10 oder 16 Kabel einsetzen.<\/p><p>Der Kabelb\u00fcgel wird aus hochwertigem Polyamid (Nylon) hergestellt.<\/p><\/td><\/tr><\/tbody><\/table><p>\u00a0<\/p><table class=\"producttable\" style=\"text-align: left;\" border=\"0\"><thead><tr style=\"background-color: #dcdcdc;\"><th colspan=\"5\">Leistungsdaten KBB - Kabelb\u00fcgel<\/th><\/tr><\/thead><tbody><tr><td>\u00a0<\/td><td>\u00a0<\/td><td style=\"text-align: center;\"><strong>KBB 8<\/strong> - einseitig<\/td><td style=\"text-align: center;\"><strong>KBB 10<\/strong> - doppelseitig<\/td><td style=\"text-align: center;\"><strong>KBB 16<\/strong> - doppelseitig<\/td><\/tr><tr style=\"background-color: #dcdcdc;\"><td>Artikelnummer<\/td><td style=\"text-align: center;\">\u00a0<\/td><td style=\"text-align: center;\">2021000008<\/td><td style=\"text-align: center;\">2021000010<\/td><td style=\"text-align: center;\">2021000016<\/td><\/tr><tr><td>Verpackungseinheit<\/td><td style=\"text-align: center;\">St\u00fcck<\/td><td style=\"text-align: center;\">400<\/td><td style=\"text-align: center;\">400<\/td><td style=\"text-align: center;\">200<\/td><\/tr><tr style=\"background-color: #dcdcdc;\"><td>Gewicht pro VE<\/td><td style=\"text-align: center;\">\u00a0<\/td><td style=\"text-align: center;\">3,1 kg.<\/td><td style=\"text-align: center;\">4,0 kg.<\/td><td style=\"text-align: center;\">3,4 kg.<\/td><\/tr><\/tbody><\/table>","_et_gb_content_width":"","footnotes":""},"class_list":["post-5914","page","type-page","status-publish","hentry"],"yoast_head":"<!-- This site is optimized with the Yoast SEO plugin v26.9 - https:\/\/yoast.com\/product\/yoast-seo-wordpress\/ -->\n<title>Cable bracket - KBB &#183; KTS Kunststofftechnik - D\u00fcbel \/ Befestigungstechnik<\/title>\n<meta name=\"description\" content=\"Lay cables easily and safely with our cable bracket. Cable fastening in the suspended ceiling has never been easier. Buy cable brackets now!\" \/>\n<meta name=\"robots\" content=\"index, follow, max-snippet:-1, max-image-preview:large, max-video-preview:-1\" \/>\n<link rel=\"canonical\" href=\"https:\/\/kts-duebel.de\/en\/cable-bracket-kbb\/\" \/>\n<meta property=\"og:locale\" content=\"en_US\" \/>\n<meta property=\"og:type\" content=\"article\" \/>\n<meta property=\"og:title\" content=\"Cable bracket - KBB &#183; KTS Kunststofftechnik - D\u00fcbel \/ Befestigungstechnik\" \/>\n<meta property=\"og:description\" content=\"Lay cables easily and safely with our cable bracket. Cable fastening in the suspended ceiling has never been easier. Buy cable brackets now!\" \/>\n<meta property=\"og:url\" content=\"https:\/\/kts-duebel.de\/en\/cable-bracket-kbb\/\" \/>\n<meta property=\"og:site_name\" content=\"KTS Kunststofftechnik - D\u00fcbel \/ Befestigungstechnik\" \/>\n<meta property=\"article:publisher\" content=\"https:\/\/www.facebook.com\/KtS-Kunststofftechnik-GmbH-111544753881915\/\" \/>\n<meta property=\"article:modified_time\" content=\"2024-05-30T15:52:30+00:00\" \/>\n<meta name=\"twitter:card\" content=\"summary_large_image\" \/>\n<meta name=\"twitter:label1\" content=\"Est. reading time\" \/>\n\t<meta name=\"twitter:data1\" content=\"2 minutes\" \/>\n<script type=\"application\/ld+json\" class=\"yoast-schema-graph\">{\"@context\":\"https:\/\/schema.org\",\"@graph\":[{\"@type\":\"WebPage\",\"@id\":\"https:\/\/kts-duebel.de\/en\/cable-bracket-kbb\/\",\"url\":\"https:\/\/kts-duebel.de\/en\/cable-bracket-kbb\/\",\"name\":\"Cable bracket - KBB &#183; KTS Kunststofftechnik - D\u00fcbel \/ Befestigungstechnik\",\"isPartOf\":{\"@id\":\"https:\/\/kts-duebel.de\/en\/#website\"},\"datePublished\":\"2009-05-09T15:39:50+00:00\",\"dateModified\":\"2024-05-30T15:52:30+00:00\",\"description\":\"Lay cables easily and safely with our cable bracket. Cable fastening in the suspended ceiling has never been easier. Buy cable brackets now!\",\"breadcrumb\":{\"@id\":\"https:\/\/kts-duebel.de\/en\/cable-bracket-kbb\/#breadcrumb\"},\"inLanguage\":\"en-US\",\"potentialAction\":[{\"@type\":\"ReadAction\",\"target\":[\"https:\/\/kts-duebel.de\/en\/cable-bracket-kbb\/\"]}]},{\"@type\":\"BreadcrumbList\",\"@id\":\"https:\/\/kts-duebel.de\/en\/cable-bracket-kbb\/#breadcrumb\",\"itemListElement\":[{\"@type\":\"ListItem\",\"position\":1,\"name\":\"Home\",\"item\":\"https:\/\/kts-duebel.de\/en\/home\/\"},{\"@type\":\"ListItem\",\"position\":2,\"name\":\"Cable bracket &#8211; KBB\"}]},{\"@type\":\"WebSite\",\"@id\":\"https:\/\/kts-duebel.de\/en\/#website\",\"url\":\"https:\/\/kts-duebel.de\/en\/\",\"name\":\"KTS Kunststofftechnik - D\u00fcbel \/ Befestigungstechnik\",\"description\":\"\",\"publisher\":{\"@id\":\"https:\/\/kts-duebel.de\/en\/#organization\"},\"potentialAction\":[{\"@type\":\"SearchAction\",\"target\":{\"@type\":\"EntryPoint\",\"urlTemplate\":\"https:\/\/kts-duebel.de\/en\/?s={search_term_string}\"},\"query-input\":{\"@type\":\"PropertyValueSpecification\",\"valueRequired\":true,\"valueName\":\"search_term_string\"}}],\"inLanguage\":\"en-US\"},{\"@type\":\"Organization\",\"@id\":\"https:\/\/kts-duebel.de\/en\/#organization\",\"name\":\"KTS Kunststofftechnik GmbH\",\"url\":\"https:\/\/kts-duebel.de\/en\/\",\"logo\":{\"@type\":\"ImageObject\",\"inLanguage\":\"en-US\",\"@id\":\"https:\/\/kts-duebel.de\/en\/#\/schema\/logo\/image\/\",\"url\":\"https:\/\/kts-duebel.de\/wp-content\/uploads\/2016\/03\/logo.png\",\"contentUrl\":\"https:\/\/kts-duebel.de\/wp-content\/uploads\/2016\/03\/logo.png\",\"width\":512,\"height\":512,\"caption\":\"KTS Kunststofftechnik GmbH\"},\"image\":{\"@id\":\"https:\/\/kts-duebel.de\/en\/#\/schema\/logo\/image\/\"},\"sameAs\":[\"https:\/\/www.facebook.com\/KtS-Kunststofftechnik-GmbH-111544753881915\/\"]}]}<\/script>\n<!-- \/ Yoast SEO plugin. -->","yoast_head_json":{"title":"Cable bracket - KBB &#183; KTS Kunststofftechnik - D\u00fcbel \/ Befestigungstechnik","description":"Lay cables easily and safely with our cable bracket. Cable fastening in the suspended ceiling has never been easier. Buy cable brackets now!","robots":{"index":"index","follow":"follow","max-snippet":"max-snippet:-1","max-image-preview":"max-image-preview:large","max-video-preview":"max-video-preview:-1"},"canonical":"https:\/\/kts-duebel.de\/en\/cable-bracket-kbb\/","og_locale":"en_US","og_type":"article","og_title":"Cable bracket - KBB &#183; KTS Kunststofftechnik - D\u00fcbel \/ Befestigungstechnik","og_description":"Lay cables easily and safely with our cable bracket. Cable fastening in the suspended ceiling has never been easier. Buy cable brackets now!","og_url":"https:\/\/kts-duebel.de\/en\/cable-bracket-kbb\/","og_site_name":"KTS Kunststofftechnik - D\u00fcbel \/ Befestigungstechnik","article_publisher":"https:\/\/www.facebook.com\/KtS-Kunststofftechnik-GmbH-111544753881915\/","article_modified_time":"2024-05-30T15:52:30+00:00","twitter_card":"summary_large_image","twitter_misc":{"Est. reading time":"2 minutes"},"schema":{"@context":"https:\/\/schema.org","@graph":[{"@type":"WebPage","@id":"https:\/\/kts-duebel.de\/en\/cable-bracket-kbb\/","url":"https:\/\/kts-duebel.de\/en\/cable-bracket-kbb\/","name":"Cable bracket - KBB &#183; KTS Kunststofftechnik - D\u00fcbel \/ Befestigungstechnik","isPartOf":{"@id":"https:\/\/kts-duebel.de\/en\/#website"},"datePublished":"2009-05-09T15:39:50+00:00","dateModified":"2024-05-30T15:52:30+00:00","description":"Lay cables easily and safely with our cable bracket. Cable fastening in the suspended ceiling has never been easier. Buy cable brackets now!","breadcrumb":{"@id":"https:\/\/kts-duebel.de\/en\/cable-bracket-kbb\/#breadcrumb"},"inLanguage":"en-US","potentialAction":[{"@type":"ReadAction","target":["https:\/\/kts-duebel.de\/en\/cable-bracket-kbb\/"]}]},{"@type":"BreadcrumbList","@id":"https:\/\/kts-duebel.de\/en\/cable-bracket-kbb\/#breadcrumb","itemListElement":[{"@type":"ListItem","position":1,"name":"Home","item":"https:\/\/kts-duebel.de\/en\/home\/"},{"@type":"ListItem","position":2,"name":"Cable bracket &#8211; KBB"}]},{"@type":"WebSite","@id":"https:\/\/kts-duebel.de\/en\/#website","url":"https:\/\/kts-duebel.de\/en\/","name":"KTS Kunststofftechnik - D\u00fcbel \/ Befestigungstechnik","description":"","publisher":{"@id":"https:\/\/kts-duebel.de\/en\/#organization"},"potentialAction":[{"@type":"SearchAction","target":{"@type":"EntryPoint","urlTemplate":"https:\/\/kts-duebel.de\/en\/?s={search_term_string}"},"query-input":{"@type":"PropertyValueSpecification","valueRequired":true,"valueName":"search_term_string"}}],"inLanguage":"en-US"},{"@type":"Organization","@id":"https:\/\/kts-duebel.de\/en\/#organization","name":"KTS Kunststofftechnik GmbH","url":"https:\/\/kts-duebel.de\/en\/","logo":{"@type":"ImageObject","inLanguage":"en-US","@id":"https:\/\/kts-duebel.de\/en\/#\/schema\/logo\/image\/","url":"https:\/\/kts-duebel.de\/wp-content\/uploads\/2016\/03\/logo.png","contentUrl":"https:\/\/kts-duebel.de\/wp-content\/uploads\/2016\/03\/logo.png","width":512,"height":512,"caption":"KTS Kunststofftechnik GmbH"},"image":{"@id":"https:\/\/kts-duebel.de\/en\/#\/schema\/logo\/image\/"},"sameAs":["https:\/\/www.facebook.com\/KtS-Kunststofftechnik-GmbH-111544753881915\/"]}]}},"_links":{"self":[{"href":"https:\/\/kts-duebel.de\/en\/wp-json\/wp\/v2\/pages\/5914","targetHints":{"allow":["GET"]}}],"collection":[{"href":"https:\/\/kts-duebel.de\/en\/wp-json\/wp\/v2\/pages"}],"about":[{"href":"https:\/\/kts-duebel.de\/en\/wp-json\/wp\/v2\/types\/page"}],"author":[{"embeddable":true,"href":"https:\/\/kts-duebel.de\/en\/wp-json\/wp\/v2\/users\/2"}],"replies":[{"embeddable":true,"href":"https:\/\/kts-duebel.de\/en\/wp-json\/wp\/v2\/comments?post=5914"}],"version-history":[{"count":10,"href":"https:\/\/kts-duebel.de\/en\/wp-json\/wp\/v2\/pages\/5914\/revisions"}],"predecessor-version":[{"id":7456,"href":"https:\/\/kts-duebel.de\/en\/wp-json\/wp\/v2\/pages\/5914\/revisions\/7456"}],"wp:attachment":[{"href":"https:\/\/kts-duebel.de\/en\/wp-json\/wp\/v2\/media?parent=5914"}],"curies":[{"name":"wp","href":"https:\/\/api.w.org\/{rel}","templated":true}]}}