{"id":5859,"date":"2009-05-09T14:44:33","date_gmt":"2009-05-09T13:44:33","guid":{"rendered":"https:\/\/kts-duebel.de\/dowel-technology\/cellular-concrete-dowel-gb-concrete\/"},"modified":"2022-10-05T10:17:25","modified_gmt":"2022-10-05T09:17:25","slug":"cellular-concrete-dowel-gb-concrete","status":"publish","type":"page","link":"https:\/\/kts-duebel.de\/en\/cellular-concrete-dowel-gb-concrete\/","title":{"rendered":"Aerated autoclaved concrete plug &#8211; GB-CONCRETE"},"content":{"rendered":"<p>[et_pb_section fb_built=&#8221;1&#8243; custom_padding_last_edited=&#8221;on|desktop&#8221; admin_label=&#8221;section&#8221; _builder_version=&#8221;4.16&#8243; background_color=&#8221;#ffffff&#8221; custom_padding_tablet=&#8221;50px|0|50px|0&#8243; custom_padding_phone=&#8221;&#8221; transparent_background=&#8221;off&#8221; padding_mobile=&#8221;off&#8221; global_colors_info=&#8221;{}&#8221;][et_pb_row column_structure=&#8221;1_2,1_2&#8243; padding_mobile=&#8221;off&#8221; admin_label=&#8221;row&#8221; _builder_version=&#8221;4.16&#8243; background_size=&#8221;initial&#8221; background_position=&#8221;top_left&#8221; background_repeat=&#8221;repeat&#8221; global_colors_info=&#8221;{}&#8221;][et_pb_column type=&#8221;1_2&#8243; _builder_version=&#8221;4.16&#8243; custom_padding=&#8221;|||&#8221; global_colors_info=&#8221;{}&#8221; custom_padding__hover=&#8221;|||&#8221;][et_pb_divider show_divider=&#8221;off&#8221; disabled_on=&#8221;on|on|off&#8221; admin_label=&#8221;Teiler&#8221; _builder_version=&#8221;4.16&#8243; height=&#8221;70px&#8221; hide_on_mobile=&#8221;on&#8221; global_colors_info=&#8221;{}&#8221;][\/et_pb_divider][et_pb_image src=&#8221;https:\/\/kts-duebel.de\/wp-content\/uploads\/2009\/05\/Concrete-e1447065599673.jpg&#8221; align_tablet=&#8221;center&#8221; align_phone=&#8221;&#8221; align_last_edited=&#8221;on|desktop&#8221; admin_label=&#8221;Bild&#8221; _builder_version=&#8221;4.16&#8243; custom_margin=&#8221;|50||100&#8243; animation=&#8221;off&#8221; sticky=&#8221;off&#8221; use_border_color=&#8221;off&#8221; border_color=&#8221;#ffffff&#8221; border_style=&#8221;solid&#8221; global_colors_info=&#8221;{}&#8221;][\/et_pb_image][\/et_pb_column][et_pb_column type=&#8221;1_2&#8243; _builder_version=&#8221;4.16&#8243; custom_padding=&#8221;|||&#8221; global_colors_info=&#8221;{}&#8221; custom_padding__hover=&#8221;|||&#8221;][et_pb_text admin_label=&#8221;Text&#8221; _builder_version=&#8221;4.16&#8243; background_size=&#8221;initial&#8221; background_position=&#8221;top_left&#8221; background_repeat=&#8221;repeat&#8221; custom_margin=&#8221;|50||&#8221; use_border_color=&#8221;off&#8221; border_color=&#8221;#ffffff&#8221; border_style=&#8221;solid&#8221; global_colors_info=&#8221;{}&#8221;]<\/p>\n<h2>Aerated autoclaved concrete plug &#8211; GB-CONCRETE<\/h2>\n<h6>USE: Aerated autoclaved concrete and lightweight building materials<\/h6>\n<p>The aerated concrete plug has a special external thread which can be screwed into the building material with the aid of an Allen key. This guarantees a good anchorage within the stone. For mounting you can use wood, universal or machine screws.<\/p>\n<p>[\/et_pb_text][et_pb_text admin_label=&#8221;Text&#8221; _builder_version=&#8221;4.16&#8243; background_size=&#8221;initial&#8221; background_position=&#8221;top_left&#8221; background_repeat=&#8221;repeat&#8221; use_border_color=&#8221;off&#8221; border_color=&#8221;#ffffff&#8221; border_style=&#8221;solid&#8221; global_colors_info=&#8221;{}&#8221;]<\/p>\n<p><strong>Installation:<\/strong><br \/>&#8211; drill a hole<br \/>&#8211; clean the hole<br \/>&#8211; put the plug into the hole by using an installation tool or a fitting hex. wrench.<\/p>\n<p>This information should be considered as a general recommendation. This information should be regarded as general recommendations. More specifically, please note that these plugs and anchors may not be used for work subject to building inspections (e.g. for securing fa\u00e7ade substructures, roofs etc.).<\/p>\n<p><strong>* Safety factor 3<\/strong><\/p>\n<p>[\/et_pb_text][\/et_pb_column][\/et_pb_row][et_pb_row padding_mobile=&#8221;off&#8221; column_padding_mobile=&#8221;on&#8221; admin_label=&#8221;Line&#8221; _builder_version=&#8221;4.16&#8243; background_color=&#8221;#ffffff&#8221; background_size=&#8221;initial&#8221; background_position=&#8221;top_left&#8221; background_repeat=&#8221;repeat&#8221; global_colors_info=&#8221;{}&#8221;][et_pb_column type=&#8221;4_4&#8243; _builder_version=&#8221;4.16&#8243; custom_padding=&#8221;|||&#8221; global_colors_info=&#8221;{}&#8221; custom_padding__hover=&#8221;|||&#8221;][et_pb_image src=&#8221;https:\/\/kts-duebel.de\/wp-content\/uploads\/2009\/05\/Concrete-Anwendung.jpg&#8221; align_tablet=&#8221;center&#8221; align_phone=&#8221;&#8221; align_last_edited=&#8221;on|desktop&#8221; admin_label=&#8221;Bild&#8221; _builder_version=&#8221;4.16&#8243; animation=&#8221;off&#8221; sticky=&#8221;off&#8221; use_border_color=&#8221;off&#8221; border_color=&#8221;#ffffff&#8221; border_style=&#8221;solid&#8221; global_colors_info=&#8221;{}&#8221;][\/et_pb_image][\/et_pb_column][\/et_pb_row][et_pb_row padding_mobile=&#8221;off&#8221; column_padding_mobile=&#8221;on&#8221; admin_label=&#8221;row&#8221; _builder_version=&#8221;4.16&#8243; background_size=&#8221;initial&#8221; background_position=&#8221;top_left&#8221; background_repeat=&#8221;repeat&#8221; custom_width_px=&#8221;700&#8243; global_colors_info=&#8221;{}&#8221;][et_pb_column type=&#8221;4_4&#8243; _builder_version=&#8221;4.16&#8243; custom_padding=&#8221;|||&#8221; global_colors_info=&#8221;{}&#8221; custom_padding__hover=&#8221;|||&#8221;][et_pb_text admin_label=&#8221;Text&#8221; _builder_version=&#8221;4.16&#8243; background_color=&#8221;#ffffff&#8221; background_size=&#8221;initial&#8221; background_position=&#8221;top_left&#8221; background_repeat=&#8221;repeat&#8221; use_border_color=&#8221;off&#8221; border_color=&#8221;#ffffff&#8221; border_style=&#8221;solid&#8221; global_colors_info=&#8221;{}&#8221;]<\/p>\n<table class=\"producttable\" border=\"0\">\n<thead>\n<tr>\n<th colspan=\"6\">Technical data GB &#8211; aerated concrete dowel<\/th>\n<\/tr>\n<\/thead>\n<tbody>\n<tr>\n<td><\/td>\n<td><\/td>\n<td><strong>4 x 50 mm<\/strong><\/td>\n<td><strong>6 x 50 mm<\/strong><\/td>\n<td><strong>8 x 60 mm<\/strong><\/td>\n<td><strong>10 x 70 mm<\/strong><\/td>\n<\/tr>\n<tr>\n<td>Article-No.<\/td>\n<td><\/td>\n<td>1770406011<\/td>\n<td>1770606011<\/td>\n<td>1770807011<\/td>\n<td>1771008011<\/td>\n<\/tr>\n<tr>\n<td>Packaging unit<\/td>\n<td>Piece<\/td>\n<td>100 \/ 1.000<\/td>\n<td>100 \/ 1.000<\/td>\n<td>50 \/ 500<\/td>\n<td>50 \/ 250<\/td>\n<\/tr>\n<tr>\n<td>Screws \u00d8 mm<\/td>\n<td><\/td>\n<td>4,0 &#8211; 4,5 \/ M 4<\/td>\n<td>5,0 &#8211; 6,0 \/ M 5<\/td>\n<td>7,0 &#8211; 8,0 \/ M 8<\/td>\n<td>9,0 &#8211; 10,0 \/ M 10<\/td>\n<\/tr>\n<tr>\n<td>Allen key<\/td>\n<td><\/td>\n<td>\u00d8 6<\/td>\n<td>\u00d8 6<\/td>\n<td>\u00d8 8<\/td>\n<td>\u00d8 10<\/td>\n<\/tr>\n<tr>\n<td>Weight per packing unit<\/td>\n<td><\/td>\n<td>3.5 kg.<\/td>\n<td>3.6 kg.<\/td>\n<td>2.95 kg.<\/td>\n<td>4.2 kg.<\/td>\n<\/tr>\n<\/tbody>\n<\/table>\n<table class=\"producttable\" border=\"0\">\n<thead>\n<tr>\n<th colspan=\"5\">Factory test GB &#8211; Aerated concrete anchor<\/th>\n<\/tr>\n<\/thead>\n<tbody>\n<tr>\n<td colspan=\"5\">Material: NYLON (polyamide 6)<\/td>\n<\/tr>\n<tr>\n<td>Drill hole \u00d8 lightweight concrete mm<\/td>\n<td>10<\/td>\n<td>10<\/td>\n<td>12<\/td>\n<td>14<\/td>\n<\/tr>\n<tr>\n<td>Drill hole \u00d8 air concrete mm<\/td>\n<td>8<\/td>\n<td>8<\/td>\n<td>10<\/td>\n<td>12<\/td>\n<\/tr>\n<tr>\n<td>Drilling depth mm<\/td>\n<td>60<\/td>\n<td>60<\/td>\n<td>70<\/td>\n<td>80<\/td>\n<\/tr>\n<tr>\n<td>Screws \u00d8 mm<\/td>\n<td>4,0 &#8211; 4,5 \/ M 4<\/td>\n<td>5,0 &#8211; 6,0 \/ M 5<\/td>\n<td>7,0 &#8211; 8,0 \/ M 8<\/td>\n<td>9,0 &#8211; 10,0 \/ M 10<\/td>\n<\/tr>\n<tr>\n<td>Pull-out value lightweight concrete (kN)*<\/td>\n<td>0,9<\/td>\n<td>1,1<\/td>\n<td>1,7<\/td>\n<td>2,3<\/td>\n<\/tr>\n<tr>\n<td>Pull-out value aircrete (kN)*<\/td>\n<td>0,9<\/td>\n<td>2,6<\/td>\n<td>3,8<\/td>\n<td>5,5<\/td>\n<\/tr>\n<\/tbody>\n<\/table>\n<p>[\/et_pb_text][\/et_pb_column][\/et_pb_row][\/et_pb_section]<\/p>\n","protected":false},"excerpt":{"rendered":"<p>Aerated autoclaved concrete plug &#8211; GB-CONCRETE USE: Aerated autoclaved concrete and lightweight building materials The aerated concrete plug has a special external thread which can be screwed into the building material with the aid of an Allen key. This guarantees a good anchorage within the stone. For mounting you can use wood, universal or machine [&hellip;]<\/p>\n","protected":false},"author":2,"featured_media":0,"parent":0,"menu_order":2,"comment_status":"closed","ping_status":"open","template":"","meta":{"_et_pb_use_builder":"on","_et_pb_old_content":"<table border=\"0\"><tbody><tr><td valign=\"top\"><img class=\"alignnone size-full wp-image-133\" title=\"GB - Gasbetond\u00fcbel\" src=\"https:\/\/kts-duebel.de\/wp-content\/uploads\/2009\/05\/10.jpg\" alt=\"GB - Gasbetond\u00fcbel\" width=\"309\" height=\"181\" \/><\/td><td style=\"width: 25px;\">\u00a0<\/td><td valign=\"top\"><p>EINSATZBEREICH: Porenbeton und Leichtbausteine.<\/p><p>Durch das Spezialau\u00dfengewinde des KTS Gasbetond\u00fcbels wird eine gute Verankerung innerhalb des Steines garantiert. F\u00fcr die Montage kann man Holz-, Universal- oder Maschinenschrauben einsetzen.<\/p><\/td><\/tr><\/tbody><\/table><p>\u00a0<\/p><table class=\"producttable\" style=\"text-align: left;\" border=\"0\"><thead><tr style=\"background-color: #dcdcdc;\"><th colspan=\"6\">Leistungsdaten GB - Porenbetond\u00fcbel<\/th><\/tr><\/thead><tbody><tr><td>\u00a0<\/td><td>\u00a0<\/td><td style=\"text-align: center;\"><strong>4 x 50 mm<\/strong><\/td><td style=\"text-align: center;\"><strong>6 x 50 mm<\/strong><\/td><td style=\"text-align: center;\"><strong>8 x 60 mm<\/strong><\/td><td style=\"text-align: center;\"><strong>10 x 70 mm<\/strong><\/td><\/tr><tr style=\"background-color: #dcdcdc;\"><td>Artikelnummer<\/td><td style=\"text-align: center;\">\u00a0<\/td><td style=\"text-align: center;\">1770406011<\/td><td style=\"text-align: center;\">1770606011<\/td><td style=\"text-align: center;\">1770807011<\/td><td style=\"text-align: center;\">1771008011<\/td><\/tr><tr><td>Verpackungseinheit<\/td><td style=\"text-align: center;\">St\u00fcck<\/td><td style=\"text-align: center;\">100 \/ 1.000<\/td><td style=\"text-align: center;\">100 \/ 1.000<\/td><td style=\"text-align: center;\">50 \/ 500<\/td><td style=\"text-align: center;\">50 \/ 250<\/td><\/tr><tr style=\"background-color: #dcdcdc;\"><td>Schrauben \u00d8 mm<\/td><td style=\"text-align: center;\">\u00a0<\/td><td style=\"text-align: center;\">4,0 - 4,5 \/ M 4<\/td><td style=\"text-align: center;\">5,0 - 6,0 \/ M 5<\/td><td style=\"text-align: center;\">7,0 - 8,0 \/ M 8<\/td><td style=\"text-align: center;\">9,0 - 10,0 \/ M 10<\/td><\/tr><tr><td>Inbusschl\u00fcssel<\/td><td style=\"text-align: center;\">\u00a0<\/td><td style=\"text-align: center;\">\u00d8 6<\/td><td style=\"text-align: center;\">\u00d8 6<\/td><td style=\"text-align: center;\">\u00d8 8<\/td><td style=\"text-align: center;\">\u00d8 10<\/td><\/tr><tr style=\"background-color: #dcdcdc;\"><td>Gewicht pro VE<\/td><td style=\"text-align: center;\">\u00a0<\/td><td style=\"text-align: center;\">3,5 kg.<\/td><td style=\"text-align: center;\">3,6 kg.<\/td><td style=\"text-align: center;\">2,95 kg.<\/td><td style=\"text-align: center;\">4,2 kg.<\/td><\/tr><\/tbody><\/table><p>\u00a0<\/p><table class=\"producttable\" style=\"text-align: left;\" border=\"0\"><thead><tr style=\"background-color: #dcdcdc;\"><th colspan=\"5\">Werkspr\u00fcfung GB - Porenbetond\u00fcbel<\/th><\/tr><\/thead><tbody><tr><td colspan=\"5\">Material: NYLON (Polyamid 6)<\/td><\/tr><tr style=\"background-color: #dcdcdc;\"><td>Bohrloch \u00d8 Leichtbeton mm<\/td><td style=\"text-align: center;\">10<\/td><td style=\"text-align: center;\">10<\/td><td style=\"text-align: center;\">12<\/td><td style=\"text-align: center;\">14<\/td><\/tr><tr><td>Bohrloch \u00d8 Luftbeton mm<\/td><td style=\"text-align: center;\">8<\/td><td style=\"text-align: center;\">8<\/td><td style=\"text-align: center;\">10<\/td><td style=\"text-align: center;\">12<\/td><\/tr><tr style=\"background-color: #dcdcdc;\"><td>Bohrtiefe mm<\/td><td style=\"text-align: center;\">60<\/td><td style=\"text-align: center;\">60<\/td><td style=\"text-align: center;\">70<\/td><td style=\"text-align: center;\">80<\/td><\/tr><tr><td>Schrauben \u00d8 mm<\/td><td style=\"text-align: center;\">4,0 - 4,5 \/ M 4<\/td><td style=\"text-align: center;\">5,0 - 6,0 \/ M 5<\/td><td style=\"text-align: center;\">7,0 - 8,0 \/ M 8<\/td><td style=\"text-align: center;\">9,0 - 10,0 \/ M 10<\/td><\/tr><tr style=\"background-color: #dcdcdc;\"><td>Auszugswert Leichtbeton (kN)*<\/td><td style=\"text-align: center;\">0,9<\/td><td style=\"text-align: center;\">1,1<\/td><td style=\"text-align: center;\">1,7<\/td><td style=\"text-align: center;\">2,3<\/td><\/tr><tr><td>Auszugswert Luftbeton (kN)*<\/td><td style=\"text-align: center;\">0,9<\/td><td style=\"text-align: center;\">2,6<\/td><td style=\"text-align: center;\">3,8<\/td><td style=\"text-align: center;\">5,5<\/td><\/tr><\/tbody><\/table><p>\u00a0<\/p><p><img class=\"alignnone size-full wp-image-138\" title=\"gb_illu1\" src=\"https:\/\/kts-duebel.de\/wp-content\/uploads\/2009\/05\/gb_illu1.gif\" alt=\"gb_illu1\" width=\"760\" height=\"133\" \/><\/p><p><strong>Installation:<\/strong><br \/> - bohren Sie ein Loch<br \/> - s\u00e4ubern Sie das Loch<br \/> - setzen Sie den D\u00fcbel in das Loch, indem Sie ein Einsatzwerkzeug verwenden.<\/p><p>\u00a0<\/p><p><span style=\"font-size: x-small;\">Diese Angaben sind als allgemeine Empfehlung zu betrachten. Es wird ausdr\u00fccklich darauf hingewiesen, dass diese D\u00fcbel nicht im bauaufsichtlichen Bereich (z.B. zur Befestigung von Fassadenunterkonstruktionen, D\u00e4chern usw.) verwendet werden d\u00fcrfen.<\/span><\/p><p><span style=\"font-size: xx-small;\"><span style=\"font-size: small;\"><strong>* Sicherheitsfaktor 3<\/strong><\/span><br \/> <\/span><\/p>","_et_gb_content_width":"","footnotes":""},"class_list":["post-5859","page","type-page","status-publish","hentry"],"yoast_head":"<!-- This site is optimized with the Yoast SEO plugin v26.9 - https:\/\/yoast.com\/product\/yoast-seo-wordpress\/ -->\n<title>Aerated autoclaved concrete plug - GB-CONCRETE &#183; KTS Kunststofftechnik - D\u00fcbel \/ Befestigungstechnik<\/title>\n<meta name=\"description\" content=\"Cellular concrete anchor for aerated concrete even for heavy loads. With special external thread for screwing into the building material for a secure hold.\" \/>\n<meta name=\"robots\" content=\"index, follow, max-snippet:-1, max-image-preview:large, max-video-preview:-1\" \/>\n<link rel=\"canonical\" href=\"https:\/\/kts-duebel.de\/en\/cellular-concrete-dowel-gb-concrete\/\" \/>\n<meta property=\"og:locale\" content=\"en_US\" \/>\n<meta property=\"og:type\" content=\"article\" \/>\n<meta property=\"og:title\" content=\"Aerated autoclaved concrete plug - GB-CONCRETE &#183; KTS Kunststofftechnik - D\u00fcbel \/ Befestigungstechnik\" \/>\n<meta property=\"og:description\" content=\"Cellular concrete anchor for aerated concrete even for heavy loads. With special external thread for screwing into the building material for a secure hold.\" \/>\n<meta property=\"og:url\" content=\"https:\/\/kts-duebel.de\/en\/cellular-concrete-dowel-gb-concrete\/\" \/>\n<meta property=\"og:site_name\" content=\"KTS Kunststofftechnik - D\u00fcbel \/ Befestigungstechnik\" \/>\n<meta property=\"article:publisher\" content=\"https:\/\/www.facebook.com\/KtS-Kunststofftechnik-GmbH-111544753881915\/\" \/>\n<meta property=\"article:modified_time\" content=\"2022-10-05T09:17:25+00:00\" \/>\n<meta name=\"twitter:card\" content=\"summary_large_image\" \/>\n<meta name=\"twitter:label1\" content=\"Est. reading time\" \/>\n\t<meta name=\"twitter:data1\" content=\"3 minutes\" \/>\n<script type=\"application\/ld+json\" class=\"yoast-schema-graph\">{\"@context\":\"https:\/\/schema.org\",\"@graph\":[{\"@type\":\"WebPage\",\"@id\":\"https:\/\/kts-duebel.de\/en\/cellular-concrete-dowel-gb-concrete\/\",\"url\":\"https:\/\/kts-duebel.de\/en\/cellular-concrete-dowel-gb-concrete\/\",\"name\":\"Aerated autoclaved concrete plug - GB-CONCRETE &#183; KTS Kunststofftechnik - D\u00fcbel \/ Befestigungstechnik\",\"isPartOf\":{\"@id\":\"https:\/\/kts-duebel.de\/en\/#website\"},\"datePublished\":\"2009-05-09T13:44:33+00:00\",\"dateModified\":\"2022-10-05T09:17:25+00:00\",\"description\":\"Cellular concrete anchor for aerated concrete even for heavy loads. With special external thread for screwing into the building material for a secure hold.\",\"breadcrumb\":{\"@id\":\"https:\/\/kts-duebel.de\/en\/cellular-concrete-dowel-gb-concrete\/#breadcrumb\"},\"inLanguage\":\"en-US\",\"potentialAction\":[{\"@type\":\"ReadAction\",\"target\":[\"https:\/\/kts-duebel.de\/en\/cellular-concrete-dowel-gb-concrete\/\"]}]},{\"@type\":\"BreadcrumbList\",\"@id\":\"https:\/\/kts-duebel.de\/en\/cellular-concrete-dowel-gb-concrete\/#breadcrumb\",\"itemListElement\":[{\"@type\":\"ListItem\",\"position\":1,\"name\":\"Home\",\"item\":\"https:\/\/kts-duebel.de\/en\/\"},{\"@type\":\"ListItem\",\"position\":2,\"name\":\"Aerated autoclaved concrete plug &#8211; GB-CONCRETE\"}]},{\"@type\":\"WebSite\",\"@id\":\"https:\/\/kts-duebel.de\/en\/#website\",\"url\":\"https:\/\/kts-duebel.de\/en\/\",\"name\":\"KTS Kunststofftechnik - D\u00fcbel \/ Befestigungstechnik\",\"description\":\"\",\"publisher\":{\"@id\":\"https:\/\/kts-duebel.de\/en\/#organization\"},\"potentialAction\":[{\"@type\":\"SearchAction\",\"target\":{\"@type\":\"EntryPoint\",\"urlTemplate\":\"https:\/\/kts-duebel.de\/en\/?s={search_term_string}\"},\"query-input\":{\"@type\":\"PropertyValueSpecification\",\"valueRequired\":true,\"valueName\":\"search_term_string\"}}],\"inLanguage\":\"en-US\"},{\"@type\":\"Organization\",\"@id\":\"https:\/\/kts-duebel.de\/en\/#organization\",\"name\":\"KTS Kunststofftechnik GmbH\",\"url\":\"https:\/\/kts-duebel.de\/en\/\",\"logo\":{\"@type\":\"ImageObject\",\"inLanguage\":\"en-US\",\"@id\":\"https:\/\/kts-duebel.de\/en\/#\/schema\/logo\/image\/\",\"url\":\"https:\/\/kts-duebel.de\/wp-content\/uploads\/2016\/03\/logo.png\",\"contentUrl\":\"https:\/\/kts-duebel.de\/wp-content\/uploads\/2016\/03\/logo.png\",\"width\":512,\"height\":512,\"caption\":\"KTS Kunststofftechnik GmbH\"},\"image\":{\"@id\":\"https:\/\/kts-duebel.de\/en\/#\/schema\/logo\/image\/\"},\"sameAs\":[\"https:\/\/www.facebook.com\/KtS-Kunststofftechnik-GmbH-111544753881915\/\"]}]}<\/script>\n<!-- \/ Yoast SEO plugin. -->","yoast_head_json":{"title":"Aerated autoclaved concrete plug - GB-CONCRETE &#183; KTS Kunststofftechnik - D\u00fcbel \/ Befestigungstechnik","description":"Cellular concrete anchor for aerated concrete even for heavy loads. With special external thread for screwing into the building material for a secure hold.","robots":{"index":"index","follow":"follow","max-snippet":"max-snippet:-1","max-image-preview":"max-image-preview:large","max-video-preview":"max-video-preview:-1"},"canonical":"https:\/\/kts-duebel.de\/en\/cellular-concrete-dowel-gb-concrete\/","og_locale":"en_US","og_type":"article","og_title":"Aerated autoclaved concrete plug - GB-CONCRETE &#183; KTS Kunststofftechnik - D\u00fcbel \/ Befestigungstechnik","og_description":"Cellular concrete anchor for aerated concrete even for heavy loads. With special external thread for screwing into the building material for a secure hold.","og_url":"https:\/\/kts-duebel.de\/en\/cellular-concrete-dowel-gb-concrete\/","og_site_name":"KTS Kunststofftechnik - D\u00fcbel \/ Befestigungstechnik","article_publisher":"https:\/\/www.facebook.com\/KtS-Kunststofftechnik-GmbH-111544753881915\/","article_modified_time":"2022-10-05T09:17:25+00:00","twitter_card":"summary_large_image","twitter_misc":{"Est. reading time":"3 minutes"},"schema":{"@context":"https:\/\/schema.org","@graph":[{"@type":"WebPage","@id":"https:\/\/kts-duebel.de\/en\/cellular-concrete-dowel-gb-concrete\/","url":"https:\/\/kts-duebel.de\/en\/cellular-concrete-dowel-gb-concrete\/","name":"Aerated autoclaved concrete plug - GB-CONCRETE &#183; KTS Kunststofftechnik - D\u00fcbel \/ Befestigungstechnik","isPartOf":{"@id":"https:\/\/kts-duebel.de\/en\/#website"},"datePublished":"2009-05-09T13:44:33+00:00","dateModified":"2022-10-05T09:17:25+00:00","description":"Cellular concrete anchor for aerated concrete even for heavy loads. With special external thread for screwing into the building material for a secure hold.","breadcrumb":{"@id":"https:\/\/kts-duebel.de\/en\/cellular-concrete-dowel-gb-concrete\/#breadcrumb"},"inLanguage":"en-US","potentialAction":[{"@type":"ReadAction","target":["https:\/\/kts-duebel.de\/en\/cellular-concrete-dowel-gb-concrete\/"]}]},{"@type":"BreadcrumbList","@id":"https:\/\/kts-duebel.de\/en\/cellular-concrete-dowel-gb-concrete\/#breadcrumb","itemListElement":[{"@type":"ListItem","position":1,"name":"Home","item":"https:\/\/kts-duebel.de\/en\/"},{"@type":"ListItem","position":2,"name":"Aerated autoclaved concrete plug &#8211; GB-CONCRETE"}]},{"@type":"WebSite","@id":"https:\/\/kts-duebel.de\/en\/#website","url":"https:\/\/kts-duebel.de\/en\/","name":"KTS Kunststofftechnik - D\u00fcbel \/ Befestigungstechnik","description":"","publisher":{"@id":"https:\/\/kts-duebel.de\/en\/#organization"},"potentialAction":[{"@type":"SearchAction","target":{"@type":"EntryPoint","urlTemplate":"https:\/\/kts-duebel.de\/en\/?s={search_term_string}"},"query-input":{"@type":"PropertyValueSpecification","valueRequired":true,"valueName":"search_term_string"}}],"inLanguage":"en-US"},{"@type":"Organization","@id":"https:\/\/kts-duebel.de\/en\/#organization","name":"KTS Kunststofftechnik GmbH","url":"https:\/\/kts-duebel.de\/en\/","logo":{"@type":"ImageObject","inLanguage":"en-US","@id":"https:\/\/kts-duebel.de\/en\/#\/schema\/logo\/image\/","url":"https:\/\/kts-duebel.de\/wp-content\/uploads\/2016\/03\/logo.png","contentUrl":"https:\/\/kts-duebel.de\/wp-content\/uploads\/2016\/03\/logo.png","width":512,"height":512,"caption":"KTS Kunststofftechnik GmbH"},"image":{"@id":"https:\/\/kts-duebel.de\/en\/#\/schema\/logo\/image\/"},"sameAs":["https:\/\/www.facebook.com\/KtS-Kunststofftechnik-GmbH-111544753881915\/"]}]}},"_links":{"self":[{"href":"https:\/\/kts-duebel.de\/en\/wp-json\/wp\/v2\/pages\/5859","targetHints":{"allow":["GET"]}}],"collection":[{"href":"https:\/\/kts-duebel.de\/en\/wp-json\/wp\/v2\/pages"}],"about":[{"href":"https:\/\/kts-duebel.de\/en\/wp-json\/wp\/v2\/types\/page"}],"author":[{"embeddable":true,"href":"https:\/\/kts-duebel.de\/en\/wp-json\/wp\/v2\/users\/2"}],"replies":[{"embeddable":true,"href":"https:\/\/kts-duebel.de\/en\/wp-json\/wp\/v2\/comments?post=5859"}],"version-history":[{"count":10,"href":"https:\/\/kts-duebel.de\/en\/wp-json\/wp\/v2\/pages\/5859\/revisions"}],"predecessor-version":[{"id":6549,"href":"https:\/\/kts-duebel.de\/en\/wp-json\/wp\/v2\/pages\/5859\/revisions\/6549"}],"wp:attachment":[{"href":"https:\/\/kts-duebel.de\/en\/wp-json\/wp\/v2\/media?parent=5859"}],"curies":[{"name":"wp","href":"https:\/\/api.w.org\/{rel}","templated":true}]}}