{"id":5793,"date":"2009-05-09T13:10:53","date_gmt":"2009-05-09T12:10:53","guid":{"rendered":"https:\/\/kts-duebel.de\/dowel-technology\/frame-anchor-bd-framer\/"},"modified":"2022-10-05T10:49:40","modified_gmt":"2022-10-05T09:49:40","slug":"frame-anchor-bd-framer","status":"publish","type":"page","link":"https:\/\/kts-duebel.de\/en\/frame-anchor-bd-framer\/","title":{"rendered":"Frame anchor &#8211; BD &#8211; FRAMER"},"content":{"rendered":"<p>[et_pb_section fb_built=&#8221;1&#8243; custom_padding_last_edited=&#8221;on|desktop&#8221; admin_label=&#8221;section&#8221; _builder_version=&#8221;4.16&#8243; background_color=&#8221;#ffffff&#8221; custom_padding_tablet=&#8221;50px|0|50px|0&#8243; custom_padding_phone=&#8221;&#8221; transparent_background=&#8221;off&#8221; padding_mobile=&#8221;off&#8221; global_colors_info=&#8221;{}&#8221;][et_pb_row column_structure=&#8221;1_2,1_2&#8243; padding_mobile=&#8221;off&#8221; admin_label=&#8221;row&#8221; _builder_version=&#8221;4.16&#8243; background_size=&#8221;initial&#8221; background_position=&#8221;top_left&#8221; background_repeat=&#8221;repeat&#8221; global_colors_info=&#8221;{}&#8221;][et_pb_column type=&#8221;1_2&#8243; _builder_version=&#8221;4.16&#8243; custom_padding=&#8221;|||&#8221; global_colors_info=&#8221;{}&#8221; custom_padding__hover=&#8221;|||&#8221;][et_pb_image src=&#8221;https:\/\/kts-duebel.de\/wp-content\/uploads\/2009\/05\/BD-Blendrahmend\u00fcbel.jpg&#8221; title_text=&#8221;BD&#8212;Blend frame dowel&#8221; align_tablet=&#8221;center&#8221; align_phone=&#8221;&#8221; align_last_edited=&#8221;on|desktop&#8221; admin_label=&#8221;Bild&#8221; _builder_version=&#8221;4.16&#8243; custom_margin=&#8221;|50||100&#8243; animation=&#8221;off&#8221; sticky=&#8221;off&#8221; use_border_color=&#8221;off&#8221; border_color=&#8221;#ffffff&#8221; border_style=&#8221;solid&#8221; global_colors_info=&#8221;{}&#8221;] [\/et_pb_image][\/et_pb_column][et_pb_column type=&#8221;1_2&#8243; _builder_version=&#8221;4.16&#8243; custom_padding=&#8221;|||&#8221; global_colors_info=&#8221;{}&#8221; custom_padding__hover=&#8221;|||&#8221;][et_pb_text admin_label=&#8221;Text&#8221; _builder_version=&#8221;4.16&#8243; background_size=&#8221;initial&#8221; background_position=&#8221;top_left&#8221; background_repeat=&#8221;repeat&#8221; custom_margin=&#8221;|50||&#8221; use_border_color=&#8221;off&#8221; border_color=&#8221;#ffffff&#8221; border_style=&#8221;solid&#8221; global_colors_info=&#8221;{}&#8221;]<\/p>\n<h2>Frame anchor &#8211; BD &#8211; FRAMER<\/h2>\n<p>Due to its long shaft, the KTS blind frame anchor is the optimal anchor for push-through installation. Due to its length, it bridges any attachments and non-load-bearing layers. The additional rotation locks on the dowel shaft prevent rotation even under unfavorable conditions.<\/p>\n<p>USE: concrete, perforated brick, hollow block, sand-lime perforated brick, aerated concrete, lightweight concrete, solid pumice block, etc.<\/p>\n<p>[\/et_pb_text][et_pb_text admin_label=&#8221;Text&#8221; _builder_version=&#8221;4.16&#8243; background_size=&#8221;initial&#8221; background_position=&#8221;top_left&#8221; background_repeat=&#8221;repeat&#8221; use_border_color=&#8221;off&#8221; border_color=&#8221;#ffffff&#8221; border_style=&#8221;solid&#8221; global_colors_info=&#8221;{}&#8221;]This information should be considered as a general recommendation. This information should be regarded as general recommendations. More specifically, please note that these plugs and anchors may not be used for work subject to building inspections (e.g. for securing fa\u00e7ade substructures, roofs etc.).<\/p>\n<p><strong>* Safety factor 3<\/strong><br \/>\n[\/et_pb_text][\/et_pb_column][\/et_pb_row][et_pb_row padding_mobile=&#8221;off&#8221; column_padding_mobile=&#8221;on&#8221; admin_label=&#8221;row&#8221; _builder_version=&#8221;4.16&#8243; background_size=&#8221;initial&#8221; background_position=&#8221;top_left&#8221; background_repeat=&#8221;repeat&#8221; custom_width_px=&#8221;700&#8243; global_colors_info=&#8221;{}&#8221;][et_pb_column type=&#8221;4_4&#8243; _builder_version=&#8221;4.16&#8243; custom_padding=&#8221;|||&#8221; global_colors_info=&#8221;{}&#8221; custom_padding__hover=&#8221;|||&#8221;][et_pb_text admin_label=&#8221;Text&#8221; _builder_version=&#8221;4.16&#8243; background_color=&#8221;#ffffff&#8221; background_size=&#8221;initial&#8221; background_position=&#8221;top_left&#8221; background_repeat=&#8221;repeat&#8221; use_border_color=&#8221;off&#8221; border_color=&#8221;#ffffff&#8221; border_style=&#8221;solid&#8221; global_colors_info=&#8221;{}&#8221;]<\/p>\n<table class=\"producttable\" border=\"0\">\n<thead>\n<tr>\n<th colspan=\"7\">Technical data BD &#8211; Frame anchor<\/th>\n<\/tr>\n<\/thead>\n<tbody>\n<tr>\n<td>Small packaging<\/td>\n<td><\/td>\n<td><strong>10 x 80 mm<\/strong><\/td>\n<td><strong>10 x 100 mm<\/strong><\/td>\n<td><strong>10 x 120 mm<\/strong><\/td>\n<td><strong>10 x 140 mm<\/strong><\/td>\n<td><strong>10 x 160 mm<\/strong><\/td>\n<\/tr>\n<tr>\n<td>Article-No.<\/td>\n<td><strong>pozi 4<\/strong><\/td>\n<td>1761008041<\/td>\n<td>1761010041<\/td>\n<td>1761012041<\/td>\n<td>1761014041<\/td>\n<td>1761016041<\/td>\n<\/tr>\n<tr>\n<td>Article-No.<\/td>\n<td><strong>TORX<\/strong><\/td>\n<td>1761008044<\/td>\n<td>1761010044<\/td>\n<td>1761012044<\/td>\n<td>1761014044<\/td>\n<td>1761016044<\/td>\n<\/tr>\n<tr>\n<td>Countersunk wood screw mm<\/td>\n<td><\/td>\n<td>7 x 85<\/td>\n<td>7 x 105<\/td>\n<td>7 x 125<\/td>\n<td>7 x 145<\/td>\n<td>7 x 165<\/td>\n<\/tr>\n<tr>\n<td>Packaging unit<\/td>\n<td>Piece<\/td>\n<td>50 \/ 250<\/td>\n<td>50 \/ 250<\/td>\n<td>50 \/ 250<\/td>\n<td>50 \/ 250<\/td>\n<td>50 \/ 250<\/td>\n<\/tr>\n<tr>\n<td>Weight per packing unit<\/td>\n<td><strong>pozi 4<\/strong><\/td>\n<td>5.7 kg.<\/td>\n<td>7.6 kg.<\/td>\n<td>8.6 kg.<\/td>\n<td>10.8 kg.<\/td>\n<td>12.7 kg.<\/td>\n<\/tr>\n<tr>\n<td>Weight per packing unit<\/td>\n<td><strong>TORX<\/strong><\/td>\n<td>5.7 kg.<\/td>\n<td>7.6 kg.<\/td>\n<td>8.6 kg.<\/td>\n<td>10.8 kg.<\/td>\n<td>12.7 kg.<\/td>\n<\/tr>\n<\/tbody>\n<\/table>\n<p>&nbsp;<\/p>\n<table class=\"producttable\" border=\"0\">\n<thead>\n<tr>\n<th colspan=\"6\">Factory test BD &#8211; Frame anchor<\/th>\n<\/tr>\n<\/thead>\n<tbody>\n<tr>\n<td colspan=\"6\">Material: NYLON (polyamide 6)<\/td>\n<\/tr>\n<tr>\n<td>Diameter mm<\/td>\n<td>10<\/td>\n<td>10<\/td>\n<td>10<\/td>\n<td>10<\/td>\n<td>10<\/td>\n<\/tr>\n<tr>\n<td>Length mm<\/td>\n<td>80<\/td>\n<td>100<\/td>\n<td>120<\/td>\n<td>140<\/td>\n<td>160<\/td>\n<\/tr>\n<tr>\n<td>Drill hole \u00d8 mm<\/td>\n<td>10<\/td>\n<td>10<\/td>\n<td>10<\/td>\n<td>10<\/td>\n<td>10<\/td>\n<\/tr>\n<tr>\n<td>Minimum hole depth mm<\/td>\n<td>90<\/td>\n<td>110<\/td>\n<td>130<\/td>\n<td>150<\/td>\n<td>170<\/td>\n<\/tr>\n<tr>\n<td>Minimum installation depth mm<\/td>\n<td>80<\/td>\n<td>100<\/td>\n<td>120<\/td>\n<td>140<\/td>\n<td>160<\/td>\n<\/tr>\n<tr>\n<td>Maximum useful length mm<\/td>\n<td>30<\/td>\n<td>50<\/td>\n<td>65<\/td>\n<td>85<\/td>\n<td>110<\/td>\n<\/tr>\n<tr>\n<td>Concrete pull-out value (kN)*<\/td>\n<td>2,00<\/td>\n<td>2,00<\/td>\n<td>2,00<\/td>\n<td>2,00<\/td>\n<td>2,00<\/td>\n<\/tr>\n<\/tbody>\n<\/table>\n<p>[\/et_pb_text][\/et_pb_column][\/et_pb_row][\/et_pb_section]<\/p>\n","protected":false},"excerpt":{"rendered":"<p>Frame anchor &#8211; BD &#8211; FRAMER Due to its long shaft, the KTS blind frame anchor is the optimal anchor for push-through installation. Due to its length, it bridges any attachments and non-load-bearing layers. The additional rotation locks on the dowel shaft prevent rotation even under unfavorable conditions. USE: concrete, perforated brick, hollow block, sand-lime [&hellip;]<\/p>\n","protected":false},"author":2,"featured_media":0,"parent":0,"menu_order":10,"comment_status":"closed","ping_status":"closed","template":"","meta":{"_et_pb_use_builder":"on","_et_pb_old_content":"<table border=\"0\"><tbody><tr><td valign=\"top\"><img class=\"alignnone size-full wp-image-108\" title=\"BD - Blendrahmend\u00fcbel\" src=\"https:\/\/kts-duebel.de\/wp-content\/uploads\/2009\/05\/6.jpg\" alt=\"BD - Blendrahmend\u00fcbel\" width=\"309\" height=\"181\" \/><\/td><td style=\"width: 25px;\">\u00a0<\/td><td valign=\"top\">EINSATZBEREICH: Beton, Lochziegel, Hohlblocksteine, Kalksandlochsteine, Porenbeton, Leichtbeton, Bimsvollstein usw.\u00a0\u00a0\u00a0\u00a0\u00a0\u00a0\u00a0\u00a0\u00a0\u00a0\u00a0\u00a0\u00a0\u00a0\u00a0\u00a0\u00a0\u00a0\u00a0\u00a0\u00a0\u00a0\u00a0\u00a0\u00a0\u00a0\u00a0\u00a0\u00a0\u00a0\u00a0\u00a0\u00a0\u00a0\u00a0\u00a0\u00a0\u00a0\u00a0\u00a0\u00a0\u00a0\u00a0\u00a0\u00a0\u00a0 Durch seinen langen Schaft ist der KTS Blendrahmend\u00fcbel der optimale D\u00fcbel f\u00fcr die Durchsteckmontage. Er \u00fcberbr\u00fcckt durch seine L\u00e4nge beliebige Anbauteile und nichttragende Schichten. Die zus\u00e4tzlichen Drehsicherungen am D\u00fcbelschaft verhindern ein Mitdrehen auch unter ung\u00fcnstigen Bedingungen.<\/td><\/tr><\/tbody><\/table><p>\u00a0<\/p><table class=\"producttable\" style=\"text-align: left;\" border=\"0\"><thead><tr style=\"background-color: #dcdcdc;\"><th colspan=\"7\">Leistungsdaten BD - Blendrahmend\u00fcbel<\/th><\/tr><\/thead><tbody><tr><td style=\"text-align: left;\">Kleinverpackung<\/td><td style=\"text-align: center;\">\u00a0<\/td><td style=\"text-align: center;\"><strong>10 x 80 mm<\/strong><\/td><td style=\"text-align: center;\"><strong>10 x 100 mm<\/strong><\/td><td style=\"text-align: center;\"><strong>10 x 120 mm<\/strong><\/td><td style=\"text-align: center;\"><strong>10 x 140 mm<\/strong><\/td><td style=\"text-align: center;\"><strong>10 x 160 mm<\/strong><\/td><\/tr><tr style=\"background-color: #dcdcdc;\"><td style=\"text-align: left;\">Artikelnummer<\/td><td style=\"text-align: center;\"><strong>pozi 4<\/strong><\/td><td style=\"text-align: center;\">1761008041<\/td><td style=\"text-align: center;\">1761010041<\/td><td style=\"text-align: center;\">1761012041<\/td><td style=\"text-align: center;\">1761014041<\/td><td style=\"text-align: center;\">1761016041<\/td><\/tr><tr><td style=\"text-align: left;\">Artikelnummer<\/td><td style=\"text-align: center;\"><strong>TORX<\/strong><\/td><td style=\"text-align: center;\">1761008044<\/td><td style=\"text-align: center;\">1761010044<\/td><td style=\"text-align: center;\">1761012044<\/td><td style=\"text-align: center;\">1761014044<\/td><td style=\"text-align: center;\">1761016044<\/td><\/tr><tr style=\"background-color: #dcdcdc;\"><td style=\"text-align: left;\">Senkholzschraube mm<\/td><td style=\"text-align: center;\">\u00a0<\/td><td style=\"text-align: center;\">7 x 85<\/td><td style=\"text-align: center;\">7 x 105<\/td><td style=\"text-align: center;\">7 x 125<\/td><td style=\"text-align: center;\">7 x 145<\/td><td style=\"text-align: center;\">7 x 165<\/td><\/tr><tr><td style=\"text-align: left;\">Verpackungseinheit<\/td><td style=\"text-align: center;\">St\u00fcck<\/td><td style=\"text-align: center;\">50 \/ 250<\/td><td style=\"text-align: center;\">50 \/ 250<\/td><td style=\"text-align: center;\">50 \/ 250<\/td><td style=\"text-align: center;\">50 \/ 250<\/td><td style=\"text-align: center;\">50 \/ 250<\/td><\/tr><tr style=\"background-color: #dcdcdc;\"><td style=\"text-align: left;\">Gewicht pro VE<\/td><td style=\"text-align: center;\"><strong>pozi 4<\/strong><\/td><td style=\"text-align: center;\">5,7 kg.<\/td><td style=\"text-align: center;\">7,6 kg.<\/td><td style=\"text-align: center;\">8,6 kg.<\/td><td style=\"text-align: center;\">10,8 kg.<\/td><td style=\"text-align: center;\">12,7 kg.<\/td><\/tr><tr><td style=\"text-align: left;\">Gewicht pro VE<\/td><td style=\"text-align: center;\"><strong>TORX<\/strong><\/td><td style=\"text-align: center;\">5,7 kg.<\/td><td style=\"text-align: center;\">7,6 kg.<\/td><td style=\"text-align: center;\">8,6 kg.<\/td><td style=\"text-align: center;\">10,8 kg.<\/td><td style=\"text-align: center;\">12,7 kg.<\/td><\/tr><\/tbody><\/table><p>\u00a0<\/p><table class=\"producttable\" style=\"text-align: left;\" border=\"0\"><thead><tr style=\"background-color: #dcdcdc;\"><th colspan=\"6\">Werkspr\u00fcfung BD - Blendrahmend\u00fcbel<\/th><\/tr><\/thead><tbody><tr><td colspan=\"6\">Material: NYLON (Polyamid 6)<\/td><\/tr><tr style=\"background-color: #dcdcdc;\"><td style=\"text-align: left;\">Durchmesser mm<\/td><td style=\"text-align: center;\">10<\/td><td style=\"text-align: center;\">10<\/td><td style=\"text-align: center;\">10<\/td><td style=\"text-align: center;\">10<\/td><td style=\"text-align: center;\">10<\/td><\/tr><tr><td style=\"text-align: left;\">L\u00e4nge mm<\/td><td style=\"text-align: center;\">80<\/td><td style=\"text-align: center;\">100<\/td><td style=\"text-align: center;\">120<\/td><td style=\"text-align: center;\">140<\/td><td style=\"text-align: center;\">160<\/td><\/tr><tr style=\"background-color: #dcdcdc;\"><td style=\"text-align: left;\">Bohrloch \u00d8 mm<\/td><td style=\"text-align: center;\">10<\/td><td style=\"text-align: center;\">10<\/td><td style=\"text-align: center;\">10<\/td><td style=\"text-align: center;\">10<\/td><td style=\"text-align: center;\">10<\/td><\/tr><tr><td style=\"text-align: left;\">Mindestbohrlochtiefe mm<\/td><td style=\"text-align: center;\">90<\/td><td style=\"text-align: center;\">110<\/td><td style=\"text-align: center;\">130<\/td><td style=\"text-align: center;\">150<\/td><td style=\"text-align: center;\">170<\/td><\/tr><tr style=\"background-color: #dcdcdc;\"><td style=\"text-align: left;\">Mindesteinbautiefe mm<\/td><td style=\"text-align: center;\">80<\/td><td style=\"text-align: center;\">100<\/td><td style=\"text-align: center;\">120<\/td><td style=\"text-align: center;\">140<\/td><td style=\"text-align: center;\">160<\/td><\/tr><tr><td style=\"text-align: left;\">Maximale Nutzl\u00e4nge mm<\/td><td style=\"text-align: center;\">30<\/td><td style=\"text-align: center;\">50<\/td><td style=\"text-align: center;\">65<\/td><td style=\"text-align: center;\">85<\/td><td style=\"text-align: center;\">110<\/td><\/tr><tr style=\"background-color: #dcdcdc;\"><td style=\"text-align: left;\">Auszugswert Beton (kN)*<\/td><td style=\"text-align: center;\">2,00<\/td><td style=\"text-align: center;\">2,00<\/td><td style=\"text-align: center;\">2,00<\/td><td style=\"text-align: center;\">2,00<\/td><td style=\"text-align: center;\">2,00<\/td><\/tr><\/tbody><\/table><p>\u00a0<\/p><p><span style=\"font-size: x-small;\">Diese Angaben sind als allgemeine Empfehlung zu betrachten. Es wird ausdr\u00fccklich darauf hingewiesen, dass diese D\u00fcbel nicht im bauaufsichtlichen Bereich (z.B. zur Befestigung von Fassadenunterkonstruktionen, D\u00e4chern usw.) verwendet werden d\u00fcrfen.<\/span><\/p><p><span style=\"font-size: xx-small;\"><span style=\"font-size: small;\"><strong>* Sicherheitsfaktor 3<\/strong><\/span><br \/> <\/span><\/p>","_et_gb_content_width":"","footnotes":""},"class_list":["post-5793","page","type-page","status-publish","hentry"],"yoast_head":"<!-- This site is optimized with the Yoast SEO plugin v26.9 - https:\/\/yoast.com\/product\/yoast-seo-wordpress\/ -->\n<title>Frame anchor - BD - FRAMER &#183; KTS Kunststofftechnik - D\u00fcbel \/ Befestigungstechnik<\/title>\n<meta name=\"description\" content=\"FRAMER - BD frame anchor - FIELD OF APPLICATION: concrete, perforated bricks, hollow blocks, perforated sand-lime bricks, aerated concrete, lightweight concrete, solid pumice bricks, etc.\" \/>\n<meta name=\"robots\" content=\"index, follow, max-snippet:-1, max-image-preview:large, max-video-preview:-1\" \/>\n<link rel=\"canonical\" href=\"https:\/\/kts-duebel.de\/en\/frame-anchor-bd-framer\/\" \/>\n<meta property=\"og:locale\" content=\"en_US\" \/>\n<meta property=\"og:type\" content=\"article\" \/>\n<meta property=\"og:title\" content=\"Frame anchor - BD - FRAMER &#183; KTS Kunststofftechnik - D\u00fcbel \/ Befestigungstechnik\" \/>\n<meta property=\"og:description\" content=\"FRAMER - BD frame anchor - FIELD OF APPLICATION: concrete, perforated bricks, hollow blocks, perforated sand-lime bricks, aerated concrete, lightweight concrete, solid pumice bricks, etc.\" \/>\n<meta property=\"og:url\" content=\"https:\/\/kts-duebel.de\/en\/frame-anchor-bd-framer\/\" \/>\n<meta property=\"og:site_name\" content=\"KTS Kunststofftechnik - D\u00fcbel \/ Befestigungstechnik\" \/>\n<meta property=\"article:publisher\" content=\"https:\/\/www.facebook.com\/KtS-Kunststofftechnik-GmbH-111544753881915\/\" \/>\n<meta property=\"article:modified_time\" content=\"2022-10-05T09:49:40+00:00\" \/>\n<meta name=\"twitter:card\" content=\"summary_large_image\" \/>\n<meta name=\"twitter:label1\" content=\"Est. reading time\" \/>\n\t<meta name=\"twitter:data1\" content=\"3 minutes\" \/>\n<script type=\"application\/ld+json\" class=\"yoast-schema-graph\">{\"@context\":\"https:\/\/schema.org\",\"@graph\":[{\"@type\":\"WebPage\",\"@id\":\"https:\/\/kts-duebel.de\/en\/frame-anchor-bd-framer\/\",\"url\":\"https:\/\/kts-duebel.de\/en\/frame-anchor-bd-framer\/\",\"name\":\"Frame anchor - BD - FRAMER &#183; KTS Kunststofftechnik - D\u00fcbel \/ Befestigungstechnik\",\"isPartOf\":{\"@id\":\"https:\/\/kts-duebel.de\/en\/#website\"},\"datePublished\":\"2009-05-09T12:10:53+00:00\",\"dateModified\":\"2022-10-05T09:49:40+00:00\",\"description\":\"FRAMER - BD frame anchor - FIELD OF APPLICATION: concrete, perforated bricks, hollow blocks, perforated sand-lime bricks, aerated concrete, lightweight concrete, solid pumice bricks, etc.\",\"breadcrumb\":{\"@id\":\"https:\/\/kts-duebel.de\/en\/frame-anchor-bd-framer\/#breadcrumb\"},\"inLanguage\":\"en-US\",\"potentialAction\":[{\"@type\":\"ReadAction\",\"target\":[\"https:\/\/kts-duebel.de\/en\/frame-anchor-bd-framer\/\"]}]},{\"@type\":\"BreadcrumbList\",\"@id\":\"https:\/\/kts-duebel.de\/en\/frame-anchor-bd-framer\/#breadcrumb\",\"itemListElement\":[{\"@type\":\"ListItem\",\"position\":1,\"name\":\"Home\",\"item\":\"https:\/\/kts-duebel.de\/en\/home\/\"},{\"@type\":\"ListItem\",\"position\":2,\"name\":\"Frame anchor &#8211; BD &#8211; FRAMER\"}]},{\"@type\":\"WebSite\",\"@id\":\"https:\/\/kts-duebel.de\/en\/#website\",\"url\":\"https:\/\/kts-duebel.de\/en\/\",\"name\":\"KTS Kunststofftechnik - D\u00fcbel \/ Befestigungstechnik\",\"description\":\"\",\"publisher\":{\"@id\":\"https:\/\/kts-duebel.de\/en\/#organization\"},\"potentialAction\":[{\"@type\":\"SearchAction\",\"target\":{\"@type\":\"EntryPoint\",\"urlTemplate\":\"https:\/\/kts-duebel.de\/en\/?s={search_term_string}\"},\"query-input\":{\"@type\":\"PropertyValueSpecification\",\"valueRequired\":true,\"valueName\":\"search_term_string\"}}],\"inLanguage\":\"en-US\"},{\"@type\":\"Organization\",\"@id\":\"https:\/\/kts-duebel.de\/en\/#organization\",\"name\":\"KTS Kunststofftechnik GmbH\",\"url\":\"https:\/\/kts-duebel.de\/en\/\",\"logo\":{\"@type\":\"ImageObject\",\"inLanguage\":\"en-US\",\"@id\":\"https:\/\/kts-duebel.de\/en\/#\/schema\/logo\/image\/\",\"url\":\"https:\/\/kts-duebel.de\/wp-content\/uploads\/2016\/03\/logo.png\",\"contentUrl\":\"https:\/\/kts-duebel.de\/wp-content\/uploads\/2016\/03\/logo.png\",\"width\":512,\"height\":512,\"caption\":\"KTS Kunststofftechnik GmbH\"},\"image\":{\"@id\":\"https:\/\/kts-duebel.de\/en\/#\/schema\/logo\/image\/\"},\"sameAs\":[\"https:\/\/www.facebook.com\/KtS-Kunststofftechnik-GmbH-111544753881915\/\"]}]}<\/script>\n<!-- \/ Yoast SEO plugin. -->","yoast_head_json":{"title":"Frame anchor - BD - FRAMER &#183; KTS Kunststofftechnik - D\u00fcbel \/ Befestigungstechnik","description":"FRAMER - BD frame anchor - FIELD OF APPLICATION: concrete, perforated bricks, hollow blocks, perforated sand-lime bricks, aerated concrete, lightweight concrete, solid pumice bricks, etc.","robots":{"index":"index","follow":"follow","max-snippet":"max-snippet:-1","max-image-preview":"max-image-preview:large","max-video-preview":"max-video-preview:-1"},"canonical":"https:\/\/kts-duebel.de\/en\/frame-anchor-bd-framer\/","og_locale":"en_US","og_type":"article","og_title":"Frame anchor - BD - FRAMER &#183; KTS Kunststofftechnik - D\u00fcbel \/ Befestigungstechnik","og_description":"FRAMER - BD frame anchor - FIELD OF APPLICATION: concrete, perforated bricks, hollow blocks, perforated sand-lime bricks, aerated concrete, lightweight concrete, solid pumice bricks, etc.","og_url":"https:\/\/kts-duebel.de\/en\/frame-anchor-bd-framer\/","og_site_name":"KTS Kunststofftechnik - D\u00fcbel \/ Befestigungstechnik","article_publisher":"https:\/\/www.facebook.com\/KtS-Kunststofftechnik-GmbH-111544753881915\/","article_modified_time":"2022-10-05T09:49:40+00:00","twitter_card":"summary_large_image","twitter_misc":{"Est. reading time":"3 minutes"},"schema":{"@context":"https:\/\/schema.org","@graph":[{"@type":"WebPage","@id":"https:\/\/kts-duebel.de\/en\/frame-anchor-bd-framer\/","url":"https:\/\/kts-duebel.de\/en\/frame-anchor-bd-framer\/","name":"Frame anchor - BD - FRAMER &#183; KTS Kunststofftechnik - D\u00fcbel \/ Befestigungstechnik","isPartOf":{"@id":"https:\/\/kts-duebel.de\/en\/#website"},"datePublished":"2009-05-09T12:10:53+00:00","dateModified":"2022-10-05T09:49:40+00:00","description":"FRAMER - BD frame anchor - FIELD OF APPLICATION: concrete, perforated bricks, hollow blocks, perforated sand-lime bricks, aerated concrete, lightweight concrete, solid pumice bricks, etc.","breadcrumb":{"@id":"https:\/\/kts-duebel.de\/en\/frame-anchor-bd-framer\/#breadcrumb"},"inLanguage":"en-US","potentialAction":[{"@type":"ReadAction","target":["https:\/\/kts-duebel.de\/en\/frame-anchor-bd-framer\/"]}]},{"@type":"BreadcrumbList","@id":"https:\/\/kts-duebel.de\/en\/frame-anchor-bd-framer\/#breadcrumb","itemListElement":[{"@type":"ListItem","position":1,"name":"Home","item":"https:\/\/kts-duebel.de\/en\/home\/"},{"@type":"ListItem","position":2,"name":"Frame anchor &#8211; BD &#8211; FRAMER"}]},{"@type":"WebSite","@id":"https:\/\/kts-duebel.de\/en\/#website","url":"https:\/\/kts-duebel.de\/en\/","name":"KTS Kunststofftechnik - D\u00fcbel \/ Befestigungstechnik","description":"","publisher":{"@id":"https:\/\/kts-duebel.de\/en\/#organization"},"potentialAction":[{"@type":"SearchAction","target":{"@type":"EntryPoint","urlTemplate":"https:\/\/kts-duebel.de\/en\/?s={search_term_string}"},"query-input":{"@type":"PropertyValueSpecification","valueRequired":true,"valueName":"search_term_string"}}],"inLanguage":"en-US"},{"@type":"Organization","@id":"https:\/\/kts-duebel.de\/en\/#organization","name":"KTS Kunststofftechnik GmbH","url":"https:\/\/kts-duebel.de\/en\/","logo":{"@type":"ImageObject","inLanguage":"en-US","@id":"https:\/\/kts-duebel.de\/en\/#\/schema\/logo\/image\/","url":"https:\/\/kts-duebel.de\/wp-content\/uploads\/2016\/03\/logo.png","contentUrl":"https:\/\/kts-duebel.de\/wp-content\/uploads\/2016\/03\/logo.png","width":512,"height":512,"caption":"KTS Kunststofftechnik GmbH"},"image":{"@id":"https:\/\/kts-duebel.de\/en\/#\/schema\/logo\/image\/"},"sameAs":["https:\/\/www.facebook.com\/KtS-Kunststofftechnik-GmbH-111544753881915\/"]}]}},"_links":{"self":[{"href":"https:\/\/kts-duebel.de\/en\/wp-json\/wp\/v2\/pages\/5793","targetHints":{"allow":["GET"]}}],"collection":[{"href":"https:\/\/kts-duebel.de\/en\/wp-json\/wp\/v2\/pages"}],"about":[{"href":"https:\/\/kts-duebel.de\/en\/wp-json\/wp\/v2\/types\/page"}],"author":[{"embeddable":true,"href":"https:\/\/kts-duebel.de\/en\/wp-json\/wp\/v2\/users\/2"}],"replies":[{"embeddable":true,"href":"https:\/\/kts-duebel.de\/en\/wp-json\/wp\/v2\/comments?post=5793"}],"version-history":[{"count":10,"href":"https:\/\/kts-duebel.de\/en\/wp-json\/wp\/v2\/pages\/5793\/revisions"}],"predecessor-version":[{"id":6573,"href":"https:\/\/kts-duebel.de\/en\/wp-json\/wp\/v2\/pages\/5793\/revisions\/6573"}],"wp:attachment":[{"href":"https:\/\/kts-duebel.de\/en\/wp-json\/wp\/v2\/media?parent=5793"}],"curies":[{"name":"wp","href":"https:\/\/api.w.org\/{rel}","templated":true}]}}