{"id":5721,"date":"2009-05-09T17:52:22","date_gmt":"2009-05-09T16:52:22","guid":{"rendered":"https:\/\/kts-duebel.de\/insulating-dowel-is-simply-drilling-from-pe\/"},"modified":"2024-04-19T10:34:51","modified_gmt":"2024-04-19T09:34:51","slug":"insulating-dowel-is-simply-drilling-from-pe","status":"publish","type":"page","link":"https:\/\/kts-duebel.de\/en\/insulating-dowel-is-simply-drilling-from-pe\/","title":{"rendered":"Insulating dowel"},"content":{"rendered":"<p>[et_pb_section fb_built=&#8221;1&#8243; custom_padding_last_edited=&#8221;on|desktop&#8221; admin_label=&#8221;section&#8221; _builder_version=&#8221;4.16&#8243; background_color=&#8221;#ffffff&#8221; custom_padding_tablet=&#8221;50px|0|50px|0&#8243; custom_padding_phone=&#8221;&#8221; transparent_background=&#8221;off&#8221; padding_mobile=&#8221;off&#8221; make_fullwidth=&#8221;off&#8221; use_custom_width=&#8221;off&#8221; width_unit=&#8221;on&#8221; global_colors_info=&#8221;{}&#8221;][et_pb_row column_structure=&#8221;1_2,1_2&#8243; padding_mobile=&#8221;off&#8221; admin_label=&#8221;row&#8221; _builder_version=&#8221;4.16&#8243; background_size=&#8221;initial&#8221; background_position=&#8221;top_left&#8221; background_repeat=&#8221;repeat&#8221; min_height=&#8221;427px&#8221; make_fullwidth=&#8221;off&#8221; use_custom_width=&#8221;off&#8221; width_unit=&#8221;on&#8221; global_colors_info=&#8221;{}&#8221;][et_pb_column type=&#8221;1_2&#8243; _builder_version=&#8221;4.16&#8243; custom_padding=&#8221;|||&#8221; global_colors_info=&#8221;{}&#8221; custom_padding__hover=&#8221;|||&#8221;][et_pb_image src=&#8221;https:\/\/kts-duebel.de\/wp-content\/uploads\/2022\/06\/Isolierdu\u0308bel-\u2013-SIMPLY-DRILLING.jpg&#8221; alt=&#8221;KTS Insulating dowel&#8221; title_text=&#8221;Insulating dowel&#8212;SIMPLY-DRILLING&#8221; align_tablet=&#8221;center&#8221; align_phone=&#8221;&#8221; align_last_edited=&#8221;on|desktop&#8221; admin_label=&#8221;Bild&#8221; _builder_version=&#8221;4.21.0&#8243; custom_margin=&#8221;|50||100&#8243; animation=&#8221;off&#8221; sticky=&#8221;off&#8221; use_border_color=&#8221;off&#8221; border_color=&#8221;#ffffff&#8221; border_style=&#8221;solid&#8221; always_center_on_mobile=&#8221;on&#8221; global_colors_info=&#8221;{}&#8221;] [\/et_pb_image][\/et_pb_column][et_pb_column type=&#8221;1_2&#8243; _builder_version=&#8221;4.16&#8243; custom_padding=&#8221;|||&#8221; global_colors_info=&#8221;{}&#8221; custom_padding__hover=&#8221;|||&#8221;][et_pb_text admin_label=&#8221;Text&#8221; _builder_version=&#8221;4.16&#8243; background_size=&#8221;initial&#8221; background_position=&#8221;top_left&#8221; background_repeat=&#8221;repeat&#8221; custom_margin=&#8221;|50|2px|||&#8221; custom_padding=&#8221;||0px|||&#8221; use_border_color=&#8221;off&#8221; border_color=&#8221;#ffffff&#8221; border_style=&#8221;solid&#8221; global_colors_info=&#8221;{}&#8221;]<\/p>\n<h2>Insulating dowel SIMPY DRILLING \u2013 IS \u2013 PLUG PE<\/h2>\n<p>Features:<br \/>&#8211; Insulating dowel with coarse, conical thread and flat head<br \/>&#8211; Suitable for rigid foam boards and other soft building materials<br \/>&#8211; Secure hold due to material displacement and compression of the foam<br \/>&#8211; Made of high quality, impact resistant polyamide<br \/>&#8211; Resistant to UV radiation and weathering<br \/>&#8211; Insulating effect, sound insulation and vapor barrier remain intact<br \/>&#8211; No cold bridges<br \/>&#8211; Simple and fast assembly<br \/>&#8211; Processing possible without pre-drilling or special tools<\/p>\n<p>Use:<br \/>&#8211; Screw directly into the substrate without pre-drilling<br \/>&#8211; Preferably used for refrigeration, air conditioning, insulation and facade construction<br \/>&#8211; Also plasterers and plasterers, as well as roofing, installation and<br \/>Electrical installation companies use the insulating plug<\/p>\n<p>&nbsp;<\/p>\n<p>[\/et_pb_text][et_pb_button button_url=&#8221;https:\/\/kts-duebel.de\/wp-content\/uploads\/2021\/07\/IS-Duebel-Datenblatt-deutsch-2021-mit-Anwendungsbeispiel.pdf&#8221; button_text=&#8221;Data sheet&#8221; _builder_version=&#8221;4.16&#8243; _module_preset=&#8221;default&#8221; custom_button=&#8221;on&#8221; button_text_color=&#8221;#FFFFFF&#8221; button_bg_color=&#8221;#E02B20&#8243; button_border_width=&#8221;0px&#8221; button_letter_spacing=&#8221;0px&#8221; button_font=&#8221;||||||||&#8221; global_colors_info=&#8221;{}&#8221;][\/et_pb_button][\/et_pb_column][\/et_pb_row][et_pb_row padding_mobile=&#8221;off&#8221; column_padding_mobile=&#8221;on&#8221; admin_label=&#8221;row&#8221; _builder_version=&#8221;4.16&#8243; background_size=&#8221;initial&#8221; background_position=&#8221;top_left&#8221; background_repeat=&#8221;repeat&#8221; make_fullwidth=&#8221;off&#8221; use_custom_width=&#8221;off&#8221; width_unit=&#8221;on&#8221; custom_width_px=&#8221;700&#8243; global_colors_info=&#8221;{}&#8221;][et_pb_column type=&#8221;4_4&#8243; _builder_version=&#8221;4.16&#8243; custom_padding=&#8221;|||&#8221; global_colors_info=&#8221;{}&#8221; custom_padding__hover=&#8221;|||&#8221;][et_pb_text admin_label=&#8221;Text&#8221; _builder_version=&#8221;4.16&#8243; background_color=&#8221;#ffffff&#8221; background_size=&#8221;initial&#8221; background_position=&#8221;top_left&#8221; background_repeat=&#8221;repeat&#8221; use_border_color=&#8221;off&#8221; border_color=&#8221;#ffffff&#8221; border_style=&#8221;solid&#8221; global_colors_info=&#8221;{}&#8221;]<\/p>\n<table class=\"producttable\" border=\"0\">\n<thead>\n<tr>\n<th colspan=\"4\">Performance data IS &#8211; dowel<\/th>\n<\/tr>\n<\/thead>\n<tbody>\n<tr>\n<td>Article-No.<\/td>\n<td>1821000501<\/td>\n<td>1821000951<\/td>\n<td>1821010951<\/td>\n<\/tr>\n<tr>\n<td>Dimension<\/td>\n<td>IS 50 mm<\/td>\n<td>IS 95 &#8211; 8 mm<\/td>\n<td>IS 95 &#8211; 10 mm<\/td>\n<\/tr>\n<tr>\n<td>Max. Dowel \u00d8 mm<\/td>\n<td>20<\/td>\n<td>30<\/td>\n<td>30<\/td>\n<\/tr>\n<tr>\n<td>Tools<\/td>\n<td>Bit Torx 30<\/td>\n<td>Bit Torx 55 or<br \/>\nRing \/ open-end wrench SW 17<\/td>\n<td>Ring \/ open-end wrench SW 17<\/td>\n<\/tr>\n<tr>\n<td>Packaging unit<\/td>\n<td>50\/500<\/td>\n<td>50\/250<\/td>\n<td>50\/250<\/td>\n<\/tr>\n<tr>\n<td>Weight per packing unit<\/td>\n<td>12.0 kg.<\/td>\n<td>18.0 kg.<\/td>\n<td>18.0 kg.<\/td>\n<\/tr>\n<\/tbody>\n<\/table>\n<p>[\/et_pb_text][\/et_pb_column][\/et_pb_row][et_pb_row column_structure=&#8221;1_4,1_2,1_4&#8243; admin_label=&#8221;Line&#8221; _builder_version=&#8221;4.16&#8243; background_size=&#8221;initial&#8221; background_position=&#8221;top_left&#8221; background_repeat=&#8221;repeat&#8221; global_colors_info=&#8221;{}&#8221;][et_pb_column type=&#8221;1_4&#8243; _builder_version=&#8221;4.16&#8243; custom_padding=&#8221;|||&#8221; global_colors_info=&#8221;{}&#8221; custom_padding__hover=&#8221;|||&#8221;][et_pb_image src=&#8221;https:\/\/kts-duebel.de\/wp-content\/uploads\/2023\/06\/Bildschirmfoto-2023-06-12-um-20.43.28.png&#8221; title_text=&#8221;Screenshot 2023-06-12 at 20.43.28&#8243; _builder_version=&#8221;4.21.0&#8243; _module_preset=&#8221;default&#8221; global_colors_info=&#8221;{}&#8221;][\/et_pb_image][\/et_pb_column][et_pb_column type=&#8221;1_2&#8243; _builder_version=&#8221;4.16&#8243; custom_padding=&#8221;|||&#8221; global_colors_info=&#8221;{}&#8221; custom_padding__hover=&#8221;|||&#8221;][et_pb_text admin_label=&#8221;Text&#8221; _builder_version=&#8221;4.16&#8243; background_size=&#8221;initial&#8221; background_position=&#8221;top_left&#8221; background_repeat=&#8221;repeat&#8221; use_border_color=&#8221;off&#8221; border_color=&#8221;#ffffff&#8221; border_style=&#8221;solid&#8221; global_colors_info=&#8221;{}&#8221;]<\/p>\n<table border=\"0\">\n<tbody>\n<tr>\n<td colspan=\"2\" valign=\"top\"><strong>Mounting instruction<\/strong><br \/>\nThe KTS IS anchor is simply screwed in without pre-drilling using an existing universal tool with Torx insert or a ring\/open-end wrench.<\/td>\n<\/tr>\n<tr>\n<td valign=\"top\">IS 50<\/td>\n<td valign=\"top\">Chipboard, sheet metal or wood screw \u00d8 4.0 &#8211; 4.5 mm<\/td>\n<\/tr>\n<tr>\n<td valign=\"top\">IS 95<\/td>\n<td valign=\"top\">Hexagon head screw M 8 or wood screw \u00d8 8 mm<\/td>\n<\/tr>\n<\/tbody>\n<\/table>\n<table border=\"0\">\n<tbody>\n<tr>\n<td colspan=\"2\"><strong>Mean value of pull-out force (transverse) in N<\/strong><\/td>\n<\/tr>\n<tr>\n<td>Dowel designation<\/td>\n<td>Maximum force in N<\/td>\n<\/tr>\n<tr>\n<td>IS 50<\/td>\n<td>171<\/td>\n<\/tr>\n<tr>\n<td>IS 95<\/td>\n<td>315<\/td>\n<\/tr>\n<\/tbody>\n<\/table>\n<p>This information should be considered as a general recommendation. It is expressly pointed out that this information does not apply to cases relevant to building regulations. They do not constitute an approval.<br \/>\n[\/et_pb_text][\/et_pb_column][et_pb_column type=&#8221;1_4&#8243; _builder_version=&#8221;4.16&#8243; custom_padding=&#8221;|||&#8221; global_colors_info=&#8221;{}&#8221; custom_padding__hover=&#8221;|||&#8221;][\/et_pb_column][\/et_pb_row][\/et_pb_section]<\/p>\n","protected":false},"excerpt":{"rendered":"<p>Insulating dowel SIMPY DRILLING \u2013 IS \u2013 PLUG PE Features:- Insulating dowel with coarse, conical thread and flat head- Suitable for rigid foam boards and other soft building materials- Secure hold due to material displacement and compression of the foam- Made of high quality, impact resistant polyamide- Resistant to UV radiation and weathering- Insulating effect, [&hellip;]<\/p>\n","protected":false},"author":2,"featured_media":0,"parent":0,"menu_order":56,"comment_status":"closed","ping_status":"closed","template":"","meta":{"_et_pb_use_builder":"on","_et_pb_old_content":"<table border=\"0\"><tbody><tr><td valign=\"top\"><img class=\"alignnone size-full wp-image-198\" title=\"IS - D\u00fcbel PE\" src=\"https:\/\/kts-duebel.de\/wp-content\/uploads\/2009\/05\/47_1.jpg\" alt=\"IS - D\u00fcbel PE\" width=\"309\" height=\"181\" \/><img class=\"alignnone size-full wp-image-199\" title=\"IS - D\u00fcbel PE\" src=\"https:\/\/kts-duebel.de\/wp-content\/uploads\/2009\/05\/47_2.jpg\" alt=\"IS - D\u00fcbel PE\" width=\"309\" height=\"181\" \/><\/td><td style=\"width: 25px;\">\u00a0<\/td><td valign=\"top\"><p>EINSATZBEREICH: In Styropor und Hartschaumplatten oder Weichbaustoffe.<\/p><p>Der KTS IS - D\u00fcbel wird bevorzugt vom K\u00e4lte\u2011, Klima-, Akustik-, Isolier- und Fassadenbau, sowie von Gipser- und Stukkateurbetrieben, Dachbau-, Montagebau- und Elektro-installationsbetrieben eingesetzt.<\/p><p>\u00a0<\/p><p>\u00a0<\/p><table class=\"producttable\" border=\"0\"><thead><tr style=\"background-color: #dcdcdc;\"><th colspan=\"4\">Leistungsdaten IS - D\u00fcbel<\/th><\/tr><\/thead><tbody><tr><td>Artikelnummer<\/td><td style=\"text-align: center;\">1821000501<\/td><td style=\"text-align: center;\">1821000951<\/td><td style=\"text-align: center;\">1821010951<\/td><\/tr><tr style=\"background-color: #dcdcdc;\"><td>Abmessung<\/td><td style=\"text-align: center;\">IS 50 mm<\/td><td style=\"text-align: center;\">IS 95 - 8 mm<\/td><td style=\"text-align: center;\">IS 95 - 10\u00a0 mm<\/td><\/tr><tr><td>Max. D\u00fcbel \u00d8 mm<\/td><td style=\"text-align: center;\">20<\/td><td style=\"text-align: center;\">30<\/td><td style=\"text-align: center;\">30<\/td><\/tr><tr style=\"background-color: #dcdcdc;\"><td>Werkzeuge<\/td><td style=\"text-align: center;\">Bit Torx 30<\/td><td style=\"text-align: center;\">Bit Torx 55 oder<br \/> Ring\/Maulschl\u00fcssel SW 17<\/td><td style=\"text-align: center;\">Ring\/Maulschl\u00fcssel SW 17<\/td><\/tr><tr><td>Verpackungseinheit<\/td><td style=\"text-align: center;\">50\/500<\/td><td style=\"text-align: center;\">50\/250<\/td><td style=\"text-align: center;\">50\/250<\/td><\/tr><tr style=\"background-color: #dcdcdc;\"><td>Gewicht pro VE<\/td><td style=\"text-align: center;\">12,0 kg.<\/td><td style=\"text-align: center;\">18,0 kg.<\/td><td style=\"text-align: center;\">18,0 kg.<\/td><\/tr><\/tbody><\/table><\/td><\/tr><\/tbody><\/table><table style=\"width: 401px; height: 154px;\" border=\"0\"><tbody><tr><td colspan=\"2\" valign=\"top\"><strong>Montagehinweis<\/strong><br \/> Der KTS IS - D\u00fcbel wird ohne Vorbohren einfach mit Hilfe eines vorhandenen Universalwerkzeuges mit Torx Einsatz oder einem Ring\/Maulschl\u00fcssel eingedreht.<\/td><\/tr><tr><td style=\"width: 50px;\" valign=\"top\">IS 50<\/td><td valign=\"top\">Span-, Blech- oder Holzschraube \u00d8 4,0 - 4,5 mm<\/td><\/tr><tr><td valign=\"top\">IS 95<\/td><td valign=\"top\">Sechskantschraube M 8 bzw. Holzschraube \u00d8 8 mm<\/td><\/tr><\/tbody><\/table><table border=\"0\"><tbody><tr><td colspan=\"2\"><strong>Mittelwert der Auszugskraft (quer) in N<\/strong><\/td><\/tr><tr><td style=\"text-align: center;\">D\u00fcbelbezeichnung<\/td><td style=\"text-align: center;\">Maximalkraft\u00a0 in N<\/td><\/tr><tr><td style=\"text-align: center;\">IS 50<\/td><td style=\"text-align: center;\">171<\/td><\/tr><tr><td style=\"text-align: center;\">IS 95<\/td><td style=\"text-align: center;\">315<\/td><\/tr><\/tbody><\/table><p>Diese Angaben sind als allgemeine Empfehlung zu betrachten. Es wird ausdr\u00fccklich darauf hingewiesen, dass diese Angaben nicht f\u00fcr bauaufsichtlich relevante F\u00e4lle gelten. Sie stellen keine Zulassung dar.<\/p>","_et_gb_content_width":"","footnotes":""},"class_list":["post-5721","page","type-page","status-publish","hentry"],"yoast_head":"<!-- This site is optimized with the Yoast SEO plugin v26.9 - https:\/\/yoast.com\/product\/yoast-seo-wordpress\/ -->\n<title>Insulating dowel &#183; KTS Kunststofftechnik - D\u00fcbel \/ Befestigungstechnik<\/title>\n<meta name=\"description\" content=\"Our insulating dowel is ideal for your project. Thanks to the perfect shape, thermal insulation &amp; vapor barrier are retained. Buy insulating plugs now!\" \/>\n<meta name=\"robots\" content=\"index, follow, max-snippet:-1, max-image-preview:large, max-video-preview:-1\" \/>\n<link rel=\"canonical\" href=\"https:\/\/kts-duebel.de\/en\/insulating-dowel-is-simply-drilling-from-pe\/\" \/>\n<meta property=\"og:locale\" content=\"en_US\" \/>\n<meta property=\"og:type\" content=\"article\" \/>\n<meta property=\"og:title\" content=\"Insulating dowel &#183; KTS Kunststofftechnik - D\u00fcbel \/ Befestigungstechnik\" \/>\n<meta property=\"og:description\" content=\"Our insulating dowel is ideal for your project. Thanks to the perfect shape, thermal insulation &amp; vapor barrier are retained. Buy insulating plugs now!\" \/>\n<meta property=\"og:url\" content=\"https:\/\/kts-duebel.de\/en\/insulating-dowel-is-simply-drilling-from-pe\/\" \/>\n<meta property=\"og:site_name\" content=\"KTS Kunststofftechnik - D\u00fcbel \/ Befestigungstechnik\" \/>\n<meta property=\"article:publisher\" content=\"https:\/\/www.facebook.com\/KtS-Kunststofftechnik-GmbH-111544753881915\/\" \/>\n<meta property=\"article:modified_time\" content=\"2024-04-19T09:34:51+00:00\" \/>\n<meta name=\"twitter:card\" content=\"summary_large_image\" \/>\n<meta name=\"twitter:label1\" content=\"Est. reading time\" \/>\n\t<meta name=\"twitter:data1\" content=\"4 minutes\" \/>\n<script type=\"application\/ld+json\" class=\"yoast-schema-graph\">{\"@context\":\"https:\/\/schema.org\",\"@graph\":[{\"@type\":\"WebPage\",\"@id\":\"https:\/\/kts-duebel.de\/en\/insulating-dowel-is-simply-drilling-from-pe\/\",\"url\":\"https:\/\/kts-duebel.de\/en\/insulating-dowel-is-simply-drilling-from-pe\/\",\"name\":\"Insulating dowel &#183; KTS Kunststofftechnik - D\u00fcbel \/ Befestigungstechnik\",\"isPartOf\":{\"@id\":\"https:\/\/kts-duebel.de\/en\/#website\"},\"datePublished\":\"2009-05-09T16:52:22+00:00\",\"dateModified\":\"2024-04-19T09:34:51+00:00\",\"description\":\"Our insulating dowel is ideal for your project. Thanks to the perfect shape, thermal insulation & vapor barrier are retained. Buy insulating plugs now!\",\"breadcrumb\":{\"@id\":\"https:\/\/kts-duebel.de\/en\/insulating-dowel-is-simply-drilling-from-pe\/#breadcrumb\"},\"inLanguage\":\"en-US\",\"potentialAction\":[{\"@type\":\"ReadAction\",\"target\":[\"https:\/\/kts-duebel.de\/en\/insulating-dowel-is-simply-drilling-from-pe\/\"]}]},{\"@type\":\"BreadcrumbList\",\"@id\":\"https:\/\/kts-duebel.de\/en\/insulating-dowel-is-simply-drilling-from-pe\/#breadcrumb\",\"itemListElement\":[{\"@type\":\"ListItem\",\"position\":1,\"name\":\"Home\",\"item\":\"https:\/\/kts-duebel.de\/en\/\"},{\"@type\":\"ListItem\",\"position\":2,\"name\":\"Insulating dowel\"}]},{\"@type\":\"WebSite\",\"@id\":\"https:\/\/kts-duebel.de\/en\/#website\",\"url\":\"https:\/\/kts-duebel.de\/en\/\",\"name\":\"KTS Kunststofftechnik - D\u00fcbel \/ Befestigungstechnik\",\"description\":\"\",\"publisher\":{\"@id\":\"https:\/\/kts-duebel.de\/en\/#organization\"},\"potentialAction\":[{\"@type\":\"SearchAction\",\"target\":{\"@type\":\"EntryPoint\",\"urlTemplate\":\"https:\/\/kts-duebel.de\/en\/?s={search_term_string}\"},\"query-input\":{\"@type\":\"PropertyValueSpecification\",\"valueRequired\":true,\"valueName\":\"search_term_string\"}}],\"inLanguage\":\"en-US\"},{\"@type\":\"Organization\",\"@id\":\"https:\/\/kts-duebel.de\/en\/#organization\",\"name\":\"KTS Kunststofftechnik GmbH\",\"url\":\"https:\/\/kts-duebel.de\/en\/\",\"logo\":{\"@type\":\"ImageObject\",\"inLanguage\":\"en-US\",\"@id\":\"https:\/\/kts-duebel.de\/en\/#\/schema\/logo\/image\/\",\"url\":\"https:\/\/kts-duebel.de\/wp-content\/uploads\/2016\/03\/logo.png\",\"contentUrl\":\"https:\/\/kts-duebel.de\/wp-content\/uploads\/2016\/03\/logo.png\",\"width\":512,\"height\":512,\"caption\":\"KTS Kunststofftechnik GmbH\"},\"image\":{\"@id\":\"https:\/\/kts-duebel.de\/en\/#\/schema\/logo\/image\/\"},\"sameAs\":[\"https:\/\/www.facebook.com\/KtS-Kunststofftechnik-GmbH-111544753881915\/\"]}]}<\/script>\n<!-- \/ Yoast SEO plugin. -->","yoast_head_json":{"title":"Insulating dowel &#183; KTS Kunststofftechnik - D\u00fcbel \/ Befestigungstechnik","description":"Our insulating dowel is ideal for your project. Thanks to the perfect shape, thermal insulation & vapor barrier are retained. Buy insulating plugs now!","robots":{"index":"index","follow":"follow","max-snippet":"max-snippet:-1","max-image-preview":"max-image-preview:large","max-video-preview":"max-video-preview:-1"},"canonical":"https:\/\/kts-duebel.de\/en\/insulating-dowel-is-simply-drilling-from-pe\/","og_locale":"en_US","og_type":"article","og_title":"Insulating dowel &#183; KTS Kunststofftechnik - D\u00fcbel \/ Befestigungstechnik","og_description":"Our insulating dowel is ideal for your project. Thanks to the perfect shape, thermal insulation & vapor barrier are retained. Buy insulating plugs now!","og_url":"https:\/\/kts-duebel.de\/en\/insulating-dowel-is-simply-drilling-from-pe\/","og_site_name":"KTS Kunststofftechnik - D\u00fcbel \/ Befestigungstechnik","article_publisher":"https:\/\/www.facebook.com\/KtS-Kunststofftechnik-GmbH-111544753881915\/","article_modified_time":"2024-04-19T09:34:51+00:00","twitter_card":"summary_large_image","twitter_misc":{"Est. reading time":"4 minutes"},"schema":{"@context":"https:\/\/schema.org","@graph":[{"@type":"WebPage","@id":"https:\/\/kts-duebel.de\/en\/insulating-dowel-is-simply-drilling-from-pe\/","url":"https:\/\/kts-duebel.de\/en\/insulating-dowel-is-simply-drilling-from-pe\/","name":"Insulating dowel &#183; KTS Kunststofftechnik - D\u00fcbel \/ Befestigungstechnik","isPartOf":{"@id":"https:\/\/kts-duebel.de\/en\/#website"},"datePublished":"2009-05-09T16:52:22+00:00","dateModified":"2024-04-19T09:34:51+00:00","description":"Our insulating dowel is ideal for your project. Thanks to the perfect shape, thermal insulation & vapor barrier are retained. Buy insulating plugs now!","breadcrumb":{"@id":"https:\/\/kts-duebel.de\/en\/insulating-dowel-is-simply-drilling-from-pe\/#breadcrumb"},"inLanguage":"en-US","potentialAction":[{"@type":"ReadAction","target":["https:\/\/kts-duebel.de\/en\/insulating-dowel-is-simply-drilling-from-pe\/"]}]},{"@type":"BreadcrumbList","@id":"https:\/\/kts-duebel.de\/en\/insulating-dowel-is-simply-drilling-from-pe\/#breadcrumb","itemListElement":[{"@type":"ListItem","position":1,"name":"Home","item":"https:\/\/kts-duebel.de\/en\/"},{"@type":"ListItem","position":2,"name":"Insulating dowel"}]},{"@type":"WebSite","@id":"https:\/\/kts-duebel.de\/en\/#website","url":"https:\/\/kts-duebel.de\/en\/","name":"KTS Kunststofftechnik - D\u00fcbel \/ Befestigungstechnik","description":"","publisher":{"@id":"https:\/\/kts-duebel.de\/en\/#organization"},"potentialAction":[{"@type":"SearchAction","target":{"@type":"EntryPoint","urlTemplate":"https:\/\/kts-duebel.de\/en\/?s={search_term_string}"},"query-input":{"@type":"PropertyValueSpecification","valueRequired":true,"valueName":"search_term_string"}}],"inLanguage":"en-US"},{"@type":"Organization","@id":"https:\/\/kts-duebel.de\/en\/#organization","name":"KTS Kunststofftechnik GmbH","url":"https:\/\/kts-duebel.de\/en\/","logo":{"@type":"ImageObject","inLanguage":"en-US","@id":"https:\/\/kts-duebel.de\/en\/#\/schema\/logo\/image\/","url":"https:\/\/kts-duebel.de\/wp-content\/uploads\/2016\/03\/logo.png","contentUrl":"https:\/\/kts-duebel.de\/wp-content\/uploads\/2016\/03\/logo.png","width":512,"height":512,"caption":"KTS Kunststofftechnik GmbH"},"image":{"@id":"https:\/\/kts-duebel.de\/en\/#\/schema\/logo\/image\/"},"sameAs":["https:\/\/www.facebook.com\/KtS-Kunststofftechnik-GmbH-111544753881915\/"]}]}},"_links":{"self":[{"href":"https:\/\/kts-duebel.de\/en\/wp-json\/wp\/v2\/pages\/5721","targetHints":{"allow":["GET"]}}],"collection":[{"href":"https:\/\/kts-duebel.de\/en\/wp-json\/wp\/v2\/pages"}],"about":[{"href":"https:\/\/kts-duebel.de\/en\/wp-json\/wp\/v2\/types\/page"}],"author":[{"embeddable":true,"href":"https:\/\/kts-duebel.de\/en\/wp-json\/wp\/v2\/users\/2"}],"replies":[{"embeddable":true,"href":"https:\/\/kts-duebel.de\/en\/wp-json\/wp\/v2\/comments?post=5721"}],"version-history":[{"count":10,"href":"https:\/\/kts-duebel.de\/en\/wp-json\/wp\/v2\/pages\/5721\/revisions"}],"predecessor-version":[{"id":7403,"href":"https:\/\/kts-duebel.de\/en\/wp-json\/wp\/v2\/pages\/5721\/revisions\/7403"}],"wp:attachment":[{"href":"https:\/\/kts-duebel.de\/en\/wp-json\/wp\/v2\/media?parent=5721"}],"curies":[{"name":"wp","href":"https:\/\/api.w.org\/{rel}","templated":true}]}}