{"id":5703,"date":"2012-01-22T14:27:34","date_gmt":"2012-01-22T13:27:34","guid":{"rendered":"https:\/\/kts-duebel.de\/pipe-clamp-fastening-masonry-piper\/"},"modified":"2024-08-31T16:13:52","modified_gmt":"2024-08-31T15:13:52","slug":"pipe-clamp-fastening-masonry-piper","status":"publish","type":"page","link":"https:\/\/kts-duebel.de\/en\/pipe-clamp-fastening-masonry-piper\/","title":{"rendered":"Pipe clamp fastening masonry &#8211; PIPER"},"content":{"rendered":"<p>[et_pb_section fb_built=&#8221;1&#8243; custom_padding_last_edited=&#8221;on|desktop&#8221; admin_label=&#8221;section&#8221; _builder_version=&#8221;4.16&#8243; background_color=&#8221;#ffffff&#8221; custom_padding_tablet=&#8221;50px|0|50px|0&#8243; custom_padding_phone=&#8221;&#8221; transparent_background=&#8221;off&#8221; padding_mobile=&#8221;off&#8221; make_fullwidth=&#8221;off&#8221; use_custom_width=&#8221;off&#8221; width_unit=&#8221;on&#8221; global_colors_info=&#8221;{}&#8221;][et_pb_row column_structure=&#8221;1_2,1_2&#8243; padding_mobile=&#8221;off&#8221; admin_label=&#8221;row&#8221; _builder_version=&#8221;4.16&#8243; background_size=&#8221;initial&#8221; background_position=&#8221;top_left&#8221; background_repeat=&#8221;repeat&#8221; make_fullwidth=&#8221;off&#8221; use_custom_width=&#8221;off&#8221; width_unit=&#8221;on&#8221; global_colors_info=&#8221;{}&#8221;][et_pb_column type=&#8221;1_2&#8243; _builder_version=&#8221;4.16&#8243; custom_padding=&#8221;|||&#8221; global_colors_info=&#8221;{}&#8221; custom_padding__hover=&#8221;|||&#8221;][et_pb_image src=&#8221;https:\/\/kts-duebel.de\/wp-content\/uploads\/2023\/06\/Bildschirmfoto-2023-06-13-um-08.57.21.png&#8221; title_text=&#8221;Screenshot 2023-06-13 at 08.57.21&#8243; align_tablet=&#8221;center&#8221; align_phone=&#8221;&#8221; align_last_edited=&#8221;on|desktop&#8221; admin_label=&#8221;Bild&#8221; _builder_version=&#8221;4.21.0&#8243; custom_margin=&#8221;|50||100&#8243; animation=&#8221;off&#8221; sticky=&#8221;off&#8221; use_border_color=&#8221;off&#8221; border_color=&#8221;#ffffff&#8221; border_style=&#8221;solid&#8221; always_center_on_mobile=&#8221;on&#8221; global_colors_info=&#8221;{}&#8221;][\/et_pb_image][\/et_pb_column][et_pb_column type=&#8221;1_2&#8243; _builder_version=&#8221;4.16&#8243; custom_padding=&#8221;|||&#8221; global_colors_info=&#8221;{}&#8221; custom_padding__hover=&#8221;|||&#8221;][et_pb_text admin_label=&#8221;Text&#8221; _builder_version=&#8221;4.16&#8243; background_size=&#8221;initial&#8221; background_position=&#8221;top_left&#8221; background_repeat=&#8221;repeat&#8221; custom_margin=&#8221;|50||&#8221; use_border_color=&#8221;off&#8221; border_color=&#8221;#ffffff&#8221; border_style=&#8221;solid&#8221; global_colors_info=&#8221;{}&#8221;]<\/p>\n<h2>Pipe clamp fastening masonry &#8211; PIPER<\/h2>\n<p>  The specially shaped cover cap drains rainwater away from the fa\u00e7ade and fits all types of pipe clamps. The sealing lip prevents the draining water from entering the facade! The Piper is perfect for the quick and easy installation of pipe clamps in all VWS fa\u00e7ades!<br \/>\n[\/et_pb_text][et_pb_text admin_label=&#8221;Text&#8221; _builder_version=&#8221;4.16&#8243; background_size=&#8221;initial&#8221; background_position=&#8221;top_left&#8221; background_repeat=&#8221;repeat&#8221; use_border_color=&#8221;off&#8221; border_color=&#8221;#ffffff&#8221; border_style=&#8221;solid&#8221; global_colors_info=&#8221;{}&#8221;][\/et_pb_text][\/et_pb_column][\/et_pb_row][et_pb_row column_structure=&#8221;1_2,1_2&#8243; admin_label=&#8221;Line&#8221; _builder_version=&#8221;4.16&#8243; background_size=&#8221;initial&#8221; background_position=&#8221;top_left&#8221; background_repeat=&#8221;repeat&#8221; global_colors_info=&#8221;{}&#8221;][et_pb_column type=&#8221;1_2&#8243; _builder_version=&#8221;4.16&#8243; custom_padding=&#8221;|||&#8221; global_colors_info=&#8221;{}&#8221; custom_padding__hover=&#8221;|||&#8221;][et_pb_image src=&#8221;https:\/\/kts-duebel.de\/wp-content\/uploads\/2012\/01\/Piper-D\u00fcbel.jpg&#8221; align_tablet=&#8221;center&#8221; align_phone=&#8221;&#8221; align_last_edited=&#8221;on|desktop&#8221; admin_label=&#8221;Bild&#8221; _builder_version=&#8221;4.16&#8243; custom_margin=&#8221;|50||100&#8243; animation=&#8221;off&#8221; sticky=&#8221;off&#8221; use_border_color=&#8221;off&#8221; border_color=&#8221;#ffffff&#8221; border_style=&#8221;solid&#8221; always_center_on_mobile=&#8221;on&#8221; global_colors_info=&#8221;{}&#8221;][\/et_pb_image][et_pb_text _builder_version=&#8221;4.27.0&#8243; _module_preset=&#8221;default&#8221; link_option_url=&#8221;https:\/\/shop.kts-duebel.de\/langschaftduebel-fuer-rohrschellenbefestigung&#8221; hover_enabled=&#8221;0&#8243; sticky_enabled=&#8221;0&#8243;]<\/p>\n<h2 style=\"padding-left: 40px; text-align: center;\"><a href=\"https:\/\/shop.kts-duebel.de\/langschaftduebel-fuer-rohrschellenbefestigung\"><a href=\"https:\/\/shop.kts-duebel.de\/langschaftduebel-fuer-rohrschellenbefestigung\">Buy long shank dowels directly here<\/a><\/a><\/h2>\n<p>[\/et_pb_text][et_pb_image src=&#8221;https:\/\/kts-duebel.de\/wp-content\/uploads\/2022\/08\/shopprodukt.png&#8221; alt=&#8221;KTS Shopping Cart&#8221; title_text=&#8221;store product&#8221; url=&#8221;https:\/\/shop.kts-duebel.de\/langschaftduebel\/&#8221; _builder_version=&#8221;4.27.0&#8243; _module_preset=&#8221;default&#8221; width=&#8221;37%&#8221; module_alignment=&#8221;right&#8221; hover_enabled=&#8221;0&#8243; global_colors_info=&#8221;{}&#8221; animation_style=&#8221;bounce&#8221; animation_duration=&#8221;1100ms&#8221; sticky_enabled=&#8221;0&#8243;][\/et_pb_image][\/et_pb_column][et_pb_column type=&#8221;1_2&#8243; _builder_version=&#8221;4.16&#8243; custom_padding=&#8221;|||&#8221; global_colors_info=&#8221;{}&#8221; custom_padding__hover=&#8221;|||&#8221;][et_pb_image src=&#8221;https:\/\/kts-duebel.de\/wp-content\/uploads\/2012\/01\/Piper-D\u00fcbel-3-Gr\u00f6\u00dfen.jpg&#8221; align_tablet=&#8221;center&#8221; align_phone=&#8221;&#8221; align_last_edited=&#8221;on|desktop&#8221; admin_label=&#8221;Bild&#8221; _builder_version=&#8221;4.16&#8243; custom_margin=&#8221;|50||100&#8243; animation=&#8221;off&#8221; sticky=&#8221;off&#8221; use_border_color=&#8221;off&#8221; border_color=&#8221;#ffffff&#8221; border_style=&#8221;solid&#8221; always_center_on_mobile=&#8221;on&#8221; global_colors_info=&#8221;{}&#8221;][\/et_pb_image][\/et_pb_column][\/et_pb_row][et_pb_row _builder_version=&#8221;4.27.0&#8243; _module_preset=&#8221;default&#8221;][et_pb_column _builder_version=&#8221;4.27.0&#8243; _module_preset=&#8221;default&#8221; type=&#8221;4_4&#8243;][\/et_pb_column][\/et_pb_row][et_pb_row padding_mobile=&#8221;off&#8221; column_padding_mobile=&#8221;on&#8221; admin_label=&#8221;row&#8221; _builder_version=&#8221;4.16&#8243; background_size=&#8221;initial&#8221; background_position=&#8221;top_left&#8221; background_repeat=&#8221;repeat&#8221; make_fullwidth=&#8221;off&#8221; use_custom_width=&#8221;off&#8221; width_unit=&#8221;on&#8221; custom_width_px=&#8221;700&#8243; global_colors_info=&#8221;{}&#8221;][et_pb_column type=&#8221;4_4&#8243; _builder_version=&#8221;4.16&#8243; custom_padding=&#8221;|||&#8221; global_colors_info=&#8221;{}&#8221; custom_padding__hover=&#8221;|||&#8221;][et_pb_text admin_label=&#8221;Text&#8221; _builder_version=&#8221;4.16&#8243; background_color=&#8221;#ffffff&#8221; background_size=&#8221;initial&#8221; background_position=&#8221;top_left&#8221; background_repeat=&#8221;repeat&#8221; use_border_color=&#8221;off&#8221; border_color=&#8221;#ffffff&#8221; border_style=&#8221;solid&#8221; global_colors_info=&#8221;{}&#8221;]<\/p>\n<table class=\"producttable\" border=\"0\">\n<thead>\n<tr>\n<th colspan=\"5\">Technical data Piper FD &#8211; Dowel<\/th>\n<\/tr>\n<\/thead>\n<tbody>\n<tr>\n<td>Item number<\/td>\n<td>Dimensions<\/td>\n<td>Insulation thickness<\/td>\n<td>Screw M 10 thread<\/td>\n<\/tr>\n<tr>\n<td>1261018098<\/td>\n<td>10 x 180 mm<\/td>\n<td>up to 100 mm<\/td>\n<td>190 mm<\/td>\n<td>50 pieces<\/td>\n<\/tr>\n<tr>\n<td>1261024098<\/td>\n<td>10 x 240 mm<\/td>\n<td>up to 160 mm<\/td>\n<td>250 mm<\/td>\n<td>50 pieces<\/td>\n<\/tr>\n<tr>\n<td>1261028098<\/td>\n<td>10 x 280 mm<\/td>\n<td>up to 200 mm<\/td>\n<td>290 mm<\/td>\n<td>50 pieces<\/td>\n<\/tr>\n<\/tbody>\n<\/table>\n<p>[\/et_pb_text][\/et_pb_column][\/et_pb_row][\/et_pb_section]<\/p>\n","protected":false},"excerpt":{"rendered":"<p>Pipe clamp fastening masonry &#8211; PIPER The specially shaped cover cap drains rainwater away from the fa\u00e7ade and fits all types of pipe clamps. The sealing lip prevents the draining water from entering the facade! The Piper is perfect for the quick and easy installation of pipe clamps in all VWS fa\u00e7ades! Buy long shank [&hellip;]<\/p>\n","protected":false},"author":2,"featured_media":0,"parent":0,"menu_order":28,"comment_status":"closed","ping_status":"closed","template":"","meta":{"_et_pb_use_builder":"on","_et_pb_old_content":"","_et_gb_content_width":"","footnotes":""},"class_list":["post-5703","page","type-page","status-publish","hentry"],"yoast_head":"<!-- This site is optimized with the Yoast SEO plugin v26.9 - https:\/\/yoast.com\/product\/yoast-seo-wordpress\/ -->\n<title>Pipe clamp fastening masonry - PIPER &#183; KTS Kunststofftechnik - D\u00fcbel \/ Befestigungstechnik<\/title>\n<meta name=\"description\" content=\"PIPER - Pipe clamp fixing masonry - For quick, easy mounting of pipe clamps in all VWS facades!\" \/>\n<meta name=\"robots\" content=\"index, follow, max-snippet:-1, max-image-preview:large, max-video-preview:-1\" \/>\n<link rel=\"canonical\" href=\"https:\/\/kts-duebel.de\/en\/pipe-clamp-fastening-masonry-piper\/\" \/>\n<meta property=\"og:locale\" content=\"en_US\" \/>\n<meta property=\"og:type\" content=\"article\" \/>\n<meta property=\"og:title\" content=\"Pipe clamp fastening masonry - PIPER &#183; KTS Kunststofftechnik - D\u00fcbel \/ Befestigungstechnik\" \/>\n<meta property=\"og:description\" content=\"PIPER - Pipe clamp fixing masonry - For quick, easy mounting of pipe clamps in all VWS facades!\" \/>\n<meta property=\"og:url\" content=\"https:\/\/kts-duebel.de\/en\/pipe-clamp-fastening-masonry-piper\/\" \/>\n<meta property=\"og:site_name\" content=\"KTS Kunststofftechnik - D\u00fcbel \/ Befestigungstechnik\" \/>\n<meta property=\"article:publisher\" content=\"https:\/\/www.facebook.com\/KtS-Kunststofftechnik-GmbH-111544753881915\/\" \/>\n<meta property=\"article:modified_time\" content=\"2024-08-31T15:13:52+00:00\" \/>\n<meta name=\"twitter:card\" content=\"summary_large_image\" \/>\n<meta name=\"twitter:label1\" content=\"Est. reading time\" \/>\n\t<meta name=\"twitter:data1\" content=\"4 minutes\" \/>\n<script type=\"application\/ld+json\" class=\"yoast-schema-graph\">{\"@context\":\"https:\/\/schema.org\",\"@graph\":[{\"@type\":\"WebPage\",\"@id\":\"https:\/\/kts-duebel.de\/en\/pipe-clamp-fastening-masonry-piper\/\",\"url\":\"https:\/\/kts-duebel.de\/en\/pipe-clamp-fastening-masonry-piper\/\",\"name\":\"Pipe clamp fastening masonry - PIPER &#183; KTS Kunststofftechnik - D\u00fcbel \/ Befestigungstechnik\",\"isPartOf\":{\"@id\":\"https:\/\/kts-duebel.de\/en\/#website\"},\"datePublished\":\"2012-01-22T13:27:34+00:00\",\"dateModified\":\"2024-08-31T15:13:52+00:00\",\"description\":\"PIPER - Pipe clamp fixing masonry - For quick, easy mounting of pipe clamps in all VWS facades!\",\"breadcrumb\":{\"@id\":\"https:\/\/kts-duebel.de\/en\/pipe-clamp-fastening-masonry-piper\/#breadcrumb\"},\"inLanguage\":\"en-US\",\"potentialAction\":[{\"@type\":\"ReadAction\",\"target\":[\"https:\/\/kts-duebel.de\/en\/pipe-clamp-fastening-masonry-piper\/\"]}]},{\"@type\":\"BreadcrumbList\",\"@id\":\"https:\/\/kts-duebel.de\/en\/pipe-clamp-fastening-masonry-piper\/#breadcrumb\",\"itemListElement\":[{\"@type\":\"ListItem\",\"position\":1,\"name\":\"Home\",\"item\":\"https:\/\/kts-duebel.de\/en\/home\/\"},{\"@type\":\"ListItem\",\"position\":2,\"name\":\"Dowel technology\",\"item\":\"https:\/\/kts-duebel.de\/en\/?page_id=5724\"},{\"@type\":\"ListItem\",\"position\":3,\"name\":\"Pipe clamp fastening masonry &#8211; PIPER\"}]},{\"@type\":\"WebSite\",\"@id\":\"https:\/\/kts-duebel.de\/en\/#website\",\"url\":\"https:\/\/kts-duebel.de\/en\/\",\"name\":\"KTS Kunststofftechnik - D\u00fcbel \/ Befestigungstechnik\",\"description\":\"\",\"publisher\":{\"@id\":\"https:\/\/kts-duebel.de\/en\/#organization\"},\"potentialAction\":[{\"@type\":\"SearchAction\",\"target\":{\"@type\":\"EntryPoint\",\"urlTemplate\":\"https:\/\/kts-duebel.de\/en\/?s={search_term_string}\"},\"query-input\":{\"@type\":\"PropertyValueSpecification\",\"valueRequired\":true,\"valueName\":\"search_term_string\"}}],\"inLanguage\":\"en-US\"},{\"@type\":\"Organization\",\"@id\":\"https:\/\/kts-duebel.de\/en\/#organization\",\"name\":\"KTS Kunststofftechnik GmbH\",\"url\":\"https:\/\/kts-duebel.de\/en\/\",\"logo\":{\"@type\":\"ImageObject\",\"inLanguage\":\"en-US\",\"@id\":\"https:\/\/kts-duebel.de\/en\/#\/schema\/logo\/image\/\",\"url\":\"https:\/\/kts-duebel.de\/wp-content\/uploads\/2016\/03\/logo.png\",\"contentUrl\":\"https:\/\/kts-duebel.de\/wp-content\/uploads\/2016\/03\/logo.png\",\"width\":512,\"height\":512,\"caption\":\"KTS Kunststofftechnik GmbH\"},\"image\":{\"@id\":\"https:\/\/kts-duebel.de\/en\/#\/schema\/logo\/image\/\"},\"sameAs\":[\"https:\/\/www.facebook.com\/KtS-Kunststofftechnik-GmbH-111544753881915\/\"]}]}<\/script>\n<!-- \/ Yoast SEO plugin. -->","yoast_head_json":{"title":"Pipe clamp fastening masonry - PIPER &#183; KTS Kunststofftechnik - D\u00fcbel \/ Befestigungstechnik","description":"PIPER - Pipe clamp fixing masonry - For quick, easy mounting of pipe clamps in all VWS facades!","robots":{"index":"index","follow":"follow","max-snippet":"max-snippet:-1","max-image-preview":"max-image-preview:large","max-video-preview":"max-video-preview:-1"},"canonical":"https:\/\/kts-duebel.de\/en\/pipe-clamp-fastening-masonry-piper\/","og_locale":"en_US","og_type":"article","og_title":"Pipe clamp fastening masonry - PIPER &#183; KTS Kunststofftechnik - D\u00fcbel \/ Befestigungstechnik","og_description":"PIPER - Pipe clamp fixing masonry - For quick, easy mounting of pipe clamps in all VWS facades!","og_url":"https:\/\/kts-duebel.de\/en\/pipe-clamp-fastening-masonry-piper\/","og_site_name":"KTS Kunststofftechnik - D\u00fcbel \/ Befestigungstechnik","article_publisher":"https:\/\/www.facebook.com\/KtS-Kunststofftechnik-GmbH-111544753881915\/","article_modified_time":"2024-08-31T15:13:52+00:00","twitter_card":"summary_large_image","twitter_misc":{"Est. reading time":"4 minutes"},"schema":{"@context":"https:\/\/schema.org","@graph":[{"@type":"WebPage","@id":"https:\/\/kts-duebel.de\/en\/pipe-clamp-fastening-masonry-piper\/","url":"https:\/\/kts-duebel.de\/en\/pipe-clamp-fastening-masonry-piper\/","name":"Pipe clamp fastening masonry - PIPER &#183; KTS Kunststofftechnik - D\u00fcbel \/ Befestigungstechnik","isPartOf":{"@id":"https:\/\/kts-duebel.de\/en\/#website"},"datePublished":"2012-01-22T13:27:34+00:00","dateModified":"2024-08-31T15:13:52+00:00","description":"PIPER - Pipe clamp fixing masonry - For quick, easy mounting of pipe clamps in all VWS facades!","breadcrumb":{"@id":"https:\/\/kts-duebel.de\/en\/pipe-clamp-fastening-masonry-piper\/#breadcrumb"},"inLanguage":"en-US","potentialAction":[{"@type":"ReadAction","target":["https:\/\/kts-duebel.de\/en\/pipe-clamp-fastening-masonry-piper\/"]}]},{"@type":"BreadcrumbList","@id":"https:\/\/kts-duebel.de\/en\/pipe-clamp-fastening-masonry-piper\/#breadcrumb","itemListElement":[{"@type":"ListItem","position":1,"name":"Home","item":"https:\/\/kts-duebel.de\/en\/home\/"},{"@type":"ListItem","position":2,"name":"Dowel technology","item":"https:\/\/kts-duebel.de\/en\/?page_id=5724"},{"@type":"ListItem","position":3,"name":"Pipe clamp fastening masonry &#8211; PIPER"}]},{"@type":"WebSite","@id":"https:\/\/kts-duebel.de\/en\/#website","url":"https:\/\/kts-duebel.de\/en\/","name":"KTS Kunststofftechnik - D\u00fcbel \/ Befestigungstechnik","description":"","publisher":{"@id":"https:\/\/kts-duebel.de\/en\/#organization"},"potentialAction":[{"@type":"SearchAction","target":{"@type":"EntryPoint","urlTemplate":"https:\/\/kts-duebel.de\/en\/?s={search_term_string}"},"query-input":{"@type":"PropertyValueSpecification","valueRequired":true,"valueName":"search_term_string"}}],"inLanguage":"en-US"},{"@type":"Organization","@id":"https:\/\/kts-duebel.de\/en\/#organization","name":"KTS Kunststofftechnik GmbH","url":"https:\/\/kts-duebel.de\/en\/","logo":{"@type":"ImageObject","inLanguage":"en-US","@id":"https:\/\/kts-duebel.de\/en\/#\/schema\/logo\/image\/","url":"https:\/\/kts-duebel.de\/wp-content\/uploads\/2016\/03\/logo.png","contentUrl":"https:\/\/kts-duebel.de\/wp-content\/uploads\/2016\/03\/logo.png","width":512,"height":512,"caption":"KTS Kunststofftechnik GmbH"},"image":{"@id":"https:\/\/kts-duebel.de\/en\/#\/schema\/logo\/image\/"},"sameAs":["https:\/\/www.facebook.com\/KtS-Kunststofftechnik-GmbH-111544753881915\/"]}]}},"_links":{"self":[{"href":"https:\/\/kts-duebel.de\/en\/wp-json\/wp\/v2\/pages\/5703","targetHints":{"allow":["GET"]}}],"collection":[{"href":"https:\/\/kts-duebel.de\/en\/wp-json\/wp\/v2\/pages"}],"about":[{"href":"https:\/\/kts-duebel.de\/en\/wp-json\/wp\/v2\/types\/page"}],"author":[{"embeddable":true,"href":"https:\/\/kts-duebel.de\/en\/wp-json\/wp\/v2\/users\/2"}],"replies":[{"embeddable":true,"href":"https:\/\/kts-duebel.de\/en\/wp-json\/wp\/v2\/comments?post=5703"}],"version-history":[{"count":10,"href":"https:\/\/kts-duebel.de\/en\/wp-json\/wp\/v2\/pages\/5703\/revisions"}],"predecessor-version":[{"id":7520,"href":"https:\/\/kts-duebel.de\/en\/wp-json\/wp\/v2\/pages\/5703\/revisions\/7520"}],"wp:attachment":[{"href":"https:\/\/kts-duebel.de\/en\/wp-json\/wp\/v2\/media?parent=5703"}],"curies":[{"name":"wp","href":"https:\/\/api.w.org\/{rel}","templated":true}]}}