{"id":5700,"date":"2009-05-09T13:41:42","date_gmt":"2009-05-09T12:41:42","guid":{"rendered":"https:\/\/kts-duebel.de\/hollow-block-dowel-hd-trucker-one\/"},"modified":"2022-10-05T13:41:24","modified_gmt":"2022-10-05T12:41:24","slug":"hollow-block-dowel-hd-trucker-one","status":"publish","type":"page","link":"https:\/\/kts-duebel.de\/en\/hollow-block-dowel-hd-trucker-one\/","title":{"rendered":"Hollow block dowel &#8211; HD &#8211; TRUCKER ONE"},"content":{"rendered":"<p>[et_pb_section fb_built=&#8221;1&#8243; custom_padding_last_edited=&#8221;on|desktop&#8221; admin_label=&#8221;section&#8221; _builder_version=&#8221;4.16&#8243; background_color=&#8221;#ffffff&#8221; custom_padding_tablet=&#8221;50px|0|50px|0&#8243; custom_padding_phone=&#8221;&#8221; transparent_background=&#8221;off&#8221; padding_mobile=&#8221;off&#8221; make_fullwidth=&#8221;off&#8221; use_custom_width=&#8221;off&#8221; width_unit=&#8221;on&#8221; global_colors_info=&#8221;{}&#8221;][et_pb_row column_structure=&#8221;1_2,1_2&#8243; padding_mobile=&#8221;off&#8221; admin_label=&#8221;row&#8221; _builder_version=&#8221;4.16&#8243; background_size=&#8221;initial&#8221; background_position=&#8221;top_left&#8221; background_repeat=&#8221;repeat&#8221; make_fullwidth=&#8221;off&#8221; use_custom_width=&#8221;off&#8221; width_unit=&#8221;on&#8221; global_colors_info=&#8221;{}&#8221;][et_pb_column type=&#8221;1_2&#8243; _builder_version=&#8221;4.16&#8243; custom_padding=&#8221;|||&#8221; global_colors_info=&#8221;{}&#8221; custom_padding__hover=&#8221;|||&#8221;][et_pb_image src=&#8221;https:\/\/kts-duebel.de\/wp-content\/uploads\/2009\/05\/Trucker-One-HD-Hohlblcokd\u00fcbel-1.jpg&#8221; alt=&#8221;TRUCKER ONE &#8211; HD &#8211; Hollow Block Dowel&#8221; align_tablet=&#8221;center&#8221; align_phone=&#8221;&#8221; align_last_edited=&#8221;on|desktop&#8221; admin_label=&#8221;Bild&#8221; _builder_version=&#8221;4.16&#8243; custom_margin=&#8221;|50||100&#8243; animation=&#8221;off&#8221; sticky=&#8221;off&#8221; use_border_color=&#8221;off&#8221; border_color=&#8221;#ffffff&#8221; border_style=&#8221;solid&#8221; always_center_on_mobile=&#8221;on&#8221; global_colors_info=&#8221;{}&#8221;][\/et_pb_image][\/et_pb_column][et_pb_column type=&#8221;1_2&#8243; _builder_version=&#8221;4.16&#8243; custom_padding=&#8221;|||&#8221; global_colors_info=&#8221;{}&#8221; custom_padding__hover=&#8221;|||&#8221;][et_pb_text admin_label=&#8221;Text&#8221; _builder_version=&#8221;4.18.0&#8243; background_size=&#8221;initial&#8221; background_position=&#8221;top_left&#8221; background_repeat=&#8221;repeat&#8221; custom_margin=&#8221;|50||&#8221; hover_enabled=&#8221;0&#8243; use_border_color=&#8221;off&#8221; border_color=&#8221;#ffffff&#8221; border_style=&#8221;solid&#8221; global_colors_info=&#8221;{}&#8221; sticky_enabled=&#8221;0&#8243;]<\/p>\n<h1>Hollow block dowel &#8211; HD &#8211; TRUCKER ONE<\/h1>\n<p>The long expansion part of the KTS Hollow Block Anchor &#8211; HD &#8211; TRUCKER ONE bridges the cavities of the different building materials and thus guarantees a secure fixing due to its expansion effect. The additional anti-rotation devices prevent rotation even under unfavorable conditions.<\/p>\n<p>USE: perforated bricks, hollow blocks, sand-lime bricks, aerated concrete, lightweight concrete, solid pumice blocks, etc.<\/p>\n<p>[\/et_pb_text][\/et_pb_column][\/et_pb_row][et_pb_row padding_mobile=&#8221;off&#8221; column_padding_mobile=&#8221;on&#8221; admin_label=&#8221;row&#8221; _builder_version=&#8221;4.16&#8243; background_size=&#8221;initial&#8221; background_position=&#8221;top_left&#8221; background_repeat=&#8221;repeat&#8221; make_fullwidth=&#8221;off&#8221; use_custom_width=&#8221;off&#8221; width_unit=&#8221;on&#8221; custom_width_px=&#8221;700&#8243; global_colors_info=&#8221;{}&#8221;][et_pb_column type=&#8221;4_4&#8243; _builder_version=&#8221;4.16&#8243; custom_padding=&#8221;|||&#8221; global_colors_info=&#8221;{}&#8221; custom_padding__hover=&#8221;|||&#8221;][et_pb_text admin_label=&#8221;Text&#8221; _builder_version=&#8221;4.16&#8243; background_color=&#8221;#ffffff&#8221; background_size=&#8221;initial&#8221; background_position=&#8221;top_left&#8221; background_repeat=&#8221;repeat&#8221; use_border_color=&#8221;off&#8221; border_color=&#8221;#ffffff&#8221; border_style=&#8221;solid&#8221; global_colors_info=&#8221;{}&#8221;]<\/p>\n<table class=\"producttable\" border=\"0\">\n<thead>\n<tr>\n<th colspan=\"6\">Technical data TRUCKER ONE &#8211; HD &#8211; Hollow block anchor<\/th>\n<\/tr>\n<\/thead>\n<tbody>\n<tr>\n<td><\/td>\n<td>Small packaging<\/td>\n<td><strong>10 x 100 mm<\/strong><\/td>\n<td><strong>10 x 120 mm<\/strong><\/td>\n<td><strong>10 x 140 mm<\/strong><\/td>\n<td><strong>10 x 160 mm<\/strong><\/td>\n<\/tr>\n<tr>\n<td>Article-No.<\/td>\n<td><strong>pozi 4<\/strong><\/td>\n<td>1251010041<\/td>\n<td>1251012041<\/td>\n<td>1251014041<\/td>\n<td>1251016041<\/td>\n<\/tr>\n<tr>\n<td>Article-No.<\/td>\n<td><strong>TORX<\/strong><\/td>\n<td>1251010044<\/td>\n<td>1251012044<\/td>\n<td>1251014044<\/td>\n<td>1251016044<\/td>\n<\/tr>\n<tr>\n<td>Countersunk wood screw mm<\/td>\n<td><\/td>\n<td>7 x 105<\/td>\n<td>7 x 125<\/td>\n<td>7 x 145<\/td>\n<td>7 x 165<\/td>\n<\/tr>\n<tr>\n<td>Packaging unit<\/td>\n<td>Piece<\/td>\n<td>50 \/ 250<\/td>\n<td>50 \/ 250<\/td>\n<td>50 \/ 250<\/td>\n<td>50 \/ 250<\/td>\n<\/tr>\n<tr>\n<td>Weight per packing unit<\/td>\n<td><strong>pozi 4<\/strong><\/td>\n<td>7.6 kg.<\/td>\n<td>8.6 kg.<\/td>\n<td>10.8 kg.<\/td>\n<td>12.7 kg.<\/td>\n<\/tr>\n<tr>\n<td>Weight per packing unit<\/td>\n<td><strong>TORX<\/strong><\/td>\n<td>7.6 kg.<\/td>\n<td>8.6 kg.<\/td>\n<td>10.8 kg.<\/td>\n<td>12.7 kg.<\/td>\n<\/tr>\n<\/tbody>\n<\/table>\n<p>&nbsp;<\/p>\n<table class=\"producttable\" border=\"0\">\n<thead>\n<tr>\n<th colspan=\"5\">Werkspr\u00fcfung TRUCKER ONE &#8211; HD &#8211; Hollow Block Dowel<\/th>\n<\/tr>\n<\/thead>\n<tbody>\n<tr>\n<td colspan=\"5\">Material: NYLON (polyamide 6)<\/td>\n<\/tr>\n<tr>\n<td>Diameter mm<\/td>\n<td>10<\/td>\n<td>10<\/td>\n<td>10<\/td>\n<td>10<\/td>\n<\/tr>\n<tr>\n<td>Length mm<\/td>\n<td>100<\/td>\n<td>120<\/td>\n<td>140<\/td>\n<td>160<\/td>\n<\/tr>\n<tr>\n<td>Drill hole \u00d8 mm<\/td>\n<td>10<\/td>\n<td>10<\/td>\n<td>10<\/td>\n<td>10<\/td>\n<\/tr>\n<tr>\n<td>Minimum hole depth mm<\/td>\n<td>110<\/td>\n<td>130<\/td>\n<td>150<\/td>\n<td>170<\/td>\n<\/tr>\n<tr>\n<td>Minimum installation depth mm<\/td>\n<td>100<\/td>\n<td>120<\/td>\n<td>140<\/td>\n<td>160<\/td>\n<\/tr>\n<tr>\n<td>Maximum useful length mm<\/td>\n<td>20<\/td>\n<td>35<\/td>\n<td>55<\/td>\n<td>80<\/td>\n<\/tr>\n<tr>\n<td>Concrete pull-out value (kN)*<\/td>\n<td>2,50<\/td>\n<td>2,50<\/td>\n<td>2,50<\/td>\n<td>2,50<\/td>\n<\/tr>\n<tr>\n<td>Pull-out value lightweight concrete (kN)*<\/td>\n<td>1,50<\/td>\n<td>1,50<\/td>\n<td>1,50<\/td>\n<td>1,50<\/td>\n<\/tr>\n<tr>\n<td>Pull-out value of aerated concrete (kN)*<\/td>\n<td>0,70<\/td>\n<td>0,70<\/td>\n<td>0,70<\/td>\n<td>0,70<\/td>\n<\/tr>\n<\/tbody>\n<\/table>\n<p>&nbsp;<br \/>\n[\/et_pb_text][et_pb_image src=&#8221;https:\/\/kts-duebel.de\/wp-content\/uploads\/2009\/05\/Trucker-One-HD-Hohlblockd\u00fcbel-1.jpg&#8221; align=&#8221;center&#8221; align_tablet=&#8221;center&#8221; align_phone=&#8221;&#8221; align_last_edited=&#8221;on|desktop&#8221; admin_label=&#8221;Bild&#8221; _builder_version=&#8221;4.16&#8243; custom_margin=&#8221;|50||100&#8243; animation=&#8221;off&#8221; sticky=&#8221;off&#8221; use_border_color=&#8221;off&#8221; border_color=&#8221;#ffffff&#8221; border_style=&#8221;solid&#8221; always_center_on_mobile=&#8221;on&#8221; global_colors_info=&#8221;{}&#8221;][\/et_pb_image][\/et_pb_column][\/et_pb_row][\/et_pb_section]<\/p>\n","protected":false},"excerpt":{"rendered":"<p>Hollow block dowel &#8211; HD &#8211; TRUCKER ONE The long expansion part of the KTS Hollow Block Anchor &#8211; HD &#8211; TRUCKER ONE bridges the cavities of the different building materials and thus guarantees a secure fixing due to its expansion effect. The additional anti-rotation devices prevent rotation even under unfavorable conditions. USE: perforated bricks, [&hellip;]<\/p>\n","protected":false},"author":2,"featured_media":0,"parent":0,"menu_order":12,"comment_status":"closed","ping_status":"closed","template":"","meta":{"_et_pb_use_builder":"on","_et_pb_old_content":"<table border=\"0\">\r\n<tbody>\r\n<tr>\r\n<td valign=\"top\"><img class=\"alignnone size-full wp-image-122\" title=\"HD - Hohlblockd\u00fcbel\" src=\"https:\/\/kts-duebel.de\/wp-content\/uploads\/2009\/05\/8.jpg\" alt=\"HD - Hohlblockd\u00fcbel\" width=\"309\" height=\"181\" \/><\/td>\r\n<td style=\"width: 25px;\"><\/td>\r\n<td valign=\"top\">EINSATZBEREICH: Lochziegel, Hohlblocksteine, Kalksandsteine, Porenbeton, Leichtbeton, Bimsvollstein, usw.\r\n\r\nDer lange Spreizteil des KTS Hohlblockd\u00fcbels \u00fcberbr\u00fcckt die Hohlr\u00e4ume der verschiedenen Baustoffe und garantiert somit eine sichere Befestigung durch seine Spreizwirkung. Die zus\u00e4tzlichen Drehsicherungen verhindern ein Mitdrehen auch unter ung\u00fcnstigen Bedingungen.<\/td>\r\n<\/tr>\r\n<\/tbody>\r\n<\/table>\r\n\u00a0\r\n<table class=\"producttable\" border=\"0\">\r\n<thead>\r\n<tr style=\"background-color: #dcdcdc;\">\r\n<th colspan=\"6\">Leistungsdaten HD - Hohlblockd\u00fcbel<\/th>\r\n<\/tr>\r\n<\/thead>\r\n<tbody>\r\n<tr>\r\n<td><\/td>\r\n<td style=\"text-align: center;\">Kleinverpackung<\/td>\r\n<td style=\"text-align: center;\"><strong>10 x 100 mm<\/strong><\/td>\r\n<td style=\"text-align: center;\"><strong>10 x 120 mm<\/strong><\/td>\r\n<td style=\"text-align: center;\"><strong>10 x 140 mm<\/strong><\/td>\r\n<td style=\"text-align: center;\"><strong>10 x 160 mm<\/strong><\/td>\r\n<\/tr>\r\n<tr style=\"background-color: #dcdcdc;\">\r\n<td>Artikelnummer<\/td>\r\n<td style=\"text-align: center;\"><strong>pozi 4<\/strong><\/td>\r\n<td style=\"text-align: center;\">1251010041<\/td>\r\n<td style=\"text-align: center;\">1251012041<\/td>\r\n<td style=\"text-align: center;\">1251014041<\/td>\r\n<td style=\"text-align: center;\">1251016041<\/td>\r\n<\/tr>\r\n<tr>\r\n<td>Artikelnummer<\/td>\r\n<td style=\"text-align: center;\"><strong>TORX<\/strong><\/td>\r\n<td style=\"text-align: center;\">1251010044<\/td>\r\n<td style=\"text-align: center;\">1251012044<\/td>\r\n<td style=\"text-align: center;\">1251014044<\/td>\r\n<td style=\"text-align: center;\">1251016044<\/td>\r\n<\/tr>\r\n<tr style=\"background-color: #dcdcdc;\">\r\n<td>Senkholzschraube mm<\/td>\r\n<td style=\"text-align: center;\"><\/td>\r\n<td style=\"text-align: center;\">7 x 105<\/td>\r\n<td style=\"text-align: center;\">7 x 125<\/td>\r\n<td style=\"text-align: center;\">7 x 145<\/td>\r\n<td style=\"text-align: center;\">7 x 165<\/td>\r\n<\/tr>\r\n<tr>\r\n<td>Verpackungseinheit<\/td>\r\n<td style=\"text-align: center;\">St\u00fcck<\/td>\r\n<td style=\"text-align: center;\">50 \/ 250<\/td>\r\n<td style=\"text-align: center;\">50 \/ 250<\/td>\r\n<td style=\"text-align: center;\">50 \/ 250<\/td>\r\n<td style=\"text-align: center;\">50 \/ 250<\/td>\r\n<\/tr>\r\n<tr style=\"background-color: #dcdcdc;\">\r\n<td>Gewicht pro VE<\/td>\r\n<td style=\"text-align: center;\"><strong>pozi 4<\/strong><\/td>\r\n<td style=\"text-align: center;\">7,6 kg.<\/td>\r\n<td style=\"text-align: center;\">8,6 kg.<\/td>\r\n<td style=\"text-align: center;\">10,8 kg.<\/td>\r\n<td style=\"text-align: center;\">12,7 kg.<\/td>\r\n<\/tr>\r\n<tr>\r\n<td>Gewicht pro VE<\/td>\r\n<td style=\"text-align: center;\"><strong>TORX<\/strong><\/td>\r\n<td style=\"text-align: center;\">7,6 kg.<\/td>\r\n<td style=\"text-align: center;\">8,6 kg.<\/td>\r\n<td style=\"text-align: center;\">10,8 kg.<\/td>\r\n<td style=\"text-align: center;\">12,7 kg.<\/td>\r\n<\/tr>\r\n<\/tbody>\r\n<\/table>\r\n\u00a0\r\n<table class=\"producttable\" border=\"0\">\r\n<thead>\r\n<tr style=\"background-color: #dcdcdc;\">\r\n<th colspan=\"5\">Werkspr\u00fcfung HD - Hohlblockd\u00fcbel<\/th>\r\n<\/tr>\r\n<\/thead>\r\n<tbody>\r\n<tr>\r\n<td colspan=\"5\">Material: NYLON (Polyamid 6)<\/td>\r\n<\/tr>\r\n<tr style=\"background-color: #dcdcdc;\">\r\n<td>Durchmesser mm<\/td>\r\n<td style=\"text-align: center;\">10<\/td>\r\n<td style=\"text-align: center;\">10<\/td>\r\n<td style=\"text-align: center;\">10<\/td>\r\n<td style=\"text-align: center;\">10<\/td>\r\n<\/tr>\r\n<tr>\r\n<td>L\u00e4nge mm<\/td>\r\n<td style=\"text-align: center;\">100<\/td>\r\n<td style=\"text-align: center;\">120<\/td>\r\n<td style=\"text-align: center;\">140<\/td>\r\n<td style=\"text-align: center;\">160<\/td>\r\n<\/tr>\r\n<tr style=\"background-color: #dcdcdc;\">\r\n<td>Bohrloch \u00d8 mm<\/td>\r\n<td style=\"text-align: center;\">10<\/td>\r\n<td style=\"text-align: center;\">10<\/td>\r\n<td style=\"text-align: center;\">10<\/td>\r\n<td style=\"text-align: center;\">10<\/td>\r\n<\/tr>\r\n<tr>\r\n<td>Mindestbohrlochtiefe mm<\/td>\r\n<td style=\"text-align: center;\">110<\/td>\r\n<td style=\"text-align: center;\">130<\/td>\r\n<td style=\"text-align: center;\">150<\/td>\r\n<td style=\"text-align: center;\">170<\/td>\r\n<\/tr>\r\n<tr style=\"background-color: #dcdcdc;\">\r\n<td>Mindesteinbautiefe mm<\/td>\r\n<td style=\"text-align: center;\">100<\/td>\r\n<td style=\"text-align: center;\">120<\/td>\r\n<td style=\"text-align: center;\">140<\/td>\r\n<td style=\"text-align: center;\">160<\/td>\r\n<\/tr>\r\n<tr>\r\n<td>Maximale Nutzl\u00e4nge mm<\/td>\r\n<td style=\"text-align: center;\">20<\/td>\r\n<td style=\"text-align: center;\">35<\/td>\r\n<td style=\"text-align: center;\">55<\/td>\r\n<td style=\"text-align: center;\">80<\/td>\r\n<\/tr>\r\n<tr style=\"background-color: #dcdcdc;\">\r\n<td>Auszugswert Beton (kN)*<\/td>\r\n<td style=\"text-align: center;\">2,50<\/td>\r\n<td style=\"text-align: center;\">2,50<\/td>\r\n<td style=\"text-align: center;\">2,50<\/td>\r\n<td style=\"text-align: center;\">2,50<\/td>\r\n<\/tr>\r\n<tr>\r\n<td>Auszugswert Leichtbeton (kN)*<\/td>\r\n<td style=\"text-align: center;\">1,50<\/td>\r\n<td style=\"text-align: center;\">1,50<\/td>\r\n<td style=\"text-align: center;\">1,50<\/td>\r\n<td style=\"text-align: center;\">1,50<\/td>\r\n<\/tr>\r\n<tr style=\"background-color: #dcdcdc;\">\r\n<td>Auszugswert Gasbeton (kN)*<\/td>\r\n<td style=\"text-align: center;\">0,70<\/td>\r\n<td style=\"text-align: center;\">0,70<\/td>\r\n<td style=\"text-align: center;\">0,70<\/td>\r\n<td style=\"text-align: center;\">0,70<\/td>\r\n<\/tr>\r\n<\/tbody>\r\n<\/table>\r\n\u00a0\r\n\r\n<span style=\"font-size: x-small;\">Diese Angaben sind als allgemeine Empfehlung zu betrachten. Es wird ausdr\u00fccklich darauf hingewiesen, dass diese D\u00fcbel nicht im bauaufsichtlichen Bereich (z.B. zur Befestigung von Fassadenunterkonstruktionen, D\u00e4chern usw.) verwendet werden d\u00fcrfen.<\/span>\r\n\r\n<span style=\"font-size: xx-small;\"><span style=\"font-size: small;\"><strong>* Sicherheitsfaktor 3<\/strong><\/span>\r\n<\/span>","_et_gb_content_width":"","footnotes":""},"class_list":["post-5700","page","type-page","status-publish","hentry"],"yoast_head":"<!-- This site is optimized with the Yoast SEO plugin v26.9 - https:\/\/yoast.com\/product\/yoast-seo-wordpress\/ -->\n<title>Hollow block dowel - HD - TRUCKER ONE &#183; KTS Kunststofftechnik - D\u00fcbel \/ Befestigungstechnik<\/title>\n<meta name=\"description\" content=\"TRUCKER ONE - HD - Hollow block anchor - FIELD OF APPLICATION: perforated bricks, hollow blocks, sand-lime bricks, aerated concrete, lightweight concrete, solid pumice blocks,\" \/>\n<meta name=\"robots\" content=\"index, follow, max-snippet:-1, max-image-preview:large, max-video-preview:-1\" \/>\n<link rel=\"canonical\" href=\"https:\/\/kts-duebel.de\/en\/hollow-block-dowel-hd-trucker-one\/\" \/>\n<meta property=\"og:locale\" content=\"en_US\" \/>\n<meta property=\"og:type\" content=\"article\" \/>\n<meta property=\"og:title\" content=\"Hollow block dowel - HD - TRUCKER ONE &#183; KTS Kunststofftechnik - D\u00fcbel \/ Befestigungstechnik\" \/>\n<meta property=\"og:description\" content=\"TRUCKER ONE - HD - Hollow block anchor - FIELD OF APPLICATION: perforated bricks, hollow blocks, sand-lime bricks, aerated concrete, lightweight concrete, solid pumice blocks,\" \/>\n<meta property=\"og:url\" content=\"https:\/\/kts-duebel.de\/en\/hollow-block-dowel-hd-trucker-one\/\" \/>\n<meta property=\"og:site_name\" content=\"KTS Kunststofftechnik - D\u00fcbel \/ Befestigungstechnik\" \/>\n<meta property=\"article:publisher\" content=\"https:\/\/www.facebook.com\/KtS-Kunststofftechnik-GmbH-111544753881915\/\" \/>\n<meta property=\"article:modified_time\" content=\"2022-10-05T12:41:24+00:00\" \/>\n<meta name=\"twitter:card\" content=\"summary_large_image\" \/>\n<meta name=\"twitter:label1\" content=\"Est. reading time\" \/>\n\t<meta name=\"twitter:data1\" content=\"3 minutes\" \/>\n<script type=\"application\/ld+json\" class=\"yoast-schema-graph\">{\"@context\":\"https:\/\/schema.org\",\"@graph\":[{\"@type\":\"WebPage\",\"@id\":\"https:\/\/kts-duebel.de\/en\/hollow-block-dowel-hd-trucker-one\/\",\"url\":\"https:\/\/kts-duebel.de\/en\/hollow-block-dowel-hd-trucker-one\/\",\"name\":\"Hollow block dowel - HD - TRUCKER ONE &#183; KTS Kunststofftechnik - D\u00fcbel \/ Befestigungstechnik\",\"isPartOf\":{\"@id\":\"https:\/\/kts-duebel.de\/en\/#website\"},\"datePublished\":\"2009-05-09T12:41:42+00:00\",\"dateModified\":\"2022-10-05T12:41:24+00:00\",\"description\":\"TRUCKER ONE - HD - Hollow block anchor - FIELD OF APPLICATION: perforated bricks, hollow blocks, sand-lime bricks, aerated concrete, lightweight concrete, solid pumice blocks,\",\"breadcrumb\":{\"@id\":\"https:\/\/kts-duebel.de\/en\/hollow-block-dowel-hd-trucker-one\/#breadcrumb\"},\"inLanguage\":\"en-US\",\"potentialAction\":[{\"@type\":\"ReadAction\",\"target\":[\"https:\/\/kts-duebel.de\/en\/hollow-block-dowel-hd-trucker-one\/\"]}]},{\"@type\":\"BreadcrumbList\",\"@id\":\"https:\/\/kts-duebel.de\/en\/hollow-block-dowel-hd-trucker-one\/#breadcrumb\",\"itemListElement\":[{\"@type\":\"ListItem\",\"position\":1,\"name\":\"Home\",\"item\":\"https:\/\/kts-duebel.de\/en\/home\/\"},{\"@type\":\"ListItem\",\"position\":2,\"name\":\"Hollow block dowel &#8211; HD &#8211; TRUCKER ONE\"}]},{\"@type\":\"WebSite\",\"@id\":\"https:\/\/kts-duebel.de\/en\/#website\",\"url\":\"https:\/\/kts-duebel.de\/en\/\",\"name\":\"KTS Kunststofftechnik - D\u00fcbel \/ Befestigungstechnik\",\"description\":\"\",\"publisher\":{\"@id\":\"https:\/\/kts-duebel.de\/en\/#organization\"},\"potentialAction\":[{\"@type\":\"SearchAction\",\"target\":{\"@type\":\"EntryPoint\",\"urlTemplate\":\"https:\/\/kts-duebel.de\/en\/?s={search_term_string}\"},\"query-input\":{\"@type\":\"PropertyValueSpecification\",\"valueRequired\":true,\"valueName\":\"search_term_string\"}}],\"inLanguage\":\"en-US\"},{\"@type\":\"Organization\",\"@id\":\"https:\/\/kts-duebel.de\/en\/#organization\",\"name\":\"KTS Kunststofftechnik GmbH\",\"url\":\"https:\/\/kts-duebel.de\/en\/\",\"logo\":{\"@type\":\"ImageObject\",\"inLanguage\":\"en-US\",\"@id\":\"https:\/\/kts-duebel.de\/en\/#\/schema\/logo\/image\/\",\"url\":\"https:\/\/kts-duebel.de\/wp-content\/uploads\/2016\/03\/logo.png\",\"contentUrl\":\"https:\/\/kts-duebel.de\/wp-content\/uploads\/2016\/03\/logo.png\",\"width\":512,\"height\":512,\"caption\":\"KTS Kunststofftechnik GmbH\"},\"image\":{\"@id\":\"https:\/\/kts-duebel.de\/en\/#\/schema\/logo\/image\/\"},\"sameAs\":[\"https:\/\/www.facebook.com\/KtS-Kunststofftechnik-GmbH-111544753881915\/\"]}]}<\/script>\n<!-- \/ Yoast SEO plugin. -->","yoast_head_json":{"title":"Hollow block dowel - HD - TRUCKER ONE &#183; KTS Kunststofftechnik - D\u00fcbel \/ Befestigungstechnik","description":"TRUCKER ONE - HD - Hollow block anchor - FIELD OF APPLICATION: perforated bricks, hollow blocks, sand-lime bricks, aerated concrete, lightweight concrete, solid pumice blocks,","robots":{"index":"index","follow":"follow","max-snippet":"max-snippet:-1","max-image-preview":"max-image-preview:large","max-video-preview":"max-video-preview:-1"},"canonical":"https:\/\/kts-duebel.de\/en\/hollow-block-dowel-hd-trucker-one\/","og_locale":"en_US","og_type":"article","og_title":"Hollow block dowel - HD - TRUCKER ONE &#183; KTS Kunststofftechnik - D\u00fcbel \/ Befestigungstechnik","og_description":"TRUCKER ONE - HD - Hollow block anchor - FIELD OF APPLICATION: perforated bricks, hollow blocks, sand-lime bricks, aerated concrete, lightweight concrete, solid pumice blocks,","og_url":"https:\/\/kts-duebel.de\/en\/hollow-block-dowel-hd-trucker-one\/","og_site_name":"KTS Kunststofftechnik - D\u00fcbel \/ Befestigungstechnik","article_publisher":"https:\/\/www.facebook.com\/KtS-Kunststofftechnik-GmbH-111544753881915\/","article_modified_time":"2022-10-05T12:41:24+00:00","twitter_card":"summary_large_image","twitter_misc":{"Est. reading time":"3 minutes"},"schema":{"@context":"https:\/\/schema.org","@graph":[{"@type":"WebPage","@id":"https:\/\/kts-duebel.de\/en\/hollow-block-dowel-hd-trucker-one\/","url":"https:\/\/kts-duebel.de\/en\/hollow-block-dowel-hd-trucker-one\/","name":"Hollow block dowel - HD - TRUCKER ONE &#183; KTS Kunststofftechnik - D\u00fcbel \/ Befestigungstechnik","isPartOf":{"@id":"https:\/\/kts-duebel.de\/en\/#website"},"datePublished":"2009-05-09T12:41:42+00:00","dateModified":"2022-10-05T12:41:24+00:00","description":"TRUCKER ONE - HD - Hollow block anchor - FIELD OF APPLICATION: perforated bricks, hollow blocks, sand-lime bricks, aerated concrete, lightweight concrete, solid pumice blocks,","breadcrumb":{"@id":"https:\/\/kts-duebel.de\/en\/hollow-block-dowel-hd-trucker-one\/#breadcrumb"},"inLanguage":"en-US","potentialAction":[{"@type":"ReadAction","target":["https:\/\/kts-duebel.de\/en\/hollow-block-dowel-hd-trucker-one\/"]}]},{"@type":"BreadcrumbList","@id":"https:\/\/kts-duebel.de\/en\/hollow-block-dowel-hd-trucker-one\/#breadcrumb","itemListElement":[{"@type":"ListItem","position":1,"name":"Home","item":"https:\/\/kts-duebel.de\/en\/home\/"},{"@type":"ListItem","position":2,"name":"Hollow block dowel &#8211; HD &#8211; TRUCKER ONE"}]},{"@type":"WebSite","@id":"https:\/\/kts-duebel.de\/en\/#website","url":"https:\/\/kts-duebel.de\/en\/","name":"KTS Kunststofftechnik - D\u00fcbel \/ Befestigungstechnik","description":"","publisher":{"@id":"https:\/\/kts-duebel.de\/en\/#organization"},"potentialAction":[{"@type":"SearchAction","target":{"@type":"EntryPoint","urlTemplate":"https:\/\/kts-duebel.de\/en\/?s={search_term_string}"},"query-input":{"@type":"PropertyValueSpecification","valueRequired":true,"valueName":"search_term_string"}}],"inLanguage":"en-US"},{"@type":"Organization","@id":"https:\/\/kts-duebel.de\/en\/#organization","name":"KTS Kunststofftechnik GmbH","url":"https:\/\/kts-duebel.de\/en\/","logo":{"@type":"ImageObject","inLanguage":"en-US","@id":"https:\/\/kts-duebel.de\/en\/#\/schema\/logo\/image\/","url":"https:\/\/kts-duebel.de\/wp-content\/uploads\/2016\/03\/logo.png","contentUrl":"https:\/\/kts-duebel.de\/wp-content\/uploads\/2016\/03\/logo.png","width":512,"height":512,"caption":"KTS Kunststofftechnik GmbH"},"image":{"@id":"https:\/\/kts-duebel.de\/en\/#\/schema\/logo\/image\/"},"sameAs":["https:\/\/www.facebook.com\/KtS-Kunststofftechnik-GmbH-111544753881915\/"]}]}},"_links":{"self":[{"href":"https:\/\/kts-duebel.de\/en\/wp-json\/wp\/v2\/pages\/5700","targetHints":{"allow":["GET"]}}],"collection":[{"href":"https:\/\/kts-duebel.de\/en\/wp-json\/wp\/v2\/pages"}],"about":[{"href":"https:\/\/kts-duebel.de\/en\/wp-json\/wp\/v2\/types\/page"}],"author":[{"embeddable":true,"href":"https:\/\/kts-duebel.de\/en\/wp-json\/wp\/v2\/users\/2"}],"replies":[{"embeddable":true,"href":"https:\/\/kts-duebel.de\/en\/wp-json\/wp\/v2\/comments?post=5700"}],"version-history":[{"count":10,"href":"https:\/\/kts-duebel.de\/en\/wp-json\/wp\/v2\/pages\/5700\/revisions"}],"predecessor-version":[{"id":6664,"href":"https:\/\/kts-duebel.de\/en\/wp-json\/wp\/v2\/pages\/5700\/revisions\/6664"}],"wp:attachment":[{"href":"https:\/\/kts-duebel.de\/en\/wp-json\/wp\/v2\/media?parent=5700"}],"curies":[{"name":"wp","href":"https:\/\/api.w.org\/{rel}","templated":true}]}}